{"id":107,"date":"2023-04-13T14:38:09","date_gmt":"2023-04-13T11:38:09","guid":{"rendered":"https:\/\/johnscotts.se\/arkadia\/?page_id=107"},"modified":"2026-04-12T16:14:40","modified_gmt":"2026-04-12T13:14:40","slug":"john-scotts-lunch","status":"publish","type":"page","link":"https:\/\/johnscotts.se\/arkadia\/john-scotts-lunch\/","title":{"rendered":"John Scott&#8217;s Lounas &#8211; John Scott&#8217;s Arkadia, Helsinki"},"content":{"rendered":"<div data-am-content><p data-start=\"235\" data-end=\"486\"><strong data-start=\"235\" data-end=\"267\">John Scott\u2019s Arkadian lounas<\/strong> tarjoaa maukasta ja rentoa ravintolalounasta <strong data-start=\"313\" data-end=\"344\">Helsingin Arkadian alueella<\/strong>, aivan Kampin ja T\u00f6\u00f6l\u00f6n l\u00e4heisyydess\u00e4. Meill\u00e4 lounashetki on helppo ja viihtyis\u00e4 \u2013 sopiva niin ty\u00f6p\u00e4iv\u00e4n tauolle kuin rennompaan tapaamiseen.<\/p>\n<p data-start=\"488\" data-end=\"715\">Lounas Arkadiassa valmistetaan laadukkaista raaka-aineista ja tarjoillaan mutkattomassa pubi- ja ravintolaymp\u00e4rist\u00f6ss\u00e4. John Scott\u2019s Arkadia on suosittu lounaspaikka Helsingiss\u00e4, jonne on helppo poiketa k\u00e4vellen tai julkisilla.<\/p>\n<p data-start=\"717\" data-end=\"800\">Tutustu p\u00e4iv\u00e4n lounastarjontaan ja tule nauttimaan lounasta John Scott\u2019s Arkadiaan.<\/p>\n<h3>VIIKKO 16<\/h3>\n<h4>BUFFETLOUNAS<\/h4>\n<p>13,50 \u20ac<\/p>\n<p><strong>MAANANTAI<\/strong><\/p>\n<p>P\u00e4iv\u00e4n keitto: Kermainen lohikeitto (L, G)<\/p>\n<p>Karjalanpaisti (M, G)<\/p>\n<p>Kanapy\u00f6ryk\u00e4t currykastikkeessa (L, G) Puolukkahillo (M, G)<\/p>\n<p>Chili sin Carne (Ve, G)<\/p>\n<p>Perunamuusi (L, G)<\/p>\n<p>Riisi (Ve, G)<\/p>\n<p><strong>TIISTAI<\/strong><\/p>\n<p>P\u00e4iv\u00e4n keitto: Mausteinen tomaattikeitto (Ve, G)<\/p>\n<p>Lasagne (L)<\/p>\n<p>Seiti\u00e4 voikastikkeessa (L, G)<\/p>\n<p>Tofu green curry (Ve, G)<\/p>\n<p>Uunijuurekset (M, G)<\/p>\n<p>Yrttiriisi (Ve, G)<\/p>\n<p><strong>KESKIVIIKKO<\/strong><\/p>\n<p>P\u00e4iv\u00e4n keitto: Pinaattikeitto (L, G)<\/p>\n<p>Kermainen pyttipannu (L, G)<\/p>\n<p>Silakkapihvit (L), tilli-kermaviilikastike (L, G)<\/p>\n<p>Vegaaninen leike, vegaaninen majoneesi (Ve)<\/p>\n<p>Perunamuusi (L, G)<\/p>\n<p>Riisi (Ve, G)<\/p>\n<p><strong>TORSTAI<\/strong><\/p>\n<p>P\u00e4iv\u00e4n keitto: Hernekeitto (M, G), pannukakkua (L)<\/p>\n<p>Chili con Carne (M, G)<\/p>\n<p>Lohipy\u00f6ryk\u00e4t hollandaisekastikkeessa (L, G)<\/p>\n<p>H\u00e4rk\u00e4papupata (Ve, G)<\/p>\n<p>Kermaperunat (L, G)<\/p>\n<p>Riisi (Ve, G)<\/p>\n<p><strong>PERJANTAI<\/strong><\/p>\n<p>P\u00e4iv\u00e4n keitto: Kermainen riistakeitto (L, G)<\/p>\n<p>Ylikyps\u00e4\u00e4 kassleria punaviinikastikkeessa (L, G)<\/p>\n<p>Paneroitu kampelafilee (L), sitruuna-aioli (L, G)<\/p>\n<p>Tofu kookoscurry (Ve, G)<\/p>\n<p>Lohkoperunat (L, G)<\/p>\n<p>Riisi (Ve, G)<\/p>\n<p><strong>Viikon leike 14,90 \u20ac: <\/strong><\/p>\n<p>Lehtipihvi ranskalaisilla ja maustevoilla (L, G)<\/p>\n<p><strong>JOHN SCOTT\u2019S BURGER 13,90 \u20ac<\/strong><br \/>\n120 g naudanlihapihvi, cheddarjuusto, 3 dippi\u00e4<\/p>\n<p><strong>Fish &amp; Chips 14,90 (L) \u20ac<\/strong><\/p>\n<p>*****<\/p>\n<p>JOHN SCOTT\u00b4S BURGER 13,90 \u20ac<br \/>\n120g naudanlihapihvi, cheddarjuustoa, ranskalaiset ja 3 dippi\u00e4 (saatavan my\u00f6s gluteenittomana \/ vegaanisena)<\/p>\n<p>*****<\/p>\n<p><strong>KEITTOLOUNAS 11,90 \u20ac <\/strong><\/p>\n<p><strong>El\u00e4kel\u00e4islounas klo 13-14 11,50 \u20ac<\/strong><\/p>\n<h5><span class=\"x193iq5w xeuugli x13faqbe x1vvkbs x1xmvt09 x1lliihq x1s928wv xhkezso x1gmr53x x1cpjm7i x1fgarty x1943h6x xudqn12 x3x7a5m x6prxxf xvq8zen xo1l8bm xzsf02u x1yc453h\" dir=\"auto\">Lounas sis\u00e4lt\u00e4\u00e4 salaattip\u00f6yd\u00e4n, tuoretta leip\u00e4\u00e4, kahvin tai teen sek\u00e4 veden.<\/span><\/h5>\n<p>&nbsp;<\/p>\n<\/div>","protected":false},"excerpt":{"rendered":"<p>John Scott\u2019s Arkadian lounas tarjoaa maukasta ja rentoa ravintolalounasta Helsingin Arkadian alueella, aivan Kampin ja T\u00f6\u00f6l\u00f6n l\u00e4heisyydess\u00e4. Meill\u00e4 lounashetki on helppo ja viihtyis\u00e4 \u2013 sopiva niin ty\u00f6p\u00e4iv\u00e4n tauolle kuin rennompaan tapaamiseen. Lounas Arkadiassa valmistetaan laadukkaista raaka-aineista ja tarjoillaan mutkattomassa pubi- ja ravintolaymp\u00e4rist\u00f6ss\u00e4. John Scott\u2019s Arkadia on suosittu lounaspaikka Helsingiss\u00e4, jonne on helppo poiketa k\u00e4vellen tai [&hellip;]<\/p>\n","protected":false},"author":23,"featured_media":0,"parent":0,"menu_order":0,"comment_status":"closed","ping_status":"closed","template":"","meta":{"_acf_changed":false,"footnotes":""},"class_list":["post-107","page","type-page","status-publish","hentry"],"acf":[],"_links":{"self":[{"href":"https:\/\/johnscotts.se\/arkadia\/wp-json\/wp\/v2\/pages\/107","targetHints":{"allow":["GET"]}}],"collection":[{"href":"https:\/\/johnscotts.se\/arkadia\/wp-json\/wp\/v2\/pages"}],"about":[{"href":"https:\/\/johnscotts.se\/arkadia\/wp-json\/wp\/v2\/types\/page"}],"author":[{"embeddable":true,"href":"https:\/\/johnscotts.se\/arkadia\/wp-json\/wp\/v2\/users\/23"}],"replies":[{"embeddable":true,"href":"https:\/\/johnscotts.se\/arkadia\/wp-json\/wp\/v2\/comments?post=107"}],"version-history":[{"count":218,"href":"https:\/\/johnscotts.se\/arkadia\/wp-json\/wp\/v2\/pages\/107\/revisions"}],"predecessor-version":[{"id":1369,"href":"https:\/\/johnscotts.se\/arkadia\/wp-json\/wp\/v2\/pages\/107\/revisions\/1369"}],"wp:attachment":[{"href":"https:\/\/johnscotts.se\/arkadia\/wp-json\/wp\/v2\/media?parent=107"}],"curies":[{"name":"wp","href":"https:\/\/api.w.org\/{rel}","templated":true}]}}