{"id":1485,"date":"2026-05-11T14:45:22","date_gmt":"2026-05-11T11:45:22","guid":{"rendered":"https:\/\/johnscotts.se\/arkadia\/?page_id=1485"},"modified":"2026-05-12T09:50:48","modified_gmt":"2026-05-12T06:50:48","slug":"sellon-kesaterassi","status":"publish","type":"page","link":"https:\/\/johnscotts.se\/arkadia\/sellon-kesaterassi\/","title":{"rendered":"SELLON KES\u00c4TERASSI"},"content":{"rendered":"<div data-am-content><p>Kopparberg Sello tarjoaa Viaporintorilla helpotusta janoon shoppailun keskell\u00e4. Viaporintorilla j\u00e4rjestet\u00e4\u00e4n kes\u00e4n aikana useita tapahtumia ja Kopparberg Sello huolehtiikin, ettei tapahtumista tarvitse nauttia kuivin suin. Tarjolla on runsas valikoima oman panimon tuotteita siiderist\u00e4 ja oluesta cocktaileihin. Tule nauttimaan auringosta ja meid\u00e4n raikkaista sek\u00e4 kylmist\u00e4 juomista.<\/p>\n<p>Saapuminen junalla<\/p>\n<p>Kopparberg Sellon kes\u00e4terassi sijaitsee vain muutaman minuutin k\u00e4velymatkan p\u00e4\u00e4ss\u00e4 Lepp\u00e4vaaran juna-asemalta. P\u00e4\u00e4set helposti paikalle l\u00e4hijunilla Helsingist\u00e4, Espoon keskuksesta, Pasilasta, Huopalahdesta ja Kauniaisista.<\/p>\n<p>Saapuminen bussilla<\/p>\n<p>Kauppakeskus Selloon kulkee useita bussilinjoja eri puolilta Espoota ja p\u00e4\u00e4kaupunkiseutua. Bussit pys\u00e4htyv\u00e4t aivan Sellon l\u00e4heisyydess\u00e4, joten terassille on helppo saapua my\u00f6s julkisilla.<\/p>\n<p>Saapuminen autolla<\/p>\n<p>Sellossa on laajat pys\u00e4k\u00f6intimahdollisuudet. Autolla saapuvat l\u00f6yt\u00e4v\u00e4t helposti pys\u00e4k\u00f6intitilaa kauppakeskus Sellon pys\u00e4k\u00f6intihallista. Kopparberg Sellon kes\u00e4terassi sijaitsee k\u00e4tev\u00e4sti Sellon yhteydess\u00e4 Lepp\u00e4vaarassa.<\/p>\n<\/div>","protected":false},"excerpt":{"rendered":"<p>Kopparberg Sello tarjoaa Viaporintorilla helpotusta janoon shoppailun keskell\u00e4. Viaporintorilla j\u00e4rjestet\u00e4\u00e4n kes\u00e4n aikana useita tapahtumia ja Kopparberg Sello huolehtiikin, ettei tapahtumista tarvitse nauttia kuivin suin. Tarjolla on runsas valikoima oman panimon tuotteita siiderist\u00e4 ja oluesta cocktaileihin. Tule nauttimaan auringosta ja meid\u00e4n raikkaista sek\u00e4 kylmist\u00e4 juomista. Saapuminen junalla Kopparberg Sellon kes\u00e4terassi sijaitsee vain muutaman minuutin k\u00e4velymatkan p\u00e4\u00e4ss\u00e4 [&hellip;]<\/p>\n","protected":false},"author":23,"featured_media":0,"parent":0,"menu_order":0,"comment_status":"closed","ping_status":"closed","template":"","meta":{"_acf_changed":false,"footnotes":""},"class_list":["post-1485","page","type-page","status-publish","hentry"],"acf":[],"_links":{"self":[{"href":"https:\/\/johnscotts.se\/arkadia\/wp-json\/wp\/v2\/pages\/1485","targetHints":{"allow":["GET"]}}],"collection":[{"href":"https:\/\/johnscotts.se\/arkadia\/wp-json\/wp\/v2\/pages"}],"about":[{"href":"https:\/\/johnscotts.se\/arkadia\/wp-json\/wp\/v2\/types\/page"}],"author":[{"embeddable":true,"href":"https:\/\/johnscotts.se\/arkadia\/wp-json\/wp\/v2\/users\/23"}],"replies":[{"embeddable":true,"href":"https:\/\/johnscotts.se\/arkadia\/wp-json\/wp\/v2\/comments?post=1485"}],"version-history":[{"count":4,"href":"https:\/\/johnscotts.se\/arkadia\/wp-json\/wp\/v2\/pages\/1485\/revisions"}],"predecessor-version":[{"id":1494,"href":"https:\/\/johnscotts.se\/arkadia\/wp-json\/wp\/v2\/pages\/1485\/revisions\/1494"}],"wp:attachment":[{"href":"https:\/\/johnscotts.se\/arkadia\/wp-json\/wp\/v2\/media?parent=1485"}],"curies":[{"name":"wp","href":"https:\/\/api.w.org\/{rel}","templated":true}]}}