{"id":19,"date":"2023-03-20T10:20:48","date_gmt":"2023-03-20T09:20:48","guid":{"rendered":"https:\/\/johnscotts.se\/arkadia\/?page_id=19"},"modified":"2026-02-04T11:22:28","modified_gmt":"2026-02-04T09:22:28","slug":"book-a-table","status":"publish","type":"page","link":"https:\/\/johnscotts.se\/arkadia\/book-a-table\/","title":{"rendered":"Book a table"},"content":{"rendered":"<div data-am-content><p>You have the opportunity to book a table before you come to John Scott&#8217;s Arkadia.<br \/>\nA good thing to remember is that we operate according to the British pub concept and all food and drinks are ordered from the bar.<\/p>\n<p><strong><a href=\"https:\/\/www.quandoo.fi\/en\/checkout-widget\/widget?merchantId=96592&amp;primaryColor=ebc863&amp;theme=dark&amp;aid=146&amp;utm_source=quandoo-partner&amp;utm_medium=widget-link\" target=\"_blank\" rel=\"noopener\">BOOK A TABLE HERE<\/a><\/strong><\/p>\n<p>Sinulla on mahdollisuus varata p\u00f6yt\u00e4 ennen kuin tulet John Scott&#8217;s Arkadiaan.<br \/>\nHyv\u00e4 asia on muistaa, ett\u00e4 toimimme brittil\u00e4isen pubikonseptin mukaan ja kaikki ruoat ja juomat tilataan baarista.<\/p>\n<p><strong><a href=\"https:\/\/www.quandoo.fi\/fi\/checkout-widget\/widget?merchantId=96592&amp;primaryColor=ebc863&amp;theme=dark&amp;aid=146&amp;utm_source=quandoo-partner&amp;utm_medium=widget-link\" target=\"_blank\" rel=\"noopener\">VARAA P\u00d6YT\u00c4 T\u00c4ST\u00c4<\/a><\/strong><\/p>\n<p>contact \/ ota yhteytt\u00e4 arkadia@johnscotts.fi<strong><br \/>\n<\/strong><\/p>\n<\/div>","protected":false},"excerpt":{"rendered":"<p>You have the opportunity to book a table before you come to John Scott&#8217;s Arkadia. A good thing to remember is that we operate according to the British pub concept and all food and drinks are ordered from the bar. BOOK A TABLE HERE Sinulla on mahdollisuus varata p\u00f6yt\u00e4 ennen kuin tulet John Scott&#8217;s Arkadiaan. [&hellip;]<\/p>\n","protected":false},"author":2,"featured_media":0,"parent":0,"menu_order":0,"comment_status":"closed","ping_status":"closed","template":"","meta":{"_acf_changed":false,"footnotes":""},"class_list":["post-19","page","type-page","status-publish","hentry"],"acf":[],"_links":{"self":[{"href":"https:\/\/johnscotts.se\/arkadia\/wp-json\/wp\/v2\/pages\/19","targetHints":{"allow":["GET"]}}],"collection":[{"href":"https:\/\/johnscotts.se\/arkadia\/wp-json\/wp\/v2\/pages"}],"about":[{"href":"https:\/\/johnscotts.se\/arkadia\/wp-json\/wp\/v2\/types\/page"}],"author":[{"embeddable":true,"href":"https:\/\/johnscotts.se\/arkadia\/wp-json\/wp\/v2\/users\/2"}],"replies":[{"embeddable":true,"href":"https:\/\/johnscotts.se\/arkadia\/wp-json\/wp\/v2\/comments?post=19"}],"version-history":[{"count":6,"href":"https:\/\/johnscotts.se\/arkadia\/wp-json\/wp\/v2\/pages\/19\/revisions"}],"predecessor-version":[{"id":1256,"href":"https:\/\/johnscotts.se\/arkadia\/wp-json\/wp\/v2\/pages\/19\/revisions\/1256"}],"wp:attachment":[{"href":"https:\/\/johnscotts.se\/arkadia\/wp-json\/wp\/v2\/media?parent=19"}],"curies":[{"name":"wp","href":"https:\/\/api.w.org\/{rel}","templated":true}]}}