{"id":442,"date":"2024-02-19T15:22:57","date_gmt":"2024-02-19T13:22:57","guid":{"rendered":"https:\/\/johnscotts.se\/arkadia\/?page_id=442"},"modified":"2026-02-18T11:33:54","modified_gmt":"2026-02-18T09:33:54","slug":"feedback","status":"publish","type":"page","link":"https:\/\/johnscotts.se\/arkadia\/start\/feedback\/","title":{"rendered":"Anna palautetta"},"content":{"rendered":"<div data-am-content><p>Kerro meille kokemuksestasi John Scott\u2019s Arkadia -pubissa Helsingiss\u00e4! Palautteesi auttaa parantamaan palveluamme ja asiakaskokemusta.<\/p>\n<p>Kuinka onnistuimme palvelemaan sinua t\u00e4n\u00e4\u00e4n? Anna meille <a href=\"https:\/\/go.taplause.com\/PxoTISRN13\/net\" target=\"_blank\" rel=\"noopener\"><strong>palautetta.<\/strong><\/a><\/p>\n<p>&nbsp;<\/p>\n<p>&nbsp;<\/p>\n<p>&nbsp;<\/p>\n<\/div>","protected":false},"excerpt":{"rendered":"<p>Kerro meille kokemuksestasi John Scott\u2019s Arkadia -pubissa Helsingiss\u00e4! Palautteesi auttaa parantamaan palveluamme ja asiakaskokemusta. Kuinka onnistuimme palvelemaan sinua t\u00e4n\u00e4\u00e4n? Anna meille palautetta. &nbsp; &nbsp; &nbsp;<\/p>\n","protected":false},"author":23,"featured_media":0,"parent":6,"menu_order":0,"comment_status":"closed","ping_status":"closed","template":"","meta":{"_acf_changed":false,"footnotes":""},"class_list":["post-442","page","type-page","status-publish","hentry"],"acf":[],"_links":{"self":[{"href":"https:\/\/johnscotts.se\/arkadia\/wp-json\/wp\/v2\/pages\/442","targetHints":{"allow":["GET"]}}],"collection":[{"href":"https:\/\/johnscotts.se\/arkadia\/wp-json\/wp\/v2\/pages"}],"about":[{"href":"https:\/\/johnscotts.se\/arkadia\/wp-json\/wp\/v2\/types\/page"}],"author":[{"embeddable":true,"href":"https:\/\/johnscotts.se\/arkadia\/wp-json\/wp\/v2\/users\/23"}],"replies":[{"embeddable":true,"href":"https:\/\/johnscotts.se\/arkadia\/wp-json\/wp\/v2\/comments?post=442"}],"version-history":[{"count":12,"href":"https:\/\/johnscotts.se\/arkadia\/wp-json\/wp\/v2\/pages\/442\/revisions"}],"predecessor-version":[{"id":1277,"href":"https:\/\/johnscotts.se\/arkadia\/wp-json\/wp\/v2\/pages\/442\/revisions\/1277"}],"up":[{"embeddable":true,"href":"https:\/\/johnscotts.se\/arkadia\/wp-json\/wp\/v2\/pages\/6"}],"wp:attachment":[{"href":"https:\/\/johnscotts.se\/arkadia\/wp-json\/wp\/v2\/media?parent=442"}],"curies":[{"name":"wp","href":"https:\/\/api.w.org\/{rel}","templated":true}]}}