{"id":113,"date":"2024-08-15T11:13:02","date_gmt":"2024-08-15T10:13:02","guid":{"rendered":"https:\/\/johnscotts.se\/aurakatu\/?page_id=113"},"modified":"2026-04-27T08:00:33","modified_gmt":"2026-04-27T07:00:33","slug":"john-scotts-lunch","status":"publish","type":"page","link":"https:\/\/johnscotts.se\/aurakatu\/john-scotts-lunch\/","title":{"rendered":"Lounas Turussa \u2013 John Scott\u2019s Aurakatu"},"content":{"rendered":"<div data-am-content><p data-start=\"926\" data-end=\"1173\"><strong data-start=\"926\" data-end=\"959\">John Scott\u2019s Aurakadun lounas<\/strong> tarjoaa maukasta pubityyppist\u00e4 kotiruokaa ja klassikoita <strong data-start=\"1013\" data-end=\"1034\">Turun Aurakadulla<\/strong>, aivan kaupungin syd\u00e4mess\u00e4. Lounashetkemme on suunniteltu niin nopeaan ty\u00f6p\u00e4iv\u00e4n taukoon kuin rennompaankin lounashetkeen yst\u00e4vien kanssa.<\/p>\n<p data-start=\"1175\" data-end=\"1407\">Valikoimassamme on herkullisia lounasannoksia, jotka sopivat monenlaiseen makuun \u2013 olitpa sitten etsim\u00e4ss\u00e4 kevytt\u00e4 lounasta tai t\u00e4ytel\u00e4ist\u00e4 pubi-klassikkoa. John Scott\u2019s Aurakatu on loistava valinta lounaspaikaksi Turun keskustassa.<\/p>\n<h3>VIIKKO 18<\/h3>\n<h4>Arkisin 11 &#8211; 14<\/h4>\n<p>13,50 \u20ac<\/p>\n<p>&nbsp;<\/p>\n<h3>MAANANTAI<\/h3>\n<p>P\u00e4iv\u00e4n keitto: Kermainen lohikeitto (L, G)<br \/>\nBroileria red curry kastikkeella (M, G)<br \/>\nPorsaan ulkofilee pippurikastikkeessa (L, G)<br \/>\nNyht\u00f6kaura punainen curry (Ve, G)<br \/>\nValkosipuliperunat (L, G)<br \/>\nRiisi (Ve, G)<\/p>\n<h3>TIISTAI<\/h3>\n<p>P\u00e4iv\u00e4n keitto: Kermainen kukkakaalikeitto (L, G)<br \/>\nRiistapy\u00f6ryk\u00e4t ja tumma rosmariinikastike (L, G) Puolukkahillo (M,G)<br \/>\nKampelafilee (L, G) Sitruunakermakastike (L, G)<br \/>\nLinssipata (Ve, G)<br \/>\nPerunamuusi (L, G)<br \/>\nRiisi (Ve, G)<\/p>\n<h3>KESKIVIIKKO<\/h3>\n<p>P\u00e4iv\u00e4n keitto: Bouillabaisse (M)<br \/>\nButter chicken (L, G)<br \/>\nKebab kastikkeella (L, G) Jalapenot<br \/>\nNyht\u00f6herne kookoscurry (Ve, G)<br \/>\nKermaperunat (L, G)<br \/>\nRiisi (Ve, G)<\/p>\n<h3>TORSTAI<\/h3>\n<p>P\u00e4iv\u00e4n keitto: Hernekeitto (M, G), pannukakkua (L)<br \/>\nPorsaanleike ja chilimajoneesi<br \/>\nLindstr\u00f6minpihvit sienikastikkeella (L, G)<br \/>\nRatatouille (Ve, G)<br \/>\nLohkoperunat (Ve, G)<\/p>\n<h3>PERJANTAI<\/h3>\n<p>EI LOUNASTA<\/p>\n<h2>VAPPUBRUNSSI KLO 11-16 HINTA 39 \u20ac<\/h2>\n<p>OLETHAN VARANNUT JO OMAN PAIKKASI<\/p>\n<h4><strong style=\"font-size: 1rem\"> Viikon leike 14,90 \u20ac<\/strong><\/h4>\n<p>Oskarinleike ranskalaisilla perunoilla (L)<\/p>\n<p><strong style=\"font-size: 1rem;text-transform: uppercase\">Fish &amp; Chips (L) 14,90 \u20ac<\/strong><\/p>\n<h4><strong>JOHN SCOTT&#8217;S BURGER 13,90 \u20ac<\/strong><\/h4>\n<p>120g naudanlihapihvi, cheddarjuusto, 3 dippi\u00e4; Aioli, chilibearnaise ja BBQ<\/p>\n<h4><strong>Keittolounas 11,90 \u20ac<\/strong><\/h4>\n<p><span class=\"x193iq5w xeuugli x13faqbe x1vvkbs x1xmvt09 x1lliihq x1s928wv xhkezso x1gmr53x x1cpjm7i x1fgarty x1943h6x xudqn12 x3x7a5m x6prxxf xvq8zen xo1l8bm xzsf02u x1yc453h\" dir=\"auto\">Buffet- ja keittolounas sis\u00e4lt\u00e4v\u00e4t salaattip\u00f6yd\u00e4n, tuoretta leip\u00e4\u00e4, kahvin tai teen sek\u00e4 veden.<\/span><\/p>\n<h3>EL\u00c4KEL\u00c4ISKORTILLA LOUNAS -2 \u20ac kello 13.00-14.00<\/h3>\n<\/div>","protected":false},"excerpt":{"rendered":"<p>John Scott\u2019s Aurakadun lounas tarjoaa maukasta pubityyppist\u00e4 kotiruokaa ja klassikoita Turun Aurakadulla, aivan kaupungin syd\u00e4mess\u00e4. Lounashetkemme on suunniteltu niin nopeaan ty\u00f6p\u00e4iv\u00e4n taukoon kuin rennompaankin lounashetkeen yst\u00e4vien kanssa. Valikoimassamme on herkullisia lounasannoksia, jotka sopivat monenlaiseen makuun \u2013 olitpa sitten etsim\u00e4ss\u00e4 kevytt\u00e4 lounasta tai t\u00e4ytel\u00e4ist\u00e4 pubi-klassikkoa. John Scott\u2019s Aurakatu on loistava valinta lounaspaikaksi Turun keskustassa. VIIKKO 18 [&hellip;]<\/p>\n","protected":false},"author":23,"featured_media":0,"parent":0,"menu_order":0,"comment_status":"closed","ping_status":"closed","template":"","meta":{"_acf_changed":false,"footnotes":""},"class_list":["post-113","page","type-page","status-publish","hentry"],"acf":[],"_links":{"self":[{"href":"https:\/\/johnscotts.se\/aurakatu\/wp-json\/wp\/v2\/pages\/113","targetHints":{"allow":["GET"]}}],"collection":[{"href":"https:\/\/johnscotts.se\/aurakatu\/wp-json\/wp\/v2\/pages"}],"about":[{"href":"https:\/\/johnscotts.se\/aurakatu\/wp-json\/wp\/v2\/types\/page"}],"author":[{"embeddable":true,"href":"https:\/\/johnscotts.se\/aurakatu\/wp-json\/wp\/v2\/users\/23"}],"replies":[{"embeddable":true,"href":"https:\/\/johnscotts.se\/aurakatu\/wp-json\/wp\/v2\/comments?post=113"}],"version-history":[{"count":112,"href":"https:\/\/johnscotts.se\/aurakatu\/wp-json\/wp\/v2\/pages\/113\/revisions"}],"predecessor-version":[{"id":824,"href":"https:\/\/johnscotts.se\/aurakatu\/wp-json\/wp\/v2\/pages\/113\/revisions\/824"}],"wp:attachment":[{"href":"https:\/\/johnscotts.se\/aurakatu\/wp-json\/wp\/v2\/media?parent=113"}],"curies":[{"name":"wp","href":"https:\/\/api.w.org\/{rel}","templated":true}]}}