{"id":21,"date":"2024-04-10T12:31:07","date_gmt":"2024-04-10T11:31:07","guid":{"rendered":"https:\/\/johnscotts.se\/aurakatu\/?page_id=21"},"modified":"2026-02-05T11:32:06","modified_gmt":"2026-02-05T11:32:06","slug":"after-work-happy-hours","status":"publish","type":"page","link":"https:\/\/johnscotts.se\/aurakatu\/after-work-happy-hours\/","title":{"rendered":"After Work Happy Hours \u2013 John Scott\u2019s Aurakatu"},"content":{"rendered":"<div data-am-content><p data-start=\"310\" data-end=\"574\"><strong data-start=\"310\" data-end=\"348\">After Work Happy Hours Aurakadulla<\/strong> tarjoaa t\u00e4ydellisen tavan rentoutua ty\u00f6p\u00e4iv\u00e4n j\u00e4lkeen Turun syd\u00e4mess\u00e4. John Scott\u2019s Aurakadun pubissa voit nauttia herkullisista juomatarjouksista, hyvist\u00e4 seurueista ja rennosta tunnelmasta \u2013 kaikki t\u00e4m\u00e4 hyv\u00e4n ruoan \u00e4\u00e4rell\u00e4.<\/p>\n<p data-start=\"576\" data-end=\"851\">Tule viett\u00e4m\u00e4\u00e4n iloista after work -hetke\u00e4 kollegoiden tai yst\u00e4vien kanssa, nauti valikoiduista tarjouksista ja tee arkisesta illasta juhlaa. John Scott\u2019s Aurakatu on yksi Turun suosituimmista after work -paikoista, jossa pubikulttuuri kohtaa kaupunkiel\u00e4m\u00e4n rennon tunnelman.<\/p>\n<p>Monday &#8211; Friday 2-6 pm we invite you to our After Work Happy Hours. During these hours we offer you a really good deal:<\/p>\n<p>Draught Kopparberg Cider \/ Aura Beer 40 cl &#8211; 5\u20ac<br \/>\nGlass of wine 16 cl (Red, white, sparkling 12cl) &#8211; 6\u20ac<\/p>\n<p>John Scott&#8217;s Burger &#8211; 13,90\u20ac<\/p>\n<p>Sofiero 0% 33cl &#8211; 2\u20ac<br \/>\nAlcohol Free Ciders 33cl &#8211; 2\u20ac<\/p>\n<\/div>","protected":false},"excerpt":{"rendered":"<p>After Work Happy Hours Aurakadulla tarjoaa t\u00e4ydellisen tavan rentoutua ty\u00f6p\u00e4iv\u00e4n j\u00e4lkeen Turun syd\u00e4mess\u00e4. John Scott\u2019s Aurakadun pubissa voit nauttia herkullisista juomatarjouksista, hyvist\u00e4 seurueista ja rennosta tunnelmasta \u2013 kaikki t\u00e4m\u00e4 hyv\u00e4n ruoan \u00e4\u00e4rell\u00e4. Tule viett\u00e4m\u00e4\u00e4n iloista after work -hetke\u00e4 kollegoiden tai yst\u00e4vien kanssa, nauti valikoiduista tarjouksista ja tee arkisesta illasta juhlaa. John Scott\u2019s Aurakatu on yksi [&hellip;]<\/p>\n","protected":false},"author":23,"featured_media":0,"parent":0,"menu_order":0,"comment_status":"closed","ping_status":"closed","template":"","meta":{"_acf_changed":false,"footnotes":""},"class_list":["post-21","page","type-page","status-publish","hentry"],"acf":[],"_links":{"self":[{"href":"https:\/\/johnscotts.se\/aurakatu\/wp-json\/wp\/v2\/pages\/21","targetHints":{"allow":["GET"]}}],"collection":[{"href":"https:\/\/johnscotts.se\/aurakatu\/wp-json\/wp\/v2\/pages"}],"about":[{"href":"https:\/\/johnscotts.se\/aurakatu\/wp-json\/wp\/v2\/types\/page"}],"author":[{"embeddable":true,"href":"https:\/\/johnscotts.se\/aurakatu\/wp-json\/wp\/v2\/users\/23"}],"replies":[{"embeddable":true,"href":"https:\/\/johnscotts.se\/aurakatu\/wp-json\/wp\/v2\/comments?post=21"}],"version-history":[{"count":7,"href":"https:\/\/johnscotts.se\/aurakatu\/wp-json\/wp\/v2\/pages\/21\/revisions"}],"predecessor-version":[{"id":728,"href":"https:\/\/johnscotts.se\/aurakatu\/wp-json\/wp\/v2\/pages\/21\/revisions\/728"}],"wp:attachment":[{"href":"https:\/\/johnscotts.se\/aurakatu\/wp-json\/wp\/v2\/media?parent=21"}],"curies":[{"name":"wp","href":"https:\/\/api.w.org\/{rel}","templated":true}]}}