{"id":33,"date":"2024-05-13T07:29:05","date_gmt":"2024-05-13T06:29:05","guid":{"rendered":"https:\/\/johnscotts.se\/aurakatu\/?page_id=33"},"modified":"2024-11-26T11:44:47","modified_gmt":"2024-11-26T11:44:47","slug":"feedback","status":"publish","type":"page","link":"https:\/\/johnscotts.se\/aurakatu\/feedback\/","title":{"rendered":"Give Us Feedback"},"content":{"rendered":"<div data-am-content><p>&nbsp;<\/p>\n<p>Kuinka onnistuimme palvelemaan sinua t\u00e4n\u00e4\u00e4n? Anna meille palautetta <a href=\"mailto:aurakatu@johnscotts.fi\">aurakatu@johnscotts.fi<\/a><\/p>\n<p>&nbsp;<\/p>\n<\/div>","protected":false},"excerpt":{"rendered":"<p>&nbsp; Kuinka onnistuimme palvelemaan sinua t\u00e4n\u00e4\u00e4n? Anna meille palautetta aurakatu@johnscotts.fi &nbsp;<\/p>\n","protected":false},"author":23,"featured_media":0,"parent":0,"menu_order":0,"comment_status":"closed","ping_status":"closed","template":"","meta":{"_acf_changed":false,"footnotes":""},"class_list":["post-33","page","type-page","status-publish","hentry"],"acf":[],"_links":{"self":[{"href":"https:\/\/johnscotts.se\/aurakatu\/wp-json\/wp\/v2\/pages\/33","targetHints":{"allow":["GET"]}}],"collection":[{"href":"https:\/\/johnscotts.se\/aurakatu\/wp-json\/wp\/v2\/pages"}],"about":[{"href":"https:\/\/johnscotts.se\/aurakatu\/wp-json\/wp\/v2\/types\/page"}],"author":[{"embeddable":true,"href":"https:\/\/johnscotts.se\/aurakatu\/wp-json\/wp\/v2\/users\/23"}],"replies":[{"embeddable":true,"href":"https:\/\/johnscotts.se\/aurakatu\/wp-json\/wp\/v2\/comments?post=33"}],"version-history":[{"count":5,"href":"https:\/\/johnscotts.se\/aurakatu\/wp-json\/wp\/v2\/pages\/33\/revisions"}],"predecessor-version":[{"id":224,"href":"https:\/\/johnscotts.se\/aurakatu\/wp-json\/wp\/v2\/pages\/33\/revisions\/224"}],"wp:attachment":[{"href":"https:\/\/johnscotts.se\/aurakatu\/wp-json\/wp\/v2\/media?parent=33"}],"curies":[{"name":"wp","href":"https:\/\/api.w.org\/{rel}","templated":true}]}}