{"id":37,"date":"2024-05-13T07:32:03","date_gmt":"2024-05-13T06:32:03","guid":{"rendered":"https:\/\/johnscotts.se\/aurakatu\/?page_id=37"},"modified":"2026-02-05T12:41:50","modified_gmt":"2026-02-05T12:41:50","slug":"live-sport","status":"publish","type":"page","link":"https:\/\/johnscotts.se\/aurakatu\/live-sport\/","title":{"rendered":"LIVE SPORT \u2013 John Scott\u2019s Turku"},"content":{"rendered":"<div data-am-content><p data-start=\"478\" data-end=\"738\"><strong data-start=\"478\" data-end=\"506\">Live-urheilu Aurakadulla<\/strong> tarjoaa parhaat ottelut ja urheilutapahtumat suoraan <strong data-start=\"560\" data-end=\"586\">John Scott\u2019s Aurakadun<\/strong> pubissa Turun keskustassa. Seuraa suosittuja kilpailuja ja pelej\u00e4 isolta ruudulta yst\u00e4vien kanssa \u2013 rento pubitunnelma ja hyv\u00e4 fiilis ovat aina mukana.<\/p>\n<p data-start=\"740\" data-end=\"963\">John Scott\u2019s Aurakatu n\u00e4ytt\u00e4\u00e4 viikoittain live-urheilua, olit sitten jalkapallon, j\u00e4\u00e4kiekon tai muiden suosittujen lajien yst\u00e4v\u00e4. Tule kokemaan urheilun j\u00e4nnitys ja nauti samalla hyvist\u00e4 juomista ja ruuasta Turun syd\u00e4mess\u00e4.<\/p>\n<p>N\u00e4yt\u00e4mme listan urheilua \u00e4\u00e4nell\u00e4 osassa ravintolassa, urheilua n\u00e4ytet\u00e4\u00e4n my\u00f6s ilman \u00e4\u00e4ni\u00e4 mik\u00e4li meill\u00e4 on muuta tapahtumaa.<br \/>\nPid\u00e4t\u00e4mme oikeuden ohjelmamuutoksiin<\/p>\n<p>We show the list of sports with sound in some area restaurant, sports are also shown without sound if we have another event.<br \/>\nWe reserve the right to program changes<\/p>\n<\/div>","protected":false},"excerpt":{"rendered":"<p>Live-urheilu Aurakadulla tarjoaa parhaat ottelut ja urheilutapahtumat suoraan John Scott\u2019s Aurakadun pubissa Turun keskustassa. Seuraa suosittuja kilpailuja ja pelej\u00e4 isolta ruudulta yst\u00e4vien kanssa \u2013 rento pubitunnelma ja hyv\u00e4 fiilis ovat aina mukana. John Scott\u2019s Aurakatu n\u00e4ytt\u00e4\u00e4 viikoittain live-urheilua, olit sitten jalkapallon, j\u00e4\u00e4kiekon tai muiden suosittujen lajien yst\u00e4v\u00e4. Tule kokemaan urheilun j\u00e4nnitys ja nauti samalla hyvist\u00e4 [&hellip;]<\/p>\n","protected":false},"author":23,"featured_media":0,"parent":0,"menu_order":0,"comment_status":"closed","ping_status":"closed","template":"templates\/template-sport.php","meta":{"_acf_changed":false,"footnotes":""},"class_list":["post-37","page","type-page","status-publish","hentry"],"acf":[],"_links":{"self":[{"href":"https:\/\/johnscotts.se\/aurakatu\/wp-json\/wp\/v2\/pages\/37","targetHints":{"allow":["GET"]}}],"collection":[{"href":"https:\/\/johnscotts.se\/aurakatu\/wp-json\/wp\/v2\/pages"}],"about":[{"href":"https:\/\/johnscotts.se\/aurakatu\/wp-json\/wp\/v2\/types\/page"}],"author":[{"embeddable":true,"href":"https:\/\/johnscotts.se\/aurakatu\/wp-json\/wp\/v2\/users\/23"}],"replies":[{"embeddable":true,"href":"https:\/\/johnscotts.se\/aurakatu\/wp-json\/wp\/v2\/comments?post=37"}],"version-history":[{"count":4,"href":"https:\/\/johnscotts.se\/aurakatu\/wp-json\/wp\/v2\/pages\/37\/revisions"}],"predecessor-version":[{"id":736,"href":"https:\/\/johnscotts.se\/aurakatu\/wp-json\/wp\/v2\/pages\/37\/revisions\/736"}],"wp:attachment":[{"href":"https:\/\/johnscotts.se\/aurakatu\/wp-json\/wp\/v2\/media?parent=37"}],"curies":[{"name":"wp","href":"https:\/\/api.w.org\/{rel}","templated":true}]}}