{"id":594,"date":"2025-10-14T09:59:45","date_gmt":"2025-10-14T08:59:45","guid":{"rendered":"https:\/\/johnscotts.se\/aurakatu\/?page_id=594"},"modified":"2026-02-05T12:07:09","modified_gmt":"2026-02-05T12:07:09","slug":"our-current-benefits","status":"publish","type":"page","link":"https:\/\/johnscotts.se\/aurakatu\/our-current-benefits\/","title":{"rendered":"Our current benefits"},"content":{"rendered":"<div data-am-content><p data-start=\"532\" data-end=\"845\"><strong data-start=\"532\" data-end=\"577\">John Scott\u2019s Aurakadun ajankohtaiset edut<\/strong> kokoavat yhteen t\u00e4m\u00e4n hetken tarjoukset, kampanjat ja edut Turun keskustassa. Aurakadulla sijaitseva pubimme tarjoaa vaihtuvia etuja, jotka tekev\u00e4t vierailusta entist\u00e4kin houkuttelevamman \u2013 olitpa tulossa after workiin, lounaalle tai viett\u00e4m\u00e4\u00e4n iltaa yst\u00e4vien kanssa.<\/p>\n<p data-start=\"847\" data-end=\"994\">Tutustu t\u00e4m\u00e4nhetkisiin etuihin ja hy\u00f6dynn\u00e4 John Scott\u2019s Aurakadun ajankohtaiset tarjoukset rennossa pubi- ja ravintolaymp\u00e4rist\u00f6ss\u00e4 Turun syd\u00e4mess\u00e4.<\/p>\n<h3>Our current benefits are \/ Voimassaolevat etumme ovat<\/h3>\n<ul>\n<li>\n<h4>Opiskelijat (Voimassa olevalla Opiskelijakortilla)<\/h4>\n<ul>\n<li>\n<h4>\u00a0&#8211; 10 % \u00e1 la carte<\/h4>\n<\/li>\n<li>\n<h4><span data-contrast=\"none\">aura Lager 5\u20ac\/0,4 l<\/span><span data-ccp-props=\"{&quot;201341983&quot;:0,&quot;335559739&quot;:0,&quot;335559740&quot;:240,&quot;469777462&quot;:[560,1120,1680,2240,2800,3360,3920,4480,5040,5600,6160,6720],&quot;469777927&quot;:[0,0,0,0,0,0,0,0,0,0,0,0],&quot;469777928&quot;:[1,1,1,1,1,1,1,1,1,1,1,1]}\">\u00a0<\/span><\/h4>\n<\/li>\n<li>\n<h4><span data-contrast=\"none\">Kopparberg -hanasiiderit 5 \u20ac\/0,4 l<\/span><\/h4>\n<\/li>\n<li>\n<h4>John Scott&#8217;s Shot 3 \u20ac \/ 4 cl<\/h4>\n<\/li>\n<li>\n<h4>Alkoholittomat Siiderit 2 \u20ac \/ 0,33 L<\/h4>\n<\/li>\n<li>\n<h4>Alkoholiton Sofiero- lager 2 \u20ac \/ 0,33 L<\/h4>\n<\/li>\n<\/ul>\n<\/li>\n<\/ul>\n<ul>\n<li>\n<h4>Voimaliitto (Voimaliiton j\u00e4senkortilla):<\/h4>\n<ul>\n<li>\n<h4><span data-contrast=\"none\">aura Lager 5\u20ac\/0,4l<\/span><span data-ccp-props=\"{&quot;201341983&quot;:0,&quot;335559739&quot;:0,&quot;335559740&quot;:240,&quot;469777462&quot;:[560,1120,1680,2240,2800,3360,3920,4480,5040,5600,6160,6720],&quot;469777927&quot;:[0,0,0,0,0,0,0,0,0,0,0,0],&quot;469777928&quot;:[1,1,1,1,1,1,1,1,1,1,1,1]}\">\u00a0<\/span><\/h4>\n<h4><span data-contrast=\"none\">Kopparberg -hanasiiderit 5 \u20ac\/0,4l<\/span><\/h4>\n<h4>&#8211; 20 % \u00c0 la carte<\/h4>\n<\/li>\n<\/ul>\n<\/li>\n<li>\n<h4>\u00a0URHEILUSEURAYHTEISTY\u00d6T:<\/h4>\n<ul>\n<li>\n<h4>\u00a0<span data-contrast=\"none\">kausikortti -alennukset (Henkil\u00f6kohtainen) <\/span><br \/>\n<span data-contrast=\"none\">TPS, TAPPARA, JOKERIT, ILVES HOCKEY &amp; FOOTBALL<\/span><span data-ccp-props=\"{&quot;201341983&quot;:0,&quot;335559739&quot;:0,&quot;335559740&quot;:240,&quot;469777462&quot;:[560,1120,1680,2240,2800,3360,3920,4480,5040,5600,6160,6720],&quot;469777927&quot;:[0,0,0,0,0,0,0,0,0,0,0,0],&quot;469777928&quot;:[1,1,1,1,1,1,1,1,1,1,1,1]}\">\u00a0<\/span><\/h4>\n<h4><span data-contrast=\"none\">-20 % \u00c0 la carte annoksista<\/span><span data-ccp-props=\"{&quot;201341983&quot;:0,&quot;335559739&quot;:0,&quot;335559740&quot;:240,&quot;469777462&quot;:[560,1120,1680,2240,2800,3360,3920,4480,5040,5600,6160,6720],&quot;469777927&quot;:[0,0,0,0,0,0,0,0,0,0,0,0],&quot;469777928&quot;:[1,1,1,1,1,1,1,1,1,1,1,1]}\">\u00a0<\/span><\/h4>\n<h4><span data-contrast=\"none\">aura Lager 5\u20ac\/0,4l<\/span><span data-ccp-props=\"{&quot;201341983&quot;:0,&quot;335559739&quot;:0,&quot;335559740&quot;:240,&quot;469777462&quot;:[560,1120,1680,2240,2800,3360,3920,4480,5040,5600,6160,6720],&quot;469777927&quot;:[0,0,0,0,0,0,0,0,0,0,0,0],&quot;469777928&quot;:[1,1,1,1,1,1,1,1,1,1,1,1]}\">\u00a0<\/span><\/h4>\n<h4><span data-contrast=\"none\">Kopparberg -hanasiiderit 5 \u20ac\/0,4l<\/span><\/h4>\n<\/li>\n<\/ul>\n<\/li>\n<li>\n<h4>CLUBY- Kanta-asiakassovellus:<\/h4>\n<ul>\n<li>\n<h4>\u00a0KATso kaupunkisi edut sovelluksesta<\/h4>\n<\/li>\n<li>\n<h4><span data-olk-copy-source=\"MessageBody\">Liity kanta-asiakkaaksi ja lunasta edut<\/span><\/h4>\n<\/li>\n<li>\n<h4><span data-olk-copy-source=\"MessageBody\">\u00a0<\/span><a href=\"https:\/\/apps.apple.com\/fi\/app\/cluby\/id1220424273?l=fi\" target=\"_blank\" rel=\"noopener\"><img loading=\"lazy\" decoding=\"async\" class=\"alignnone wp-image-1090\" src=\"http:\/\/johnscotts.se\/arkadia\/wp-content\/uploads\/sites\/18\/2025\/09\/app-300x89.png\" alt=\"\" width=\"162\" height=\"48\" \/><\/a><\/h4>\n<\/li>\n<li>\n<h4><a href=\"https:\/\/play.google.com\/store\/apps\/details?id=com.solinor.loyaltybeacon&amp;hl=fi&amp;pli=1\" target=\"_blank\" rel=\"noopener\"><img loading=\"lazy\" decoding=\"async\" class=\"alignnone wp-image-1091\" src=\"http:\/\/johnscotts.se\/arkadia\/wp-content\/uploads\/sites\/18\/2025\/09\/google_play_logo_new-300x99.png\" alt=\"\" width=\"161\" height=\"53\" \/><\/a><\/h4>\n<\/li>\n<\/ul>\n<\/li>\n<li>\n<h4>HAPPY HOUR MAANANTAI &#8211; PERJANTAI KLO 14 &#8211; 18<\/h4>\n<ul>\n<li>\n<h4><span data-contrast=\"none\">aura Lager 5\u20ac\/0,4l<\/span><span data-ccp-props=\"{&quot;201341983&quot;:0,&quot;335559739&quot;:0,&quot;335559740&quot;:240,&quot;469777462&quot;:[560,1120,1680,2240,2800,3360,3920,4480,5040,5600,6160,6720],&quot;469777927&quot;:[0,0,0,0,0,0,0,0,0,0,0,0],&quot;469777928&quot;:[1,1,1,1,1,1,1,1,1,1,1,1]}\">\u00a0<\/span><\/h4>\n<h4><span data-contrast=\"none\">Kopparberg -hanasiiderit 5 \u20ac\/0,4l<\/span><\/h4>\n<h4>TALON VIINIT 16 CL 6 \u20ac<\/h4>\n<h4>SOFIERO 0 % 0,33 2 \u20ac<\/h4>\n<h4>ALKOHOLITTOMAT SIIDERIT 0,33\/0,5 2 \u20ac<\/h4>\n<h4>JOHN SCOTT&#8217;S BURGER 13,90 \u20ac<\/h4>\n<h4><\/h4>\n<h3><\/h3>\n<\/li>\n<li>\n<h3><span data-contrast=\"none\">ETUJA JA ALENNUKSIA EI VOI YHDIST\u00c4\u00c4 MUIHIN ALENNUKSIIN \/ KAMPANJATUOTTEISIIN\u00a0<\/span><\/h3>\n<\/li>\n<\/ul>\n<\/li>\n<\/ul>\n<\/div>","protected":false},"excerpt":{"rendered":"<p>John Scott\u2019s Aurakadun ajankohtaiset edut kokoavat yhteen t\u00e4m\u00e4n hetken tarjoukset, kampanjat ja edut Turun keskustassa. Aurakadulla sijaitseva pubimme tarjoaa vaihtuvia etuja, jotka tekev\u00e4t vierailusta entist\u00e4kin houkuttelevamman \u2013 olitpa tulossa after workiin, lounaalle tai viett\u00e4m\u00e4\u00e4n iltaa yst\u00e4vien kanssa. Tutustu t\u00e4m\u00e4nhetkisiin etuihin ja hy\u00f6dynn\u00e4 John Scott\u2019s Aurakadun ajankohtaiset tarjoukset rennossa pubi- ja ravintolaymp\u00e4rist\u00f6ss\u00e4 Turun syd\u00e4mess\u00e4. Our current [&hellip;]<\/p>\n","protected":false},"author":23,"featured_media":0,"parent":0,"menu_order":0,"comment_status":"closed","ping_status":"closed","template":"","meta":{"_acf_changed":false,"footnotes":""},"class_list":["post-594","page","type-page","status-publish","hentry"],"acf":[],"_links":{"self":[{"href":"https:\/\/johnscotts.se\/aurakatu\/wp-json\/wp\/v2\/pages\/594","targetHints":{"allow":["GET"]}}],"collection":[{"href":"https:\/\/johnscotts.se\/aurakatu\/wp-json\/wp\/v2\/pages"}],"about":[{"href":"https:\/\/johnscotts.se\/aurakatu\/wp-json\/wp\/v2\/types\/page"}],"author":[{"embeddable":true,"href":"https:\/\/johnscotts.se\/aurakatu\/wp-json\/wp\/v2\/users\/23"}],"replies":[{"embeddable":true,"href":"https:\/\/johnscotts.se\/aurakatu\/wp-json\/wp\/v2\/comments?post=594"}],"version-history":[{"count":6,"href":"https:\/\/johnscotts.se\/aurakatu\/wp-json\/wp\/v2\/pages\/594\/revisions"}],"predecessor-version":[{"id":734,"href":"https:\/\/johnscotts.se\/aurakatu\/wp-json\/wp\/v2\/pages\/594\/revisions\/734"}],"wp:attachment":[{"href":"https:\/\/johnscotts.se\/aurakatu\/wp-json\/wp\/v2\/media?parent=594"}],"curies":[{"name":"wp","href":"https:\/\/api.w.org\/{rel}","templated":true}]}}