{"id":37,"date":"2017-07-05T10:27:51","date_gmt":"2017-07-05T08:27:51","guid":{"rendered":"http:\/\/johnscotts.se\/jagersro\/?page_id=37"},"modified":"2017-07-05T10:27:51","modified_gmt":"2017-07-05T08:27:51","slug":"oppettider","status":"publish","type":"page","link":"https:\/\/johnscotts.se\/jagersro\/oppettider\/","title":{"rendered":"\u00d6ppettider"},"content":{"rendered":"<div data-am-content><p>John Scott&#8217;s J\u00e4gersro har \u00f6ppet under alla travdagar. H\u00e4r serverar vi mat och dryck samt k\u00f6r lite uppsnack inf\u00f6r V68-t\u00e4vlingar.<\/p>\n<h4>Vi ses!<\/h4>\n<\/div>","protected":false},"excerpt":{"rendered":"<p>John Scott&#8217;s J\u00e4gersro har \u00f6ppet under alla travdagar. H\u00e4r serverar vi mat och dryck samt k\u00f6r lite uppsnack inf\u00f6r V68-t\u00e4vlingar. Vi ses!<\/p>\n","protected":false},"author":2,"featured_media":0,"parent":0,"menu_order":0,"comment_status":"closed","ping_status":"closed","template":"","meta":{"_acf_changed":false,"footnotes":""},"class_list":["post-37","page","type-page","status-publish","hentry"],"acf":[],"_links":{"self":[{"href":"https:\/\/johnscotts.se\/jagersro\/wp-json\/wp\/v2\/pages\/37","targetHints":{"allow":["GET"]}}],"collection":[{"href":"https:\/\/johnscotts.se\/jagersro\/wp-json\/wp\/v2\/pages"}],"about":[{"href":"https:\/\/johnscotts.se\/jagersro\/wp-json\/wp\/v2\/types\/page"}],"author":[{"embeddable":true,"href":"https:\/\/johnscotts.se\/jagersro\/wp-json\/wp\/v2\/users\/2"}],"replies":[{"embeddable":true,"href":"https:\/\/johnscotts.se\/jagersro\/wp-json\/wp\/v2\/comments?post=37"}],"version-history":[{"count":2,"href":"https:\/\/johnscotts.se\/jagersro\/wp-json\/wp\/v2\/pages\/37\/revisions"}],"predecessor-version":[{"id":40,"href":"https:\/\/johnscotts.se\/jagersro\/wp-json\/wp\/v2\/pages\/37\/revisions\/40"}],"wp:attachment":[{"href":"https:\/\/johnscotts.se\/jagersro\/wp-json\/wp\/v2\/media?parent=37"}],"curies":[{"name":"wp","href":"https:\/\/api.w.org\/{rel}","templated":true}]}}