{"id":535,"date":"2024-05-24T19:02:49","date_gmt":"2024-05-24T17:02:49","guid":{"rendered":"https:\/\/johnscotts.se\/kopparberg\/?page_id=535"},"modified":"2025-10-28T11:04:15","modified_gmt":"2025-10-28T10:04:15","slug":"meny-3","status":"publish","type":"page","link":"https:\/\/johnscotts.se\/kopparberg\/meny-3\/","title":{"rendered":"Meny"},"content":{"rendered":"<div data-am-content><p>V\u00e5r \u00e1 la carte meny \u00e4ndras fr\u00e5n vecka till vecka,<\/p>\n<p>f\u00f6rutom v\u00e5ra h\u00f6grevs burgare som ni alltid kan njuta av s\u00e5<\/p>\n<p>presenterar vi varje helg n\u00e5gra s\u00e4songsbetonade tillf\u00e4lliga r\u00e4tter.<\/p>\n<\/div>","protected":false},"excerpt":{"rendered":"<p>V\u00e5r \u00e1 la carte meny \u00e4ndras fr\u00e5n vecka till vecka, f\u00f6rutom v\u00e5ra h\u00f6grevs burgare som ni alltid kan njuta av s\u00e5 presenterar vi varje helg n\u00e5gra s\u00e4songsbetonade tillf\u00e4lliga r\u00e4tter.<\/p>\n","protected":false},"author":19,"featured_media":0,"parent":0,"menu_order":0,"comment_status":"closed","ping_status":"closed","template":"","meta":{"_acf_changed":false,"footnotes":""},"class_list":["post-535","page","type-page","status-publish","hentry"],"acf":[],"_links":{"self":[{"href":"https:\/\/johnscotts.se\/kopparberg\/wp-json\/wp\/v2\/pages\/535","targetHints":{"allow":["GET"]}}],"collection":[{"href":"https:\/\/johnscotts.se\/kopparberg\/wp-json\/wp\/v2\/pages"}],"about":[{"href":"https:\/\/johnscotts.se\/kopparberg\/wp-json\/wp\/v2\/types\/page"}],"author":[{"embeddable":true,"href":"https:\/\/johnscotts.se\/kopparberg\/wp-json\/wp\/v2\/users\/19"}],"replies":[{"embeddable":true,"href":"https:\/\/johnscotts.se\/kopparberg\/wp-json\/wp\/v2\/comments?post=535"}],"version-history":[{"count":6,"href":"https:\/\/johnscotts.se\/kopparberg\/wp-json\/wp\/v2\/pages\/535\/revisions"}],"predecessor-version":[{"id":656,"href":"https:\/\/johnscotts.se\/kopparberg\/wp-json\/wp\/v2\/pages\/535\/revisions\/656"}],"wp:attachment":[{"href":"https:\/\/johnscotts.se\/kopparberg\/wp-json\/wp\/v2\/media?parent=535"}],"curies":[{"name":"wp","href":"https:\/\/api.w.org\/{rel}","templated":true}]}}