{"id":1056,"date":"2020-01-06T11:34:07","date_gmt":"2020-01-06T10:34:07","guid":{"rendered":"http:\/\/johnscotts.se\/kungsgatan\/?page_id=1056"},"modified":"2025-12-17T17:30:48","modified_gmt":"2025-12-17T16:30:48","slug":"lunch","status":"publish","type":"page","link":"https:\/\/johnscotts.se\/kungsgatan\/lunch\/","title":{"rendered":"Lunch"},"content":{"rendered":"<div data-am-content><p>Lunchbuff\u00e9 11:00-14:00.<\/p>\n<p>M\u00e5ndag &#8211; onsdag: 149kr (pension\u00e4rspris kl 13:00-14:00 139kr).<\/p>\n<p>Torsdag &#8211; fredag: 159kr (pension\u00e4rspris kl 13:00-14:00 139kr).<\/p>\n<p>Salladsbuff\u00e9, kaffe och kaka ing\u00e5r.<\/p>\n<\/div>","protected":false},"excerpt":{"rendered":"<p>Lunchbuff\u00e9 11:00-14:00. M\u00e5ndag &#8211; onsdag: 149kr (pension\u00e4rspris kl 13:00-14:00 139kr). Torsdag &#8211; fredag: 159kr (pension\u00e4rspris kl 13:00-14:00 139kr). Salladsbuff\u00e9, kaffe och kaka ing\u00e5r.<\/p>\n","protected":false},"author":3,"featured_media":0,"parent":0,"menu_order":0,"comment_status":"closed","ping_status":"closed","template":"templates\/template-lunchmenu.php","meta":{"_acf_changed":false,"footnotes":""},"class_list":["post-1056","page","type-page","status-publish","hentry"],"acf":[],"_links":{"self":[{"href":"https:\/\/johnscotts.se\/kungsgatan\/wp-json\/wp\/v2\/pages\/1056","targetHints":{"allow":["GET"]}}],"collection":[{"href":"https:\/\/johnscotts.se\/kungsgatan\/wp-json\/wp\/v2\/pages"}],"about":[{"href":"https:\/\/johnscotts.se\/kungsgatan\/wp-json\/wp\/v2\/types\/page"}],"author":[{"embeddable":true,"href":"https:\/\/johnscotts.se\/kungsgatan\/wp-json\/wp\/v2\/users\/3"}],"replies":[{"embeddable":true,"href":"https:\/\/johnscotts.se\/kungsgatan\/wp-json\/wp\/v2\/comments?post=1056"}],"version-history":[{"count":49,"href":"https:\/\/johnscotts.se\/kungsgatan\/wp-json\/wp\/v2\/pages\/1056\/revisions"}],"predecessor-version":[{"id":3475,"href":"https:\/\/johnscotts.se\/kungsgatan\/wp-json\/wp\/v2\/pages\/1056\/revisions\/3475"}],"wp:attachment":[{"href":"https:\/\/johnscotts.se\/kungsgatan\/wp-json\/wp\/v2\/media?parent=1056"}],"curies":[{"name":"wp","href":"https:\/\/api.w.org\/{rel}","templated":true}]}}