{"id":133,"date":"2017-08-17T11:56:57","date_gmt":"2017-08-17T09:56:57","guid":{"rendered":"http:\/\/johnscotts.se\/kungsgatan\/?page_id=133"},"modified":"2025-09-01T14:30:18","modified_gmt":"2025-09-01T12:30:18","slug":"shuffleboard-biljard","status":"publish","type":"page","link":"https:\/\/johnscotts.se\/kungsgatan\/shuffleboard-biljard\/","title":{"rendered":"Shuffleboard"},"content":{"rendered":"<div data-am-content><pre>SHUFFLEBOARD, 55 minuter<\/pre>\n<pre>300 kr\/per bord<\/pre>\n<pre>Observera att v\u00e5ra aktiviteter st\u00e4nger tidigare \u00e4n huset.\r\nMax 6 personer p\u00e5 varje bord.\r\n\r\n<strong>\u00c5ldergr\u00e4ns: 20 \u00e5r efter kl 18:00\r\n<\/strong><strong>Under 20 \u00e5r, endast i m\u00e5lsmans s\u00e4llskap fram till kl 22:00<\/strong><\/pre>\n<p>&nbsp;<\/p>\n<p><a class=\"progression-medium progression-grey\" href=\"https:\/\/cloud.caspeco.se\/public\/webBooking?system=se_ipsgot&amp;unitId=18&amp;advanced=true\" target=\"_self\" rel=\"noopener noreferrer\">Till bokning\u00a0&gt;<\/a><\/p>\n<p><a href=\"mailto:kungsgatan@johnscotts.se\">kungsgatan@johnscotts.se<\/a><\/p>\n<p>&nbsp;<\/p>\n<\/div>","protected":false},"excerpt":{"rendered":"<p>SHUFFLEBOARD, 55 minuter 300 kr\/per bord Observera att v\u00e5ra aktiviteter st\u00e4nger tidigare \u00e4n huset. Max 6 personer p\u00e5 varje bord. \u00c5ldergr\u00e4ns: 20 \u00e5r efter kl 18:00 Under 20 \u00e5r, endast i m\u00e5lsmans s\u00e4llskap fram till kl 22:00 &nbsp; Till bokning\u00a0&gt; kungsgatan@johnscotts.se &nbsp;<\/p>\n","protected":false},"author":3,"featured_media":3258,"parent":0,"menu_order":0,"comment_status":"closed","ping_status":"closed","template":"","meta":{"_acf_changed":false,"footnotes":""},"class_list":["post-133","page","type-page","status-publish","has-post-thumbnail","hentry"],"acf":[],"_links":{"self":[{"href":"https:\/\/johnscotts.se\/kungsgatan\/wp-json\/wp\/v2\/pages\/133","targetHints":{"allow":["GET"]}}],"collection":[{"href":"https:\/\/johnscotts.se\/kungsgatan\/wp-json\/wp\/v2\/pages"}],"about":[{"href":"https:\/\/johnscotts.se\/kungsgatan\/wp-json\/wp\/v2\/types\/page"}],"author":[{"embeddable":true,"href":"https:\/\/johnscotts.se\/kungsgatan\/wp-json\/wp\/v2\/users\/3"}],"replies":[{"embeddable":true,"href":"https:\/\/johnscotts.se\/kungsgatan\/wp-json\/wp\/v2\/comments?post=133"}],"version-history":[{"count":42,"href":"https:\/\/johnscotts.se\/kungsgatan\/wp-json\/wp\/v2\/pages\/133\/revisions"}],"predecessor-version":[{"id":3261,"href":"https:\/\/johnscotts.se\/kungsgatan\/wp-json\/wp\/v2\/pages\/133\/revisions\/3261"}],"wp:featuredmedia":[{"embeddable":true,"href":"https:\/\/johnscotts.se\/kungsgatan\/wp-json\/wp\/v2\/media\/3258"}],"wp:attachment":[{"href":"https:\/\/johnscotts.se\/kungsgatan\/wp-json\/wp\/v2\/media?parent=133"}],"curies":[{"name":"wp","href":"https:\/\/api.w.org\/{rel}","templated":true}]}}