{"id":77,"date":"2017-07-05T08:54:45","date_gmt":"2017-07-05T06:54:45","guid":{"rendered":"http:\/\/johnscotts.se\/kungsgatan\/?page_id=77"},"modified":"2026-02-19T00:41:33","modified_gmt":"2026-02-18T23:41:33","slug":"bowling","status":"publish","type":"page","link":"https:\/\/johnscotts.se\/kungsgatan\/bowling\/","title":{"rendered":"Bowling"},"content":{"rendered":"<div data-am-content><div class=\"x_elementToProof\" data-olk-copy-source=\"MessageBody\">Bowlingpriser per timme\/bana. En bowlingtimme \u00e4r 55 minuter. Vi har 12 bowlingbanor, max 4 personer p\u00e5 varje bana.<\/div>\n<div class=\"x_elementToProof\">\u00a0<b>479 kr<\/b>\u00a0per timme\/bana<\/div>\n<p>Observera att bowlingen st\u00e4nger tidigare \u00e4n v\u00e5ra \u00f6ppettider. F\u00f6r s\u00e4llskap st\u00f6rre \u00e4n 14 personer v\u00e4nligen maila oss p\u00e5 <a href=\"mailto:kungsgatan@johnscotts.se\">kungsgatan@johnscotts.se<\/a> <strong>\u00c5ldersgr\u00e4ns: 20 \u00e5r efter kl 18:00<\/strong> <strong>Under 20 \u00e5r, endast i m\u00e5lsmans s\u00e4llskap fram till kl 22:00<\/strong><\/p>\n<p>\u00d6vrig information:<\/p>\n<ul>\n<li>Kom g\u00e4rna 15 minuter f\u00f6re bokad tid f\u00f6r att prova ut bowlingskor och klot.<\/li>\n<li>F\u00f6r v\u00e5ra yngre spelare finns \u201dstaket\u201d p\u00e5 n\u00e5gra banor som hindrar klotet fr\u00e5n att \u00e5ka ner i r\u00e4nnan.<\/li>\n<li>Handikappanpassat med ramp som hj\u00e4lp att rulla iv\u00e4g klotet.<\/li>\n<li>L\u00e5n av skor och klot ing\u00e5r i priset.<\/li>\n<\/ul>\n<p><a class=\"progression-medium progression-grey\" href=\"https:\/\/cloud.caspeco.se\/public\/webBooking?system=se_ipsgot&amp;unitId=18&amp;advanced=true\" target=\"_self\" rel=\"noopener noreferrer\">Till bokning\u00a0&gt;<\/a><\/p>\n<p><a href=\"mailto:kungsgatan@johnscotts.se\">kungsgatan@johnscotts.se<\/a><\/p>\n<\/div>","protected":false},"excerpt":{"rendered":"<p>Bowlingpriser per timme\/bana. En bowlingtimme \u00e4r 55 minuter. Vi har 12 bowlingbanor, max 4 personer p\u00e5 varje bana. \u00a0479 kr\u00a0per timme\/bana Observera att bowlingen st\u00e4nger tidigare \u00e4n v\u00e5ra \u00f6ppettider. F\u00f6r s\u00e4llskap st\u00f6rre \u00e4n 14 personer v\u00e4nligen maila oss p\u00e5 kungsgatan@johnscotts.se \u00c5ldersgr\u00e4ns: 20 \u00e5r efter kl 18:00 Under 20 \u00e5r, endast i m\u00e5lsmans s\u00e4llskap fram till [&hellip;]<\/p>\n","protected":false},"author":2,"featured_media":0,"parent":0,"menu_order":0,"comment_status":"closed","ping_status":"closed","template":"","meta":{"_acf_changed":false,"footnotes":""},"class_list":["post-77","page","type-page","status-publish","hentry"],"acf":[],"_links":{"self":[{"href":"https:\/\/johnscotts.se\/kungsgatan\/wp-json\/wp\/v2\/pages\/77","targetHints":{"allow":["GET"]}}],"collection":[{"href":"https:\/\/johnscotts.se\/kungsgatan\/wp-json\/wp\/v2\/pages"}],"about":[{"href":"https:\/\/johnscotts.se\/kungsgatan\/wp-json\/wp\/v2\/types\/page"}],"author":[{"embeddable":true,"href":"https:\/\/johnscotts.se\/kungsgatan\/wp-json\/wp\/v2\/users\/2"}],"replies":[{"embeddable":true,"href":"https:\/\/johnscotts.se\/kungsgatan\/wp-json\/wp\/v2\/comments?post=77"}],"version-history":[{"count":78,"href":"https:\/\/johnscotts.se\/kungsgatan\/wp-json\/wp\/v2\/pages\/77\/revisions"}],"predecessor-version":[{"id":3543,"href":"https:\/\/johnscotts.se\/kungsgatan\/wp-json\/wp\/v2\/pages\/77\/revisions\/3543"}],"wp:attachment":[{"href":"https:\/\/johnscotts.se\/kungsgatan\/wp-json\/wp\/v2\/media?parent=77"}],"curies":[{"name":"wp","href":"https:\/\/api.w.org\/{rel}","templated":true}]}}