{"id":79,"date":"2017-07-05T08:55:59","date_gmt":"2017-07-05T06:55:59","guid":{"rendered":"http:\/\/johnscotts.se\/kungsgatan\/?page_id=79"},"modified":"2024-09-02T11:16:01","modified_gmt":"2024-09-02T09:16:01","slug":"boka-bord","status":"publish","type":"page","link":"https:\/\/johnscotts.se\/kungsgatan\/boka-bord\/","title":{"rendered":"Boka bord"},"content":{"rendered":"<div data-am-content><p>Klicka dig till bokning nedan eller maila oss, vi hj\u00e4lper g\u00e4rna till.<br \/>\n<a href=\"https:\/\/cloud.caspeco.se\/public\/webBooking?system=se_ipsgot&amp;unitId=18&amp;advanced=true\" target=\"_blank\" rel=\"noopener\">Till Bokningen<\/a><\/p>\n<p>Vi har paketpris f\u00f6r st\u00f6rre s\u00e4llskap eller f\u00f6retag.\u00a0Om du har fr\u00e5gor om v\u00e5ra paket eller vill g\u00f6ra f\u00f6rfr\u00e5gan om gruppbokning oavsett veckodag &#8211; h\u00f6r av dig till oss!<\/p>\n<p>F\u00f6r bokning och fr\u00e5gor, kontakta:<br \/>\n<a href=\"mailto:kungsgatan@johnscotts.se\">kungsgatan@johnscotts.se<\/a><br \/>\nV\u00e4lkommen!<\/p>\n<\/div>","protected":false},"excerpt":{"rendered":"<p>Klicka dig till bokning nedan eller maila oss, vi hj\u00e4lper g\u00e4rna till. Till Bokningen Vi har paketpris f\u00f6r st\u00f6rre s\u00e4llskap eller f\u00f6retag.\u00a0Om du har fr\u00e5gor om v\u00e5ra paket eller vill g\u00f6ra f\u00f6rfr\u00e5gan om gruppbokning oavsett veckodag &#8211; h\u00f6r av dig till oss! F\u00f6r bokning och fr\u00e5gor, kontakta: kungsgatan@johnscotts.se V\u00e4lkommen!<\/p>\n","protected":false},"author":2,"featured_media":0,"parent":0,"menu_order":0,"comment_status":"closed","ping_status":"closed","template":"","meta":{"_acf_changed":false,"footnotes":""},"class_list":["post-79","page","type-page","status-publish","hentry"],"acf":[],"_links":{"self":[{"href":"https:\/\/johnscotts.se\/kungsgatan\/wp-json\/wp\/v2\/pages\/79","targetHints":{"allow":["GET"]}}],"collection":[{"href":"https:\/\/johnscotts.se\/kungsgatan\/wp-json\/wp\/v2\/pages"}],"about":[{"href":"https:\/\/johnscotts.se\/kungsgatan\/wp-json\/wp\/v2\/types\/page"}],"author":[{"embeddable":true,"href":"https:\/\/johnscotts.se\/kungsgatan\/wp-json\/wp\/v2\/users\/2"}],"replies":[{"embeddable":true,"href":"https:\/\/johnscotts.se\/kungsgatan\/wp-json\/wp\/v2\/comments?post=79"}],"version-history":[{"count":23,"href":"https:\/\/johnscotts.se\/kungsgatan\/wp-json\/wp\/v2\/pages\/79\/revisions"}],"predecessor-version":[{"id":2864,"href":"https:\/\/johnscotts.se\/kungsgatan\/wp-json\/wp\/v2\/pages\/79\/revisions\/2864"}],"wp:attachment":[{"href":"https:\/\/johnscotts.se\/kungsgatan\/wp-json\/wp\/v2\/media?parent=79"}],"curies":[{"name":"wp","href":"https:\/\/api.w.org\/{rel}","templated":true}]}}