{"id":155,"date":"2024-10-22T10:19:42","date_gmt":"2024-10-22T08:19:42","guid":{"rendered":"https:\/\/johnscotts.se\/kungstradgarden\/?page_id=155"},"modified":"2025-12-22T09:49:36","modified_gmt":"2025-12-22T08:49:36","slug":"veckans-lunch","status":"publish","type":"page","link":"https:\/\/johnscotts.se\/kungstradgarden\/veckans-lunch\/","title":{"rendered":"Veckans lunch"},"content":{"rendered":"<div data-am-content><h3>Lunchbuff\u00e9 159:- (se dagens r\u00e4tter)<\/h3>\n<p>Fredagar 189:- f\u00f6r lunchbuff\u00e9.<\/p>\n<p>Pension\u00e4r 145 kr<\/p>\n<h3>\u00c1 la carte lunch 189:-<\/h3>\n<p><strong>\u00c1 la carte lunch<\/strong><\/p>\n<div>\n<p>Fl\u00e4skschnitzel<\/p>\n<div>\n<p><span style=\"font-size: 1rem\">John Scott\u2019s Burger<\/span><\/p>\n<div>\n<p><span style=\"font-size: 1rem\">Ceasar Sallad med kyckling<\/span><\/p>\n<p><span style=\"font-size: 1rem\">Halloumi Burger<\/span><\/p>\n<\/div>\n<div>\n<div>\n<div>\n<p><strong style=\"font-size: 1rem\"><em>Salladsbuff\u00e9, br\u00f6d, lingondricka, k<\/em><em>affe &amp; kaka ing\u00e5r i all lunch (buff\u00e9 \/ \u00c0 la Carte)<\/em><\/strong><\/p>\n<\/div>\n<\/div>\n<\/div>\n<\/div>\n<\/div>\n<\/div>","protected":false},"excerpt":{"rendered":"<p>Lunchbuff\u00e9 159:- (se dagens r\u00e4tter) Fredagar 189:- f\u00f6r lunchbuff\u00e9. Pension\u00e4r 145 kr \u00c1 la carte lunch 189:- \u00c1 la carte lunch Fl\u00e4skschnitzel John Scott\u2019s Burger Ceasar Sallad med kyckling Halloumi Burger Salladsbuff\u00e9, br\u00f6d, lingondricka, kaffe &amp; kaka ing\u00e5r i all lunch (buff\u00e9 \/ \u00c0 la Carte)<\/p>\n","protected":false},"author":2,"featured_media":0,"parent":0,"menu_order":0,"comment_status":"closed","ping_status":"closed","template":"templates\/template-lunchmenu.php","meta":{"_acf_changed":false,"footnotes":""},"class_list":["post-155","page","type-page","status-publish","hentry"],"acf":[],"_links":{"self":[{"href":"https:\/\/johnscotts.se\/kungstradgarden\/wp-json\/wp\/v2\/pages\/155","targetHints":{"allow":["GET"]}}],"collection":[{"href":"https:\/\/johnscotts.se\/kungstradgarden\/wp-json\/wp\/v2\/pages"}],"about":[{"href":"https:\/\/johnscotts.se\/kungstradgarden\/wp-json\/wp\/v2\/types\/page"}],"author":[{"embeddable":true,"href":"https:\/\/johnscotts.se\/kungstradgarden\/wp-json\/wp\/v2\/users\/2"}],"replies":[{"embeddable":true,"href":"https:\/\/johnscotts.se\/kungstradgarden\/wp-json\/wp\/v2\/comments?post=155"}],"version-history":[{"count":21,"href":"https:\/\/johnscotts.se\/kungstradgarden\/wp-json\/wp\/v2\/pages\/155\/revisions"}],"predecessor-version":[{"id":495,"href":"https:\/\/johnscotts.se\/kungstradgarden\/wp-json\/wp\/v2\/pages\/155\/revisions\/495"}],"wp:attachment":[{"href":"https:\/\/johnscotts.se\/kungstradgarden\/wp-json\/wp\/v2\/media?parent=155"}],"curies":[{"name":"wp","href":"https:\/\/api.w.org\/{rel}","templated":true}]}}