{"id":2114,"date":"2025-03-27T11:52:21","date_gmt":"2025-03-27T10:52:21","guid":{"rendered":"https:\/\/johnscotts.se\/kyrkogatan\/?page_id=2114"},"modified":"2025-06-27T13:29:18","modified_gmt":"2025-06-27T11:29:18","slug":"livemusik","status":"publish","type":"page","link":"https:\/\/johnscotts.se\/kyrkogatan\/livemusik\/","title":{"rendered":"LiveMusik"},"content":{"rendered":"<div data-am-content><p><strong>The Limitations<\/strong> (fd bla The Glenns) h\u00e5ller ig\u00e5ng LIVEMUSIKEN h\u00e4r p\u00e5 Stallet fram\u00f6ver.<\/p>\n<p>De ska spela:<\/p>\n<ul>\n<li><strong>4 April<\/strong><\/li>\n<li><strong>2 Maj<\/strong><\/li>\n<li><strong>16 Maj<\/strong><\/li>\n<li><strong>13 Juni<\/strong><\/li>\n<\/ul>\n<p>Vi ser S\u00c5 mycket fram emot att f\u00e5 ha dem hos oss igen. S\u00e5 kom in, njut av go musik, go st\u00e4mning och gunga\/sjung med n\u00e4r \u00e5terv\u00e4ndarna g\u00f6r comeback hos oss.<\/p>\n<\/div>","protected":false},"excerpt":{"rendered":"<p>The Limitations (fd bla The Glenns) h\u00e5ller ig\u00e5ng LIVEMUSIKEN h\u00e4r p\u00e5 Stallet fram\u00f6ver. De ska spela: 4 April 2 Maj 16 Maj 13 Juni Vi ser S\u00c5 mycket fram emot att f\u00e5 ha dem hos oss igen. S\u00e5 kom in, njut av go musik, go st\u00e4mning och gunga\/sjung med n\u00e4r \u00e5terv\u00e4ndarna g\u00f6r comeback hos oss.<\/p>\n","protected":false},"author":14,"featured_media":0,"parent":0,"menu_order":0,"comment_status":"closed","ping_status":"closed","template":"","meta":{"_acf_changed":false,"footnotes":""},"class_list":["post-2114","page","type-page","status-publish","hentry"],"acf":[],"_links":{"self":[{"href":"https:\/\/johnscotts.se\/kyrkogatan\/wp-json\/wp\/v2\/pages\/2114","targetHints":{"allow":["GET"]}}],"collection":[{"href":"https:\/\/johnscotts.se\/kyrkogatan\/wp-json\/wp\/v2\/pages"}],"about":[{"href":"https:\/\/johnscotts.se\/kyrkogatan\/wp-json\/wp\/v2\/types\/page"}],"author":[{"embeddable":true,"href":"https:\/\/johnscotts.se\/kyrkogatan\/wp-json\/wp\/v2\/users\/14"}],"replies":[{"embeddable":true,"href":"https:\/\/johnscotts.se\/kyrkogatan\/wp-json\/wp\/v2\/comments?post=2114"}],"version-history":[{"count":2,"href":"https:\/\/johnscotts.se\/kyrkogatan\/wp-json\/wp\/v2\/pages\/2114\/revisions"}],"predecessor-version":[{"id":2120,"href":"https:\/\/johnscotts.se\/kyrkogatan\/wp-json\/wp\/v2\/pages\/2114\/revisions\/2120"}],"wp:attachment":[{"href":"https:\/\/johnscotts.se\/kyrkogatan\/wp-json\/wp\/v2\/media?parent=2114"}],"curies":[{"name":"wp","href":"https:\/\/api.w.org\/{rel}","templated":true}]}}