{"id":2125,"date":"2025-04-24T11:39:49","date_gmt":"2025-04-24T09:39:49","guid":{"rendered":"https:\/\/johnscotts.se\/kyrkogatan\/?page_id=2125"},"modified":"2026-04-09T11:14:21","modified_gmt":"2026-04-09T09:14:21","slug":"valkomna-till-stans-mysigaste-takbar","status":"publish","type":"page","link":"https:\/\/johnscotts.se\/kyrkogatan\/valkomna-till-stans-mysigaste-takbar\/","title":{"rendered":"Stallets takbar!"},"content":{"rendered":"<div data-am-content><p>Vi har stan&#8217;s kanske absolut trevligaste takbar!<\/p>\n<p>Vi h\u00e5ller d\u00f6rren ut till terrassen \u00f6ppen n\u00e4r solen skiner och d\u00e5 \u00e4r du alltid varmt v\u00e4lkommen ut.<\/p>\n<p>Platserna i solen \u00e4r inte bokningsbara, utan ser du en ledig stol \u00e4r det bara att sl\u00e5 sig ner.<\/p>\n<p>V\u00e4lkomna ut i v\u00e4rmen.<\/p>\n<\/div>","protected":false},"excerpt":{"rendered":"<p>Vi har stan&#8217;s kanske absolut trevligaste takbar! Vi h\u00e5ller d\u00f6rren ut till terrassen \u00f6ppen n\u00e4r solen skiner och d\u00e5 \u00e4r du alltid varmt v\u00e4lkommen ut. Platserna i solen \u00e4r inte bokningsbara, utan ser du en ledig stol \u00e4r det bara att sl\u00e5 sig ner. V\u00e4lkomna ut i v\u00e4rmen.<\/p>\n","protected":false},"author":14,"featured_media":0,"parent":0,"menu_order":0,"comment_status":"closed","ping_status":"closed","template":"","meta":{"_acf_changed":false,"footnotes":""},"class_list":["post-2125","page","type-page","status-publish","hentry"],"acf":[],"_links":{"self":[{"href":"https:\/\/johnscotts.se\/kyrkogatan\/wp-json\/wp\/v2\/pages\/2125","targetHints":{"allow":["GET"]}}],"collection":[{"href":"https:\/\/johnscotts.se\/kyrkogatan\/wp-json\/wp\/v2\/pages"}],"about":[{"href":"https:\/\/johnscotts.se\/kyrkogatan\/wp-json\/wp\/v2\/types\/page"}],"author":[{"embeddable":true,"href":"https:\/\/johnscotts.se\/kyrkogatan\/wp-json\/wp\/v2\/users\/14"}],"replies":[{"embeddable":true,"href":"https:\/\/johnscotts.se\/kyrkogatan\/wp-json\/wp\/v2\/comments?post=2125"}],"version-history":[{"count":6,"href":"https:\/\/johnscotts.se\/kyrkogatan\/wp-json\/wp\/v2\/pages\/2125\/revisions"}],"predecessor-version":[{"id":2192,"href":"https:\/\/johnscotts.se\/kyrkogatan\/wp-json\/wp\/v2\/pages\/2125\/revisions\/2192"}],"wp:attachment":[{"href":"https:\/\/johnscotts.se\/kyrkogatan\/wp-json\/wp\/v2\/media?parent=2125"}],"curies":[{"name":"wp","href":"https:\/\/api.w.org\/{rel}","templated":true}]}}