{"id":83,"date":"2017-07-03T11:28:59","date_gmt":"2017-07-03T09:28:59","guid":{"rendered":"http:\/\/johnscotts.se\/stable\/?page_id=83"},"modified":"2026-02-09T11:35:12","modified_gmt":"2026-02-09T10:35:12","slug":"boka-bord","status":"publish","type":"page","link":"https:\/\/johnscotts.se\/kyrkogatan\/boka-bord\/","title":{"rendered":"Boka Bord"},"content":{"rendered":"<div data-am-content><p>Ni\u00a0har alltid m\u00f6jlighet att boka bord innan ni kommer till John Scott\u2019s Stable.<\/p>\n<p><a href=\"https:\/\/booking.caspeco.net\/se_ipsgot\/21\" target=\"_blank\" rel=\"noopener\"><button class=\"waiteraid-widget\" data-hash=\"21956dac6a1d996e2637f802ca4a2520\" data-am-button=\"primary\">Boka bord h\u00e4r<\/button><\/a><\/p>\n<p>\u00c4r ni fler \u00e4n 10 personer ber vi er maila <a href=\"mailto:kyrkogatan@johnscotts.se\">kyrkogatan@johnscotts.se<\/a>. Uppge namn, telefonnummer, antal personer, datum och tid samt \u00f6vriga \u00f6nskem\u00e5l (T.ex. Quiz).<\/p>\n<p><strong>Vi tar inga bokningar p\u00e5 v\u00e5r takterrass<\/strong><\/p>\n<p>&nbsp;<\/p>\n<\/div>","protected":false},"excerpt":{"rendered":"<p>Ni\u00a0har alltid m\u00f6jlighet att boka bord innan ni kommer till John Scott\u2019s Stable. Boka bord h\u00e4r \u00c4r ni fler \u00e4n 10 personer ber vi er maila kyrkogatan@johnscotts.se. Uppge namn, telefonnummer, antal personer, datum och tid samt \u00f6vriga \u00f6nskem\u00e5l (T.ex. Quiz). Vi tar inga bokningar p\u00e5 v\u00e5r takterrass &nbsp;<\/p>\n","protected":false},"author":4,"featured_media":0,"parent":0,"menu_order":0,"comment_status":"closed","ping_status":"closed","template":"","meta":{"_acf_changed":false,"footnotes":""},"class_list":["post-83","page","type-page","status-publish","hentry"],"acf":[],"_links":{"self":[{"href":"https:\/\/johnscotts.se\/kyrkogatan\/wp-json\/wp\/v2\/pages\/83","targetHints":{"allow":["GET"]}}],"collection":[{"href":"https:\/\/johnscotts.se\/kyrkogatan\/wp-json\/wp\/v2\/pages"}],"about":[{"href":"https:\/\/johnscotts.se\/kyrkogatan\/wp-json\/wp\/v2\/types\/page"}],"author":[{"embeddable":true,"href":"https:\/\/johnscotts.se\/kyrkogatan\/wp-json\/wp\/v2\/users\/4"}],"replies":[{"embeddable":true,"href":"https:\/\/johnscotts.se\/kyrkogatan\/wp-json\/wp\/v2\/comments?post=83"}],"version-history":[{"count":47,"href":"https:\/\/johnscotts.se\/kyrkogatan\/wp-json\/wp\/v2\/pages\/83\/revisions"}],"predecessor-version":[{"id":2181,"href":"https:\/\/johnscotts.se\/kyrkogatan\/wp-json\/wp\/v2\/pages\/83\/revisions\/2181"}],"wp:attachment":[{"href":"https:\/\/johnscotts.se\/kyrkogatan\/wp-json\/wp\/v2\/media?parent=83"}],"curies":[{"name":"wp","href":"https:\/\/api.w.org\/{rel}","templated":true}]}}