{"id":16,"date":"2022-10-04T16:53:36","date_gmt":"2022-10-04T14:53:36","guid":{"rendered":"https:\/\/johnscotts.se\/lillabantorget\/?page_id=16"},"modified":"2024-05-05T22:30:31","modified_gmt":"2024-05-05T20:30:31","slug":"veckans-lunch","status":"publish","type":"page","link":"https:\/\/johnscotts.se\/lillabantorget\/veckans-lunch\/","title":{"rendered":"Veckans lunch"},"content":{"rendered":"<div data-am-content><p>Dagens lunch 139 kr<\/p>\n<p>Serveras mellan kl 11.00-14.00, vardagar<\/p>\n<p>Salladsbuff\u00e9, sm\u00f6r, br\u00f6d och kaffe ing\u00e5r<\/p>\n<\/div>","protected":false},"excerpt":{"rendered":"<p>Dagens lunch 139 kr Serveras mellan kl 11.00-14.00, vardagar Salladsbuff\u00e9, sm\u00f6r, br\u00f6d och kaffe ing\u00e5r<\/p>\n","protected":false},"author":3,"featured_media":0,"parent":0,"menu_order":0,"comment_status":"closed","ping_status":"closed","template":"templates\/template-lunchmenu.php","meta":{"_acf_changed":false,"footnotes":""},"class_list":["post-16","page","type-page","status-publish","hentry"],"acf":[],"_links":{"self":[{"href":"https:\/\/johnscotts.se\/lillabantorget\/wp-json\/wp\/v2\/pages\/16","targetHints":{"allow":["GET"]}}],"collection":[{"href":"https:\/\/johnscotts.se\/lillabantorget\/wp-json\/wp\/v2\/pages"}],"about":[{"href":"https:\/\/johnscotts.se\/lillabantorget\/wp-json\/wp\/v2\/types\/page"}],"author":[{"embeddable":true,"href":"https:\/\/johnscotts.se\/lillabantorget\/wp-json\/wp\/v2\/users\/3"}],"replies":[{"embeddable":true,"href":"https:\/\/johnscotts.se\/lillabantorget\/wp-json\/wp\/v2\/comments?post=16"}],"version-history":[{"count":4,"href":"https:\/\/johnscotts.se\/lillabantorget\/wp-json\/wp\/v2\/pages\/16\/revisions"}],"predecessor-version":[{"id":548,"href":"https:\/\/johnscotts.se\/lillabantorget\/wp-json\/wp\/v2\/pages\/16\/revisions\/548"}],"wp:attachment":[{"href":"https:\/\/johnscotts.se\/lillabantorget\/wp-json\/wp\/v2\/media?parent=16"}],"curies":[{"name":"wp","href":"https:\/\/api.w.org\/{rel}","templated":true}]}}