{"id":10,"date":"2017-06-19T16:13:15","date_gmt":"2017-06-19T14:13:15","guid":{"rendered":"http:\/\/johnscotts.se\/linnegatan\/?page_id=10"},"modified":"2017-07-05T11:30:39","modified_gmt":"2017-07-05T09:30:39","slug":"veckans-sport","status":"publish","type":"page","link":"https:\/\/johnscotts.se\/linnegatan\/veckans-sport\/","title":{"rendered":"Veckans sport"},"content":{"rendered":"<div data-am-content><p>H\u00e4r \u00e4r temat idrottsstaden G\u00f6teborg, fler TV-apparater pryder v\u00e4ggarna tillsammans med fotografier, matchtr\u00f6jor och annat som f\u00f6r tankarna till sport.\u00a0Vi visar\u00a0sport alla dagar i veckan och du kan titta p\u00e5\u00a0allt ifr\u00e5n fotboll till skidskytte.<\/p>\n<p>Saknar du just den matchen du vill se p\u00e5 v\u00e5rt matchschema, s\u00e5 fr\u00e5ga i baren eller ring och boka din match (031-120777). Vi har m\u00f6jlighet att visa det mesta!<\/p>\n<\/div>","protected":false},"excerpt":{"rendered":"<p>H\u00e4r \u00e4r temat idrottsstaden G\u00f6teborg, fler TV-apparater pryder v\u00e4ggarna tillsammans med fotografier, matchtr\u00f6jor och annat som f\u00f6r tankarna till sport.\u00a0Vi visar\u00a0sport alla dagar i veckan och du kan titta p\u00e5\u00a0allt ifr\u00e5n fotboll till skidskytte. Saknar du just den matchen du vill se p\u00e5 v\u00e5rt matchschema, s\u00e5 fr\u00e5ga i baren eller ring och boka din match [&hellip;]<\/p>\n","protected":false},"author":1,"featured_media":0,"parent":0,"menu_order":0,"comment_status":"closed","ping_status":"closed","template":"templates\/template-sport.php","meta":{"_acf_changed":false,"footnotes":""},"class_list":["post-10","page","type-page","status-publish","hentry"],"acf":[],"_links":{"self":[{"href":"https:\/\/johnscotts.se\/linnegatan\/wp-json\/wp\/v2\/pages\/10","targetHints":{"allow":["GET"]}}],"collection":[{"href":"https:\/\/johnscotts.se\/linnegatan\/wp-json\/wp\/v2\/pages"}],"about":[{"href":"https:\/\/johnscotts.se\/linnegatan\/wp-json\/wp\/v2\/types\/page"}],"author":[{"embeddable":true,"href":"https:\/\/johnscotts.se\/linnegatan\/wp-json\/wp\/v2\/users\/1"}],"replies":[{"embeddable":true,"href":"https:\/\/johnscotts.se\/linnegatan\/wp-json\/wp\/v2\/comments?post=10"}],"version-history":[{"count":3,"href":"https:\/\/johnscotts.se\/linnegatan\/wp-json\/wp\/v2\/pages\/10\/revisions"}],"predecessor-version":[{"id":70,"href":"https:\/\/johnscotts.se\/linnegatan\/wp-json\/wp\/v2\/pages\/10\/revisions\/70"}],"wp:attachment":[{"href":"https:\/\/johnscotts.se\/linnegatan\/wp-json\/wp\/v2\/media?parent=10"}],"curies":[{"name":"wp","href":"https:\/\/api.w.org\/{rel}","templated":true}]}}