{"id":44,"date":"2017-07-05T10:59:44","date_gmt":"2017-07-05T08:59:44","guid":{"rendered":"http:\/\/johnscotts.se\/linnegatan\/?page_id=44"},"modified":"2019-03-14T14:29:25","modified_gmt":"2019-03-14T13:29:25","slug":"boka-bord","status":"publish","type":"page","link":"https:\/\/johnscotts.se\/linnegatan\/boka-bord\/","title":{"rendered":"Boka bord"},"content":{"rendered":"<div data-am-content><p class=\"preamble\">Ni\u00a0har alltid m\u00f6jlighet att boka bord innan ni kommer till John Scott\u2019s Linn\u00e9.<\/p>\n<p>Boka kan ni g\u00f6ra genom att ringa 031-120777 eller maila till <a href=\"mailto:bokning.linnegatan@johnscotts.se\">bokning.linnegatan@johnscotts.se<\/a> Uppge namn, telefonnummer, antal personer, datum och tid. F\u00f6r bordsbokning vid st\u00f6rre evenemang (tex konserter, EM, OS osv) kr\u00e4vs att alla \u00e4ter.<\/p>\n<p>Om det \u00e4r en bokning samma dag\u00a0ber vi er ringa in bokningen.<\/p>\n<\/div>","protected":false},"excerpt":{"rendered":"<p>Ni\u00a0har alltid m\u00f6jlighet att boka bord innan ni kommer till John Scott\u2019s Linn\u00e9. Boka kan ni g\u00f6ra genom att ringa 031-120777 eller maila till bokning.linnegatan@johnscotts.se Uppge namn, telefonnummer, antal personer, datum och tid. F\u00f6r bordsbokning vid st\u00f6rre evenemang (tex konserter, EM, OS osv) kr\u00e4vs att alla \u00e4ter. Om det \u00e4r en bokning samma dag\u00a0ber vi [&hellip;]<\/p>\n","protected":false},"author":2,"featured_media":0,"parent":0,"menu_order":0,"comment_status":"closed","ping_status":"closed","template":"","meta":{"_acf_changed":false,"footnotes":""},"class_list":["post-44","page","type-page","status-publish","hentry"],"acf":[],"_links":{"self":[{"href":"https:\/\/johnscotts.se\/linnegatan\/wp-json\/wp\/v2\/pages\/44","targetHints":{"allow":["GET"]}}],"collection":[{"href":"https:\/\/johnscotts.se\/linnegatan\/wp-json\/wp\/v2\/pages"}],"about":[{"href":"https:\/\/johnscotts.se\/linnegatan\/wp-json\/wp\/v2\/types\/page"}],"author":[{"embeddable":true,"href":"https:\/\/johnscotts.se\/linnegatan\/wp-json\/wp\/v2\/users\/2"}],"replies":[{"embeddable":true,"href":"https:\/\/johnscotts.se\/linnegatan\/wp-json\/wp\/v2\/comments?post=44"}],"version-history":[{"count":7,"href":"https:\/\/johnscotts.se\/linnegatan\/wp-json\/wp\/v2\/pages\/44\/revisions"}],"predecessor-version":[{"id":426,"href":"https:\/\/johnscotts.se\/linnegatan\/wp-json\/wp\/v2\/pages\/44\/revisions\/426"}],"wp:attachment":[{"href":"https:\/\/johnscotts.se\/linnegatan\/wp-json\/wp\/v2\/media?parent=44"}],"curies":[{"name":"wp","href":"https:\/\/api.w.org\/{rel}","templated":true}]}}