{"id":2,"date":"2017-06-19T13:40:43","date_gmt":"2017-06-19T13:40:43","guid":{"rendered":"http:\/\/johnscotts.se\/lund\/?page_id=2"},"modified":"2023-10-02T14:10:35","modified_gmt":"2023-10-02T12:10:35","slug":"sample-page","status":"publish","type":"page","link":"https:\/\/johnscotts.se\/lund\/","title":{"rendered":"Startsida"},"content":{"rendered":"<div data-am-content><p>V\u00c5R HISTORIA<br \/>\nHistorien om John Scott\u2019s b\u00f6rjar i slutet av 1700-talet i ett omr\u00e5de i G\u00f6teborg, ett omr\u00e5de vid namn Wohlfahrts \u00e4ngar.<br \/>\nByggnaderna i detta omr\u00e5de var byggda efter engelsk stil och dessutom var tomt\u00e4garen Jacobina Scott, f\u00f6dd Barclay, gift med en engelsman, pastor John Henry Scott. D\u00e4rf\u00f6r d\u00f6ptes omr\u00e5det snart om till Engelska kvarteret. 1867 k\u00f6pte staden marken av familjen Scott.<br \/>\nSedan dess har omr\u00e5det och dess fastigheter steg f\u00f6r steg moderniserats, men de karakt\u00e4riska engelska inredningsattributen lever kvar i dagens John Scott\u2019s, namngiven f\u00f6r att hedra de ursprungliga tomt\u00e4garna.<\/p>\n<p>V\u00c5R ID\u00c9<br \/>\nVi vill att du ska k\u00e4nna dig lika hemma hos oss som i ditt eget vardagsrum, om inte mer. H\u00e4r kan du \u00e4ta god v\u00e4llagad mat och framf\u00f6rallt dricka god \u00f6l och cider.<br \/>\nHos oss \u00e4r du alltid v\u00e4lkommen!<\/p>\n<p>V\u00c5R\u00a0 PERSONAL<br \/>\nI baren och p\u00e5 golvet har vi kunnig personal som kan hj\u00e4lpa dig med allt fr\u00e5n att hitta r\u00e4tt i huset till v\u00e4lja r\u00e4tt dryck i glaset. Vi ses i baren d\u00e4r vi tar emot din best\u00e4llning.<\/p>\n<p>OBS! \u00e5ldersgr\u00e4ns 23<\/p>\n<\/div>","protected":false},"excerpt":{"rendered":"<p>V\u00c5R HISTORIA Historien om John Scott\u2019s b\u00f6rjar i slutet av 1700-talet i ett omr\u00e5de i G\u00f6teborg, ett omr\u00e5de vid namn Wohlfahrts \u00e4ngar. Byggnaderna i detta omr\u00e5de var byggda efter engelsk stil och dessutom var tomt\u00e4garen Jacobina Scott, f\u00f6dd Barclay, gift med en engelsman, pastor John Henry Scott. D\u00e4rf\u00f6r d\u00f6ptes omr\u00e5det snart om till Engelska kvarteret. [&hellip;]<\/p>\n","protected":false},"author":1,"featured_media":0,"parent":0,"menu_order":-10,"comment_status":"closed","ping_status":"open","template":"","meta":{"_acf_changed":false,"footnotes":""},"class_list":["post-2","page","type-page","status-publish","hentry"],"acf":[],"_links":{"self":[{"href":"https:\/\/johnscotts.se\/lund\/wp-json\/wp\/v2\/pages\/2","targetHints":{"allow":["GET"]}}],"collection":[{"href":"https:\/\/johnscotts.se\/lund\/wp-json\/wp\/v2\/pages"}],"about":[{"href":"https:\/\/johnscotts.se\/lund\/wp-json\/wp\/v2\/types\/page"}],"author":[{"embeddable":true,"href":"https:\/\/johnscotts.se\/lund\/wp-json\/wp\/v2\/users\/1"}],"replies":[{"embeddable":true,"href":"https:\/\/johnscotts.se\/lund\/wp-json\/wp\/v2\/comments?post=2"}],"version-history":[{"count":16,"href":"https:\/\/johnscotts.se\/lund\/wp-json\/wp\/v2\/pages\/2\/revisions"}],"predecessor-version":[{"id":791,"href":"https:\/\/johnscotts.se\/lund\/wp-json\/wp\/v2\/pages\/2\/revisions\/791"}],"wp:attachment":[{"href":"https:\/\/johnscotts.se\/lund\/wp-json\/wp\/v2\/media?parent=2"}],"curies":[{"name":"wp","href":"https:\/\/api.w.org\/{rel}","templated":true}]}}