{"id":38,"date":"2017-09-15T09:36:39","date_gmt":"2017-09-15T07:36:39","guid":{"rendered":"http:\/\/johnscotts.se\/lund\/?page_id=38"},"modified":"2025-11-24T15:12:44","modified_gmt":"2025-11-24T14:12:44","slug":"boka-bord","status":"publish","type":"page","link":"https:\/\/johnscotts.se\/lund\/boka-bord\/","title":{"rendered":"Boka bord"},"content":{"rendered":"<div data-am-content><p><strong>V\u00e4lkommen till John Scott&#8217;s Lund.<\/strong><\/p>\n<p>Klicka p\u00e5 knappen nedan f\u00f6r att boka bord online. Vid enbart dryck eller l\u00e4ttare matalternativ tar vi INTE emot bokningar utan ist\u00e4llet \u00e4r ni varmt v\u00e4lkomna att droppa in n\u00e4r det passar er, d\u00e5 best\u00e4ller ni \u00e4ven allting i baren enligt brittisk seder.<\/p>\n<p class=\"preamble\"><strong><a href=\"https:\/\/booking.caspeco.net\/se_ipsgot\/22\" target=\"_blank\" rel=\"noopener\">Boka bord\u00a0<\/a><\/strong><strong>OBSERVERA ATT VID ENBART DRYCK ELLER L\u00c4TTARE MATALTERNATIV TAR VI INTE EMOT BOKNINGAR! Om detta kriteriet inte uppfylls debiteras en avgift.<\/strong><\/p>\n<p>Om ni \u00e4r ett s\u00e4llskap p\u00e5 mer \u00e4n 8 personer som vill \u00e4ta s\u00e5 rekommenderar vi att boka bord genom att maila oss p\u00e5 <a href=\"mailto:lund@johnscotts.se\">lund@johnscotts.se<\/a> eller att ringa oss p\u00e5 076-7631105. Vid bokning beh\u00f6ver vi veta hur m\u00e5nga ni blir, vilken tid samt ett kontaktnummer. Vid bokning \u00e4r bordet ert i 2,5h.<\/p>\n<p>Vid bokning f\u00f6r 10 personer eller fler s\u00e5 ber vi er att f\u00f6rbest\u00e4lla maten minst 48h i f\u00f6rv\u00e4g.<\/p>\n<p><strong>Hoppas att vi ses snart!<\/strong><\/p>\n<p>V\u00e4nligen observera f\u00f6ljande;<\/p>\n<ul>\n<li>Vi kan endast svara p\u00e5 s\u00e5v\u00e4l telefon som e-mail under v\u00e5ra \u00f6ppettider.<\/li>\n<li>Om ni \u00e4r f\u00f6rsenade ring och informera oss, vid mer \u00e4n 15 minuters f\u00f6rsening kan bordet komma att ges bort till andra g\u00e4ster.<\/li>\n<li>Vi till\u00e5ter ingen dryck eller mat ut\u00f6ver det som serveras fr\u00e5n v\u00e5r egen bar eller k\u00f6k.<\/li>\n<\/ul>\n<p><strong>Welcome to John Scott&#8217;s Lund.<\/strong><\/p>\n<p>Click the button below to book a table online. For\u00a0drinks or lighter food options only, we unfortunately do not accept reservations. Instead, you are warmly welcome to drop in whenever it suits you, and you will order everything at the bar, following British customs.<\/p>\n<p class=\"preamble\"><strong><a href=\"https:\/\/booking.caspeco.net\/se_ipsgot\/22\" target=\"_blank\" rel=\"noopener\">Book a table <\/a><\/strong><strong>OBSERVE! WE ONLY TAKE RESERVATIONS FOR DINNER GUESTS, FOR DRINKS AND LIGHTER FOOD ALTERNATIVES WE DO NOT TAKE BOOKINGS. If this requirement isn&#8217;t fulfilled a fee will be charged.<\/strong><\/p>\n<p>If you are a group of more than 8 wishing to dine, we recommend booking a table by emailing us at <a rel=\"noopener\">lund@johnscotts.se<\/a> or calling us at 076-7631105. When making a booking, your table is reserved for 2,5 hours.<\/p>\n<p>For bookings of 10 people or more, we kindly ask that you pre-order the food at least 48 hours in advance.<\/p>\n<p><strong>We hope to see you soon!<\/strong><\/p>\n<p>Please note the following;<\/p>\n<ul>\n<li>We can only respond to phone calls and emails during our opening hours.<\/li>\n<li>If you are running late, please call and inform us. If you are more than 15 minutes late, the table may be given to other guests.<\/li>\n<li>Only food and drinks from our own bar and kitchen is allowed to be consumed at our establishment<\/li>\n<\/ul>\n<p>&nbsp;<\/p>\n<\/div>","protected":false},"excerpt":{"rendered":"<p>V\u00e4lkommen till John Scott&#8217;s Lund. Klicka p\u00e5 knappen nedan f\u00f6r att boka bord online. Vid enbart dryck eller l\u00e4ttare matalternativ tar vi INTE emot bokningar utan ist\u00e4llet \u00e4r ni varmt v\u00e4lkomna att droppa in n\u00e4r det passar er, d\u00e5 best\u00e4ller ni \u00e4ven allting i baren enligt brittisk seder. Boka bord\u00a0OBSERVERA ATT VID ENBART DRYCK ELLER [&hellip;]<\/p>\n","protected":false},"author":2,"featured_media":785,"parent":0,"menu_order":0,"comment_status":"closed","ping_status":"closed","template":"","meta":{"_acf_changed":false,"footnotes":""},"class_list":["post-38","page","type-page","status-publish","has-post-thumbnail","hentry"],"acf":[],"_links":{"self":[{"href":"https:\/\/johnscotts.se\/lund\/wp-json\/wp\/v2\/pages\/38","targetHints":{"allow":["GET"]}}],"collection":[{"href":"https:\/\/johnscotts.se\/lund\/wp-json\/wp\/v2\/pages"}],"about":[{"href":"https:\/\/johnscotts.se\/lund\/wp-json\/wp\/v2\/types\/page"}],"author":[{"embeddable":true,"href":"https:\/\/johnscotts.se\/lund\/wp-json\/wp\/v2\/users\/2"}],"replies":[{"embeddable":true,"href":"https:\/\/johnscotts.se\/lund\/wp-json\/wp\/v2\/comments?post=38"}],"version-history":[{"count":37,"href":"https:\/\/johnscotts.se\/lund\/wp-json\/wp\/v2\/pages\/38\/revisions"}],"predecessor-version":[{"id":1073,"href":"https:\/\/johnscotts.se\/lund\/wp-json\/wp\/v2\/pages\/38\/revisions\/1073"}],"wp:featuredmedia":[{"embeddable":true,"href":"https:\/\/johnscotts.se\/lund\/wp-json\/wp\/v2\/media\/785"}],"wp:attachment":[{"href":"https:\/\/johnscotts.se\/lund\/wp-json\/wp\/v2\/media?parent=38"}],"curies":[{"name":"wp","href":"https:\/\/api.w.org\/{rel}","templated":true}]}}