{"id":47,"date":"2018-10-05T08:56:27","date_gmt":"2018-10-05T06:56:27","guid":{"rendered":"http:\/\/johnscotts.se\/molndal\/?page_id=47"},"modified":"2019-05-13T13:58:18","modified_gmt":"2019-05-13T11:58:18","slug":"shuffleboard","status":"publish","type":"page","link":"https:\/\/johnscotts.se\/molndal\/shuffleboard\/","title":{"rendered":"Shuffleboard"},"content":{"rendered":"<div data-am-content><p>Ta med dig v\u00e4nnerna och spela shuffleboard hos oss. Vi har totalt tre bord att spela p\u00e5 s\u00e5 varf\u00f6r inte boka in en turnering &#8211; kanske som ett roligt inslag p\u00e5 en vardag? Boka g\u00e4rna i f\u00f6rv\u00e4g d\u00e5 de ofta \u00e4r fullbokade.<\/p>\n<p>Shuffleboarden kostar 295:-per bana\/55min.<\/p>\n<\/div>","protected":false},"excerpt":{"rendered":"<p>Ta med dig v\u00e4nnerna och spela shuffleboard hos oss. Vi har totalt tre bord att spela p\u00e5 s\u00e5 varf\u00f6r inte boka in en turnering &#8211; kanske som ett roligt inslag p\u00e5 en vardag? Boka g\u00e4rna i f\u00f6rv\u00e4g d\u00e5 de ofta \u00e4r fullbokade. Shuffleboarden kostar 295:-per bana\/55min.<\/p>\n","protected":false},"author":2,"featured_media":0,"parent":0,"menu_order":0,"comment_status":"closed","ping_status":"closed","template":"","meta":{"_acf_changed":false,"footnotes":""},"class_list":["post-47","page","type-page","status-publish","hentry"],"acf":[],"_links":{"self":[{"href":"https:\/\/johnscotts.se\/molndal\/wp-json\/wp\/v2\/pages\/47","targetHints":{"allow":["GET"]}}],"collection":[{"href":"https:\/\/johnscotts.se\/molndal\/wp-json\/wp\/v2\/pages"}],"about":[{"href":"https:\/\/johnscotts.se\/molndal\/wp-json\/wp\/v2\/types\/page"}],"author":[{"embeddable":true,"href":"https:\/\/johnscotts.se\/molndal\/wp-json\/wp\/v2\/users\/2"}],"replies":[{"embeddable":true,"href":"https:\/\/johnscotts.se\/molndal\/wp-json\/wp\/v2\/comments?post=47"}],"version-history":[{"count":3,"href":"https:\/\/johnscotts.se\/molndal\/wp-json\/wp\/v2\/pages\/47\/revisions"}],"predecessor-version":[{"id":228,"href":"https:\/\/johnscotts.se\/molndal\/wp-json\/wp\/v2\/pages\/47\/revisions\/228"}],"wp:attachment":[{"href":"https:\/\/johnscotts.se\/molndal\/wp-json\/wp\/v2\/media?parent=47"}],"curies":[{"name":"wp","href":"https:\/\/api.w.org\/{rel}","templated":true}]}}