{"id":51,"date":"2018-10-05T09:00:21","date_gmt":"2018-10-05T07:00:21","guid":{"rendered":"http:\/\/johnscotts.se\/molndal\/?page_id=51"},"modified":"2019-05-13T13:55:57","modified_gmt":"2019-05-13T11:55:57","slug":"dart","status":"publish","type":"page","link":"https:\/\/johnscotts.se\/molndal\/dart\/","title":{"rendered":"Dart"},"content":{"rendered":"<div data-am-content><p>Vem s\u00e4tter bull&#8217;s eye f\u00f6rst i ert g\u00e4ng? Vi har tv\u00e5 dart-tavlor i restaurangen (givetvis lite avskilt fr\u00e5n andra g\u00e4ster). Pilar h\u00e4mtas ut i baren.<\/p>\n<p>S\u00e5h\u00e4r r\u00e4knar ni po\u00e4ng i dart:<\/p>\n<ul>\n<li>En pil som landar p\u00e5 de stora f\u00e4lten, med f\u00e4rgerna svart och vit, ger precis den po\u00e4ngen som g\u00e4ller f\u00f6r den sektionen.\n<ul>\n<li>En pil som tr\u00e4ffar de sm\u00e5 yttre f\u00e4lten, med f\u00e4rgerna r\u00f6d och gr\u00f6n, ger dubbla po\u00e4ngen f\u00f6r sektionen.<\/li>\n<li>En pil som tr\u00e4ffar de sm\u00e5 inre f\u00e4lten, ungef\u00e4r halvv\u00e4gs mellan mitten och den yttre kanten och \u00e4ven den med f\u00e4rgerna r\u00f6d och gr\u00f6n ger tredubbla po\u00e4ngen f\u00f6r sektionen.<\/li>\n<\/ul>\n<\/li>\n<li>Mittcirkeln \u00e4r indelad i en yttre gr\u00f6n ring v\u00e4rd 25 po\u00e4ng och en inre r\u00f6d cirkel v\u00e4rd 50 po\u00e4ng.<\/li>\n<li>En pil som hamnar utanf\u00f6r den yttre listen ger inga po\u00e4ng.<\/li>\n<li>En pil som inte \u00e4r kvar p\u00e5 tavlan efter kastet (till exempel en pil som tr\u00e4ffar en list (st\u00e5ltr\u00e5d) och studsar av tavlan eller en pil som ramlar ner efter att ha tr\u00e4ffats av en senare pil) ger inga po\u00e4ng. Ett flertal varianter p\u00e5 den h\u00e4r regeln existerar. Enligt internationella regler g\u00e4ller dock att pilar som ej sitter kvar i tavlan tills spelaren h\u00e4mtat dem ur tavlan och po\u00e4ngen noteras ej r\u00e4knas.<\/li>\n<\/ul>\n<p><em>K\u00e4lla: Wikipedia<\/em><\/p>\n<\/div>","protected":false},"excerpt":{"rendered":"<p>Vem s\u00e4tter bull&#8217;s eye f\u00f6rst i ert g\u00e4ng? Vi har tv\u00e5 dart-tavlor i restaurangen (givetvis lite avskilt fr\u00e5n andra g\u00e4ster). Pilar h\u00e4mtas ut i baren. S\u00e5h\u00e4r r\u00e4knar ni po\u00e4ng i dart: En pil som landar p\u00e5 de stora f\u00e4lten, med f\u00e4rgerna svart och vit, ger precis den po\u00e4ngen som g\u00e4ller f\u00f6r den sektionen. En pil [&hellip;]<\/p>\n","protected":false},"author":2,"featured_media":0,"parent":0,"menu_order":0,"comment_status":"closed","ping_status":"closed","template":"","meta":{"_acf_changed":false,"footnotes":""},"class_list":["post-51","page","type-page","status-publish","hentry"],"acf":[],"_links":{"self":[{"href":"https:\/\/johnscotts.se\/molndal\/wp-json\/wp\/v2\/pages\/51","targetHints":{"allow":["GET"]}}],"collection":[{"href":"https:\/\/johnscotts.se\/molndal\/wp-json\/wp\/v2\/pages"}],"about":[{"href":"https:\/\/johnscotts.se\/molndal\/wp-json\/wp\/v2\/types\/page"}],"author":[{"embeddable":true,"href":"https:\/\/johnscotts.se\/molndal\/wp-json\/wp\/v2\/users\/2"}],"replies":[{"embeddable":true,"href":"https:\/\/johnscotts.se\/molndal\/wp-json\/wp\/v2\/comments?post=51"}],"version-history":[{"count":2,"href":"https:\/\/johnscotts.se\/molndal\/wp-json\/wp\/v2\/pages\/51\/revisions"}],"predecessor-version":[{"id":227,"href":"https:\/\/johnscotts.se\/molndal\/wp-json\/wp\/v2\/pages\/51\/revisions\/227"}],"wp:attachment":[{"href":"https:\/\/johnscotts.se\/molndal\/wp-json\/wp\/v2\/media?parent=51"}],"curies":[{"name":"wp","href":"https:\/\/api.w.org\/{rel}","templated":true}]}}