{"id":1222,"date":"2019-12-18T12:08:19","date_gmt":"2019-12-18T11:08:19","guid":{"rendered":"http:\/\/johnscotts.se\/palace\/?page_id=1222"},"modified":"2022-09-30T16:51:52","modified_gmt":"2022-09-30T14:51:52","slug":"konferens-mote-event","status":"publish","type":"page","link":"https:\/\/johnscotts.se\/palace\/konferens-mote-event\/","title":{"rendered":"Konferens, m\u00f6te, event"},"content":{"rendered":"<div data-am-content><p>V\u00e4lkommen till John Scott&#8217;s i Palace-huset! H\u00e4r har ni m\u00f6jlighet att ha ert m\u00f6te i en lika vacker som kreativ milj\u00f6. Tack vare l\u00e4get \u00e4r det lika l\u00e4tt att ta sig hit oavsett var du kommer ifr\u00e5n \u2013 vi har kollektivtrafiken i Brunnsparken precis utanf\u00f6r d\u00f6rren och centralstationen runt h\u00f6rnet.<\/p>\n<p>Vi erbjuder hel- och halvdagskonferenser, mingel, f\u00f6reningstr\u00e4ffar, kick-offer och galamiddagar f\u00f6r upp till 80 personer i v\u00e5r klubblokal Kiki p\u00e5 v\u00e5ning tv\u00e5. Det \u00e4r en tropiskt inredd lokal som ger en helt annan k\u00e4nsla \u00e4n en traditionell m\u00f6teslokal. Kom g\u00e4rna hit och titta p\u00e5 den.<\/p>\n<p>Vi tar emot s\u00e4llskap fr\u00e5n 30 personer.<\/p>\n<p>Vill ni avrunda under mer lediga former s\u00e5 \u00e4r det bara att att g\u00e5 en trappa ner till puben, och avnjuta en lokal \u00f6l (s\u00e5 lokal att den \u00e4r bryggd i huset, precis bredvid baren!) n\u00e4r ert m\u00f6te \u00e4r \u00f6ver.<\/p>\n<p>V\u00e4lkommen till historiska Palace-huset mitt i G\u00f6teborg \u2013 en naturlig m\u00f6tesplats sedan l\u00e5ng, l\u00e5ng tid tillbaka.<\/p>\n<p>Maila oss p\u00e5 <a href=\"mailto:bokning@palace.se\">bokning@palace.se<\/a> f\u00f6r mer information.<\/p>\n<p>V\u00e4lkomna<\/p>\n<\/div>","protected":false},"excerpt":{"rendered":"<p>V\u00e4lkommen till John Scott&#8217;s i Palace-huset! H\u00e4r har ni m\u00f6jlighet att ha ert m\u00f6te i en lika vacker som kreativ milj\u00f6. Tack vare l\u00e4get \u00e4r det lika l\u00e4tt att ta sig hit oavsett var du kommer ifr\u00e5n \u2013 vi har kollektivtrafiken i Brunnsparken precis utanf\u00f6r d\u00f6rren och centralstationen runt h\u00f6rnet. Vi erbjuder hel- och halvdagskonferenser, [&hellip;]<\/p>\n","protected":false},"author":14,"featured_media":0,"parent":0,"menu_order":0,"comment_status":"closed","ping_status":"closed","template":"","meta":{"_acf_changed":false,"footnotes":""},"class_list":["post-1222","page","type-page","status-publish","hentry"],"acf":[],"_links":{"self":[{"href":"https:\/\/johnscotts.se\/palace\/wp-json\/wp\/v2\/pages\/1222","targetHints":{"allow":["GET"]}}],"collection":[{"href":"https:\/\/johnscotts.se\/palace\/wp-json\/wp\/v2\/pages"}],"about":[{"href":"https:\/\/johnscotts.se\/palace\/wp-json\/wp\/v2\/types\/page"}],"author":[{"embeddable":true,"href":"https:\/\/johnscotts.se\/palace\/wp-json\/wp\/v2\/users\/14"}],"replies":[{"embeddable":true,"href":"https:\/\/johnscotts.se\/palace\/wp-json\/wp\/v2\/comments?post=1222"}],"version-history":[{"count":6,"href":"https:\/\/johnscotts.se\/palace\/wp-json\/wp\/v2\/pages\/1222\/revisions"}],"predecessor-version":[{"id":1940,"href":"https:\/\/johnscotts.se\/palace\/wp-json\/wp\/v2\/pages\/1222\/revisions\/1940"}],"wp:attachment":[{"href":"https:\/\/johnscotts.se\/palace\/wp-json\/wp\/v2\/media?parent=1222"}],"curies":[{"name":"wp","href":"https:\/\/api.w.org\/{rel}","templated":true}]}}