{"id":1890,"date":"2022-07-06T09:59:08","date_gmt":"2022-07-06T07:59:08","guid":{"rendered":"https:\/\/johnscotts.se\/palace\/?page_id=1890"},"modified":"2025-11-13T11:47:26","modified_gmt":"2025-11-13T10:47:26","slug":"burger-day-every-day","status":"publish","type":"page","link":"https:\/\/johnscotts.se\/palace\/burger-day-every-day\/","title":{"rendered":"Burger Day. Every Day."},"content":{"rendered":"<div data-am-content><h3>JOHN SCOTT&#8217;S PALACE HAMBURGARE<\/h3>\n<ul>\n<li><strong>Palace Premium Burger<\/strong> \u2013 140g, Bringa- och H\u00f6grevsburgare, Cheddarost, Bacon, Sallad, Dressing, Tomat, Picklad R\u00f6dl\u00f6k, Saltgurka med Pommes Frites och Tre Dips\u00e5ser (tryffelmajo, aioli, bea) <strong>175:-<\/strong><\/li>\n<li><strong>Palace Cheeseburgare<\/strong> \u2013 140g, Bringa- och H\u00f6grevsburgare, 2 st Pepper Jack Cheese, Tomat, Karamelliserad L\u00f6k, Picklad Gurka med Pommes Frites och Chipotle Dip <strong>165:-<\/strong><\/li>\n<li><strong>Grillcheeseburgare (V)<\/strong> &#8211; Grillcheeseburgare, Grillad R\u00f6d Paprika, Sallad, Tomat, Picklad R\u00f6dl\u00f6k med Pommes Frites och Aioli <strong>165:-<\/strong><\/li>\n<li><strong>Veganburgare<\/strong> &#8211; Peas of Heaven burgare, Sallad, Tomat, Picklad Gurka, R\u00f6dl\u00f6k, Avokado med Pommes Fries och Chipotle Dip <strong>165:-<\/strong><\/li>\n<\/ul>\n<p>Byta till S\u00f6tpotatispommes? <strong>+21:-<\/strong><br \/>\nJ\u00e4ttehungrig? Extra k\u00f6tt\/grillcheese\/veganburgare <strong>+65:-<\/strong><strong><br \/>\n<\/strong>Det finns ocks\u00e5 glutenfritt br\u00f6d!<\/p>\n<h3>v\u00e4lkommen!<\/h3>\n<\/div>","protected":false},"excerpt":{"rendered":"<p>JOHN SCOTT&#8217;S PALACE HAMBURGARE Palace Premium Burger \u2013 140g, Bringa- och H\u00f6grevsburgare, Cheddarost, Bacon, Sallad, Dressing, Tomat, Picklad R\u00f6dl\u00f6k, Saltgurka med Pommes Frites och Tre Dips\u00e5ser (tryffelmajo, aioli, bea) 175:- Palace Cheeseburgare \u2013 140g, Bringa- och H\u00f6grevsburgare, 2 st Pepper Jack Cheese, Tomat, Karamelliserad L\u00f6k, Picklad Gurka med Pommes Frites och Chipotle Dip 165:- Grillcheeseburgare [&hellip;]<\/p>\n","protected":false},"author":2,"featured_media":1631,"parent":0,"menu_order":0,"comment_status":"closed","ping_status":"closed","template":"","meta":{"_acf_changed":false,"footnotes":""},"class_list":["post-1890","page","type-page","status-publish","has-post-thumbnail","hentry"],"acf":[],"_links":{"self":[{"href":"https:\/\/johnscotts.se\/palace\/wp-json\/wp\/v2\/pages\/1890","targetHints":{"allow":["GET"]}}],"collection":[{"href":"https:\/\/johnscotts.se\/palace\/wp-json\/wp\/v2\/pages"}],"about":[{"href":"https:\/\/johnscotts.se\/palace\/wp-json\/wp\/v2\/types\/page"}],"author":[{"embeddable":true,"href":"https:\/\/johnscotts.se\/palace\/wp-json\/wp\/v2\/users\/2"}],"replies":[{"embeddable":true,"href":"https:\/\/johnscotts.se\/palace\/wp-json\/wp\/v2\/comments?post=1890"}],"version-history":[{"count":9,"href":"https:\/\/johnscotts.se\/palace\/wp-json\/wp\/v2\/pages\/1890\/revisions"}],"predecessor-version":[{"id":2779,"href":"https:\/\/johnscotts.se\/palace\/wp-json\/wp\/v2\/pages\/1890\/revisions\/2779"}],"wp:featuredmedia":[{"embeddable":true,"href":"https:\/\/johnscotts.se\/palace\/wp-json\/wp\/v2\/media\/1631"}],"wp:attachment":[{"href":"https:\/\/johnscotts.se\/palace\/wp-json\/wp\/v2\/media?parent=1890"}],"curies":[{"name":"wp","href":"https:\/\/api.w.org\/{rel}","templated":true}]}}