{"id":2182,"date":"2023-06-29T15:10:58","date_gmt":"2023-06-29T13:10:58","guid":{"rendered":"https:\/\/johnscotts.se\/palace\/?page_id=2182"},"modified":"2024-01-20T15:55:04","modified_gmt":"2024-01-20T14:55:04","slug":"meny","status":"publish","type":"page","link":"https:\/\/johnscotts.se\/palace\/meny\/","title":{"rendered":"Meny"},"content":{"rendered":"<div data-am-content><p><a href=\"http:\/\/johnscotts.se\/palace\/wp-content\/uploads\/sites\/2\/2023\/09\/MENY-230908-a-la-carte-end.meny_-1.pdf\">MENY-230908 &#8211; a la carte &#8211; end.meny<\/a><\/p>\n<h3><strong>SM\u00c5TT &amp; GOTT \/\/ STARTERS &amp; TO SHARE<\/strong><\/h3>\n<p><strong>GRATINERADE NACHOS (V)\u00a0 \u00a099 kr<\/strong><br \/>\nCheddar och Mozzarellaost, Guacamole och Salsa<em><br \/>\n<\/em><em>Gratinated Nachos &#8211; Cheddar and Mozzarella Cheese, Guacamole and Salsa<\/em><\/p>\n<p><strong>NACHOS CON CARNE\u00a0 135 kr<\/strong><br \/>\nGratinerade Nachos med Ost, Kryddigt N\u00f6tf\u00e4rs, Pico de Gallo och Guacamole<br \/>\n<em>Gratinated Nachos with Cheese, Spicy Meat, Pico de Gallo and Guacamole<\/em><\/p>\n<p><strong>KYCKLINGVINGAR CAJUN STYLE (8st)\u00a0 99 kr<\/strong><br \/>\nHeta Kycklingvingar med chipotle ketchup<br \/>\n<em>BBQ Chicken Wings Cajun Style with chipotle ketchup (Hot)<\/em><\/p>\n<p><strong>Charktallrik \/\/ Cold Cut Plate\u00a0 \u00a0159 kr<\/strong><br \/>\nProsciutto, F\u00e4nk\u00e5lsalami, Chorizo, Oliver, Cornichons, Aioli och Levain Baguette<br \/>\n<em>Prosciutto, Fennelsalami, Chorizo, Olives, Cornichons, Aioli and Baguette au Levain<\/em><\/p>\n<h3>FR\u00c5N KUSTEN \/\/ FROM THE COASTLINE<\/h3>\n<p><strong>Fish &amp; Chips\u00a0 179 kr<\/strong><br \/>\nFriterad Torskfil\u00e9, Citron, Dill- &amp; Pickle Remoulade, Pommes Frites<br \/>\n<em>Fried Cod Fillet, Lemon, Dill- &amp; Pickle Remoulad, French Fries<\/em><\/p>\n<p><strong>Moules Frites\u00a0 \u00a0 219 kr<\/strong><br \/>\nBl\u00e5musslor, Vitvinss\u00e5s, Persilja, Vitl\u00f6k, Grillat Levain Br\u00f6d, Pommes Frites, Aioli<br \/>\n<em>Mussels, White Wine Sauce, Parsley, Garlic, Grilled Levain Bread, Aioli, French Fries<\/em><\/p>\n<h3>SM\u00d6RG\u00c5SAR &amp; SALLADER \/\/ SANDWICHES &amp; SALADS<\/h3>\n<p><strong>Getostsallad \/\/ Goat cheese Salad (V)\u00a0 \u00a0 159 kr<\/strong><br \/>\nGratinerad Getost, Levainbr\u00f6d, R\u00f6dbetor, Plocksallad, Quinoa, K\u00f6rsb\u00e4rstomater, R\u00f6dl\u00f6k, Sk\u00e5nsk Honungsdressing<br \/>\n<em>Gratinated Goat Cheese, Levain Bread, Pickled Beetroots, Salad, Quinoa, Sk\u00e5nsk Honey Vinegrette<\/em><\/p>\n<p><strong>Caesarsallad, Kyckling \/\/ Chicken\u00a0 \u00a0169 kr<\/strong><br \/>\nGrillad Kycklingfil\u00e9, Romansallad, R\u00f6dl\u00f6k, Bacon, Tomat,<br \/>\nDressing, Krutonger, Grana Padano Ost<br \/>\n<em>Grilled Chicken Fillet, Roman Salad, Red Onion, Bacon, Tomato, Dressing, <\/em><br \/>\n<em>Croutons, Grana Padano Cheese<\/em><\/p>\n<p><strong>Caesarsallad, R\u00e4kor \/\/ Shrimp\u00a0 \u00a0185 kr<\/strong><br \/>\nF\u00e4rska R\u00e4kor, Romansallad, R\u00f6dl\u00f6k, Tomat, Dressing, Krutonger, Grana Padano Ost<br \/>\n<em>Fresh Shrimps, Roman Salad, Red Onion, Tomato, Dressing, Croutons, Grana Padano Cheese<\/em><\/p>\n<p><strong>R\u00e4ksm\u00f6rg\u00e5s \/\/ Shrimp Sandwich\u00a0 \u00a0235 kr<\/strong><br \/>\nR\u00e5gbr\u00f6d med Solrosfr\u00f6n, Majonn\u00e4s, Gurka, \u00c4gg, Tomat, Citron<br \/>\n<em>Sunflower Rye Bread, Mayonnaise, Cucumber, Egg, Tomato, Lemon<\/em><\/p>\n<h3>HAMBURGARE \/\/ HAMBURGERS<\/h3>\n<p>Serveras i Durumbr\u00f6d med Dip och Pommes Frites.<br \/>\nByte till S\u00f6tpotatis Pommes +19:- och extra burgare +59:-<br \/>\n<em>Served in Durum bread with Dip Sauce and Frensh Fries. <\/em><br \/>\n<em>Change to Sweet Potatoe Fries +19:- and Extra Burger is +59:-<\/em><\/p>\n<p><strong>John Scott\u2019s Burger (140g)\u00a0 \u00a0159 kr<\/strong><\/p>\n<p>H\u00f6grevsburgare, Cheddarost, Bacon, Sallad, Dressing, Tomat, Picklad R\u00f6dl\u00f6k,<br \/>\nSaltgurka, Tre Dips\u00e5ser<br \/>\n<em>Brisket Burger, Cheddar Cheese, Bacon, Salad, Dressing, Tomato, Pickled Red Onion, <\/em><br \/>\n<em>Salt Cucumber, 3 Dip Sauces<\/em><\/p>\n<p><strong>Cheeseburger (140g)\u00a0 149 kr<\/strong><br \/>\nH\u00f6grevsburgare, Cheddar &amp; pepper Jack Ost, Karamelliserad L\u00f6k, Tomat,<br \/>\nPickled Gurka, Chipotle Dip<br \/>\n<em>Brisket Burger, Cheddar &amp; Pepper Jack Cheese, Caramellized Onion, Tomatoe, Pickled Cucumber, Chipotle Dip<\/em><\/p>\n<p><strong>Grillcheese burger (V)\u00a0 149 kr<\/strong><br \/>\nGrillost, Grillad R\u00f6d Paprika, Tomat, Picklad R\u00f6dl\u00f6k, Sallad, Aioli<br \/>\n<em>Grillcheese, Grilled Red Bellpepper, Tomatoe, Pickled Red Onion, Salad, Aioli<\/em><\/p>\n<p><strong>Veganburger\u00a0 149 kr<\/strong><br \/>\nPeas of Heaven burgare, Sallad, Tomat, Picklad Gurka, Vegansk Dip, Guacamole<br \/>\n<em>Peas of Heaven burger, Salad, Tomato, Pickled Cucumber, Vegan Dip, Guacamole<\/em><\/p>\n<h3>biff \/\/ STEAK<\/h3>\n<p><strong>Grillad Ryggbiff \u2013 200g \/\/ Sirloin Steak \u2013 200G\u00a0 \u00a0255 kr<\/strong><br \/>\nGrillad Ryggbiff, Gr\u00f6npeppars\u00e5s, Tomat- och R\u00f6dl\u00f6kssallad, Pommes Frites<br \/>\n<em>Sirloin Steak \u2013 Green Pepper Sauce, Tomato and Red Onion Salad, French Fries<\/em><\/p>\n<p><strong>Mexikansk mix \/\/ Mexican tidbit 235 kr<\/strong><br \/>\nBBQ-Glacerade Revben, Chili Con Carne, Chicken hot Wings, Corn on the cob, Nachos, Onion rings, Guacamole<br \/>\n<em>BBQ Glazed Back Ribs, Chili Con Carne, Chicken hot Wings, Corn on the cob, Nachos, Onion rings , Guacamole<\/em><\/p>\n<h3>tillbeh\u00f6r \/\/ EXTRAS<\/h3>\n<ul>\n<li>Grillat br\u00f6d med vitl\u00f6kssm\u00f6r och ost \/ Hot crusty bread with garlic butter and cheese\u00a0 \u00a049 kr<\/li>\n<li>Pommes Frites med aioli \/ Fries with garlic mayo\u00a0 \u00a045 kr<\/li>\n<li>S\u00f6tpotatispommes frites med aioli \/ Sweet Potato Fries with garlic mayo\u00a0 \u00a059 kr<\/li>\n<li>L\u00f6kringar med chipotle ketchup\/ Onion Rings with chipotle ketchup\u00a0 \u00a0 49 kr<\/li>\n<li>Blandsallad \/ Mixed Salad\u00a0 \u00a045 kr<\/li>\n<li>Tryffelmajonn\u00e4s eller Guacamole \/ Truffel Mayonnaise or Guacamole\u00a0 \u00a025 kr<\/li>\n<li>6 mozzarella sticks med chipotle ketchup\/ 6 mozzarella sticks with chipotle ketchup\u00a0 \u00a059 kr<\/li>\n<li>8 chicken nuggets med chipotle ketchup \/ 8 chicken nuggets with chipotle ketchup\u00a0 \u00a059 kr<\/li>\n<li>B\u00e9arnaise, aioli eller chipotle dip \/ B\u00e9arnaise, garlic mayo or chipotle dip\u00a0 \u00a019 kr<\/li>\n<li>Remoulade S\u00e5s \/ Remoulad Sauce\u00a0 19 kr<\/li>\n<\/ul>\n<h3>DESSERTER \/\/ DESSERTS<\/h3>\n<p><strong>Choklad Fondant \/ Chocolate Fondant 89 kr<\/strong><\/p>\n<p>Serveras med vaniljglass och coulis och mar\u00e4nger.<br \/>\n<em>Served with vanilla ice cream, merengues and coulis.<\/em><\/p>\n<p><strong>Cr\u00e8me Br\u00fbl\u00e9e 89 kr<\/strong><br \/>\nServeras med f\u00e4rska b\u00e4r och hallonsorbet.<br \/>\n<em>Served with fresh berries and rasberry sorbet.<\/em><\/p>\n<\/div>","protected":false},"excerpt":{"rendered":"<p>MENY-230908 &#8211; a la carte &#8211; end.meny SM\u00c5TT &amp; GOTT \/\/ STARTERS &amp; TO SHARE GRATINERADE NACHOS (V)\u00a0 \u00a099 kr Cheddar och Mozzarellaost, Guacamole och Salsa Gratinated Nachos &#8211; Cheddar and Mozzarella Cheese, Guacamole and Salsa NACHOS CON CARNE\u00a0 135 kr Gratinerade Nachos med Ost, Kryddigt N\u00f6tf\u00e4rs, Pico de Gallo och Guacamole Gratinated Nachos with [&hellip;]<\/p>\n","protected":false},"author":14,"featured_media":0,"parent":0,"menu_order":0,"comment_status":"closed","ping_status":"closed","template":"","meta":{"_acf_changed":false,"footnotes":""},"class_list":["post-2182","page","type-page","status-publish","hentry"],"acf":[],"_links":{"self":[{"href":"https:\/\/johnscotts.se\/palace\/wp-json\/wp\/v2\/pages\/2182","targetHints":{"allow":["GET"]}}],"collection":[{"href":"https:\/\/johnscotts.se\/palace\/wp-json\/wp\/v2\/pages"}],"about":[{"href":"https:\/\/johnscotts.se\/palace\/wp-json\/wp\/v2\/types\/page"}],"author":[{"embeddable":true,"href":"https:\/\/johnscotts.se\/palace\/wp-json\/wp\/v2\/users\/14"}],"replies":[{"embeddable":true,"href":"https:\/\/johnscotts.se\/palace\/wp-json\/wp\/v2\/comments?post=2182"}],"version-history":[{"count":15,"href":"https:\/\/johnscotts.se\/palace\/wp-json\/wp\/v2\/pages\/2182\/revisions"}],"predecessor-version":[{"id":2188,"href":"https:\/\/johnscotts.se\/palace\/wp-json\/wp\/v2\/pages\/2182\/revisions\/2188"}],"wp:attachment":[{"href":"https:\/\/johnscotts.se\/palace\/wp-json\/wp\/v2\/media?parent=2182"}],"curies":[{"name":"wp","href":"https:\/\/api.w.org\/{rel}","templated":true}]}}