{"id":2241,"date":"2023-09-28T10:08:29","date_gmt":"2023-09-28T08:08:29","guid":{"rendered":"https:\/\/johnscotts.se\/palace\/?page_id=2241"},"modified":"2025-08-18T10:45:48","modified_gmt":"2025-08-18T08:45:48","slug":"lunchmeny","status":"publish","type":"page","link":"https:\/\/johnscotts.se\/palace\/lunchmeny\/","title":{"rendered":"Lunchmeny"},"content":{"rendered":"<div data-am-content><p><span data-contrast=\"auto\">Dagens Lunch serveras m\u00e5ndag till fredag fr\u00e5n 11.30 \u2013 14.30. Sallad, m\u00e5ltidsdryck, kaffe &amp; kaka ing\u00e5r i Dagens R\u00e4tt.<br \/>\n(F\u00f6r 20kr extra s\u00e5 ing\u00e5r det \u00e4ven p\u00e5 \u00f6vriga r\u00e4tter)<\/span><\/p>\n<h3><span data-contrast=\"auto\">Pris<\/span><\/h3>\n<ul>\n<li><span data-contrast=\"auto\">Dagens Lunch: 129:-<\/span><\/li>\n<li><span data-ccp-props=\"{&quot;134233279&quot;:true,&quot;201341983&quot;:0,&quot;335559739&quot;:160,&quot;335559740&quot;:259}\">Cheese Burger: 129:-<\/span><\/li>\n<li><span data-ccp-props=\"{&quot;134233279&quot;:true,&quot;201341983&quot;:0,&quot;335559739&quot;:160,&quot;335559740&quot;:259}\">Vegan Burgare: 129:-<\/span><\/li>\n<li>Fisk: 139:-<\/li>\n<li>K\u00f6ttbullar: 139:-<\/li>\n<li>Fl\u00e4skschnitzel: 155:-<\/li>\n<li>Caesar Sallad, kyckling 179:-<\/li>\n<li>Caesar Sallad, r\u00e4kor 189:-<\/li>\n<li>R\u00e4kmacka 239:-<\/li>\n<li>Entrecote med Pommes Frites 189:- (serveras till kl. 18:00)<\/li>\n<\/ul>\n<\/div>","protected":false},"excerpt":{"rendered":"<p>Dagens Lunch serveras m\u00e5ndag till fredag fr\u00e5n 11.30 \u2013 14.30. Sallad, m\u00e5ltidsdryck, kaffe &amp; kaka ing\u00e5r i Dagens R\u00e4tt. (F\u00f6r 20kr extra s\u00e5 ing\u00e5r det \u00e4ven p\u00e5 \u00f6vriga r\u00e4tter) Pris Dagens Lunch: 129:- Cheese Burger: 129:- Vegan Burgare: 129:- Fisk: 139:- K\u00f6ttbullar: 139:- Fl\u00e4skschnitzel: 155:- Caesar Sallad, kyckling 179:- Caesar Sallad, r\u00e4kor 189:- R\u00e4kmacka 239:- [&hellip;]<\/p>\n","protected":false},"author":2,"featured_media":0,"parent":0,"menu_order":0,"comment_status":"closed","ping_status":"closed","template":"templates\/template-lunchmenu.php","meta":{"_acf_changed":false,"footnotes":""},"class_list":["post-2241","page","type-page","status-publish","hentry"],"acf":[],"_links":{"self":[{"href":"https:\/\/johnscotts.se\/palace\/wp-json\/wp\/v2\/pages\/2241","targetHints":{"allow":["GET"]}}],"collection":[{"href":"https:\/\/johnscotts.se\/palace\/wp-json\/wp\/v2\/pages"}],"about":[{"href":"https:\/\/johnscotts.se\/palace\/wp-json\/wp\/v2\/types\/page"}],"author":[{"embeddable":true,"href":"https:\/\/johnscotts.se\/palace\/wp-json\/wp\/v2\/users\/2"}],"replies":[{"embeddable":true,"href":"https:\/\/johnscotts.se\/palace\/wp-json\/wp\/v2\/comments?post=2241"}],"version-history":[{"count":22,"href":"https:\/\/johnscotts.se\/palace\/wp-json\/wp\/v2\/pages\/2241\/revisions"}],"predecessor-version":[{"id":2725,"href":"https:\/\/johnscotts.se\/palace\/wp-json\/wp\/v2\/pages\/2241\/revisions\/2725"}],"wp:attachment":[{"href":"https:\/\/johnscotts.se\/palace\/wp-json\/wp\/v2\/media?parent=2241"}],"curies":[{"name":"wp","href":"https:\/\/api.w.org\/{rel}","templated":true}]}}