{"id":2554,"date":"2024-12-02T09:12:41","date_gmt":"2024-12-02T08:12:41","guid":{"rendered":"https:\/\/johnscotts.se\/palace\/?page_id=2554"},"modified":"2025-06-19T19:08:34","modified_gmt":"2025-06-19T17:08:34","slug":"bakfickan","status":"publish","type":"page","link":"https:\/\/johnscotts.se\/palace\/bakfickan\/","title":{"rendered":"Bakfickan"},"content":{"rendered":"<div data-am-content><h4>V\u00c4LKOMMEN TILL BAKFICKAN<\/h4>\n<p>Ocks\u00e5 vi p\u00e5 Palace har en s\u00e5\u2019 d\u00e4r mysig liten Bakficka, med en h\u00e4rligt personlig och genuint hemtrevlig pubatmosf\u00e4r.<\/p>\n<p>H\u00e4r \u00e4r perfekt att ta en drink och en bit mat tillsammans med dina v\u00e4nner.<\/p>\n<p>P\u00e5 torsdagskv\u00e4llarna har vi quiz i Bakfickan. V\u00e5r eminenta quizmaster MrC h\u00e5ller i fr\u00e5gorna och du ger svaren! Rafflande, roligt och rykande aktuellt.<\/p>\n<h3><strong>\u00d6PPET ONSDAG TILL L\u00d6RDAG VARJE VECKA FR\u00c5N 16.00 \u2013 ST\u00c4NGNING<\/strong><\/h3>\n<p>Varmt v\u00e4lkomna!!<\/p>\n<\/div>","protected":false},"excerpt":{"rendered":"<p>V\u00c4LKOMMEN TILL BAKFICKAN Ocks\u00e5 vi p\u00e5 Palace har en s\u00e5\u2019 d\u00e4r mysig liten Bakficka, med en h\u00e4rligt personlig och genuint hemtrevlig pubatmosf\u00e4r. H\u00e4r \u00e4r perfekt att ta en drink och en bit mat tillsammans med dina v\u00e4nner. P\u00e5 torsdagskv\u00e4llarna har vi quiz i Bakfickan. V\u00e5r eminenta quizmaster MrC h\u00e5ller i fr\u00e5gorna och du ger svaren! [&hellip;]<\/p>\n","protected":false},"author":14,"featured_media":1941,"parent":0,"menu_order":0,"comment_status":"closed","ping_status":"closed","template":"","meta":{"_acf_changed":false,"footnotes":""},"class_list":["post-2554","page","type-page","status-publish","has-post-thumbnail","hentry"],"acf":[],"_links":{"self":[{"href":"https:\/\/johnscotts.se\/palace\/wp-json\/wp\/v2\/pages\/2554","targetHints":{"allow":["GET"]}}],"collection":[{"href":"https:\/\/johnscotts.se\/palace\/wp-json\/wp\/v2\/pages"}],"about":[{"href":"https:\/\/johnscotts.se\/palace\/wp-json\/wp\/v2\/types\/page"}],"author":[{"embeddable":true,"href":"https:\/\/johnscotts.se\/palace\/wp-json\/wp\/v2\/users\/14"}],"replies":[{"embeddable":true,"href":"https:\/\/johnscotts.se\/palace\/wp-json\/wp\/v2\/comments?post=2554"}],"version-history":[{"count":6,"href":"https:\/\/johnscotts.se\/palace\/wp-json\/wp\/v2\/pages\/2554\/revisions"}],"predecessor-version":[{"id":2697,"href":"https:\/\/johnscotts.se\/palace\/wp-json\/wp\/v2\/pages\/2554\/revisions\/2697"}],"wp:featuredmedia":[{"embeddable":true,"href":"https:\/\/johnscotts.se\/palace\/wp-json\/wp\/v2\/media\/1941"}],"wp:attachment":[{"href":"https:\/\/johnscotts.se\/palace\/wp-json\/wp\/v2\/media?parent=2554"}],"curies":[{"name":"wp","href":"https:\/\/api.w.org\/{rel}","templated":true}]}}