{"id":2700,"date":"2025-06-27T10:55:02","date_gmt":"2025-06-27T08:55:02","guid":{"rendered":"https:\/\/johnscotts.se\/palace\/?page_id=2700"},"modified":"2025-06-27T11:13:42","modified_gmt":"2025-06-27T09:13:42","slug":"uteserveringen","status":"publish","type":"page","link":"https:\/\/johnscotts.se\/palace\/uteserveringen\/","title":{"rendered":"Uteserveringen"},"content":{"rendered":"<div data-am-content><p>V\u00e4lkommen att sl\u00e5 dig ner p\u00e5 v\u00e5r h\u00e4rliga uteservering mitt i myllret av sommarflan\u00f6rer i G\u00f6teborg. H\u00e4r bredvid kanalen i den nu blommande Brunnsparken sitter du mitt i sorlet och bruset fr\u00e5n alla som r\u00f6r sig i centrum. Det \u00e4r l\u00e4tt att ta en paus h\u00e4r n\u00e4r du \u00e4r ute och g\u00f6r \u00e4renden p\u00e5 sta&#8217;n, och det \u00e4r n\u00e4stan f\u00f6r enkelt att bli sittande kvar i godan ro i flera timmar. Ta&#8217;t lugnt, ta en svalkande drink och kanske n\u00e5got gott att \u00e4ta. Det \u00e4r du v\u00e4rd.<\/p>\n<\/div>","protected":false},"excerpt":{"rendered":"<p>V\u00e4lkommen att sl\u00e5 dig ner p\u00e5 v\u00e5r h\u00e4rliga uteservering mitt i myllret av sommarflan\u00f6rer i G\u00f6teborg. H\u00e4r bredvid kanalen i den nu blommande Brunnsparken sitter du mitt i sorlet och bruset fr\u00e5n alla som r\u00f6r sig i centrum. Det \u00e4r l\u00e4tt att ta en paus h\u00e4r n\u00e4r du \u00e4r ute och g\u00f6r \u00e4renden p\u00e5 sta&#8217;n, [&hellip;]<\/p>\n","protected":false},"author":14,"featured_media":2701,"parent":0,"menu_order":0,"comment_status":"closed","ping_status":"closed","template":"","meta":{"_acf_changed":false,"footnotes":""},"class_list":["post-2700","page","type-page","status-publish","has-post-thumbnail","hentry"],"acf":[],"_links":{"self":[{"href":"https:\/\/johnscotts.se\/palace\/wp-json\/wp\/v2\/pages\/2700","targetHints":{"allow":["GET"]}}],"collection":[{"href":"https:\/\/johnscotts.se\/palace\/wp-json\/wp\/v2\/pages"}],"about":[{"href":"https:\/\/johnscotts.se\/palace\/wp-json\/wp\/v2\/types\/page"}],"author":[{"embeddable":true,"href":"https:\/\/johnscotts.se\/palace\/wp-json\/wp\/v2\/users\/14"}],"replies":[{"embeddable":true,"href":"https:\/\/johnscotts.se\/palace\/wp-json\/wp\/v2\/comments?post=2700"}],"version-history":[{"count":2,"href":"https:\/\/johnscotts.se\/palace\/wp-json\/wp\/v2\/pages\/2700\/revisions"}],"predecessor-version":[{"id":2711,"href":"https:\/\/johnscotts.se\/palace\/wp-json\/wp\/v2\/pages\/2700\/revisions\/2711"}],"wp:featuredmedia":[{"embeddable":true,"href":"https:\/\/johnscotts.se\/palace\/wp-json\/wp\/v2\/media\/2701"}],"wp:attachment":[{"href":"https:\/\/johnscotts.se\/palace\/wp-json\/wp\/v2\/media?parent=2700"}],"curies":[{"name":"wp","href":"https:\/\/api.w.org\/{rel}","templated":true}]}}