{"id":30,"date":"2017-06-28T08:56:26","date_gmt":"2017-06-28T06:56:26","guid":{"rendered":"http:\/\/johnscotts.se\/palace\/?page_id=30"},"modified":"2025-10-01T11:57:56","modified_gmt":"2025-10-01T09:57:56","slug":"boka-bord","status":"publish","type":"page","link":"https:\/\/johnscotts.se\/palace\/boka-bord\/","title":{"rendered":"Boka bord"},"content":{"rendered":"<div data-am-content><p>Ni har alltid m\u00f6jlighet att boka bord innan ni kommer till John Scott\u2019s Palace. Vi ser g\u00e4rna att s\u00e4llskap fr\u00e5n 10 personer och upp\u00e5t f\u00f6rbokar sin mat, detta f\u00f6r att vi ska kunna ge er b\u00e4sta m\u00f6jliga service under er vistelse hos oss. Alla best\u00e4llningar g\u00f6rs via baren, vid s\u00e4llskap \u00f6ver 8 personer kontakta v\u00e5r bokning p\u00e5 031-80 75 50 \/ <a href=\"mailto:palace@johnscotts.se\">palace@johnscotts.se<\/a><\/p>\r\n<p><a href=\"https:\/\/cloud.caspeco.se\/public\/webBooking?system=se_ipsgot&amp;unitId=14\" target=\"_self\" rel=\"noopener noreferrer\">Till bordsbokning\u00a0&gt;<\/a><\/p>\r\n<p>Missa inte att ni \u00e4ven kan boka fester, mingel och tr\u00e4ffar i Palacehuset, i v\u00e5r lokal Kiki.<\/p>\r\n\r\n<p>&nbsp;<\/p>\r\n<\/div>","protected":false},"excerpt":{"rendered":"<p>Ni har alltid m\u00f6jlighet att boka bord innan ni kommer till John Scott\u2019s Palace. Vi ser g\u00e4rna att s\u00e4llskap fr\u00e5n 10 personer och upp\u00e5t f\u00f6rbokar sin mat, detta f\u00f6r att vi ska kunna ge er b\u00e4sta m\u00f6jliga service under er vistelse hos oss. Alla best\u00e4llningar g\u00f6rs via baren, vid s\u00e4llskap \u00f6ver 8 personer kontakta v\u00e5r [&hellip;]<\/p>\n","protected":false},"author":1,"featured_media":0,"parent":0,"menu_order":10,"comment_status":"closed","ping_status":"closed","template":"","meta":{"_acf_changed":false,"footnotes":""},"class_list":["post-30","page","type-page","status-publish","hentry"],"acf":[],"_links":{"self":[{"href":"https:\/\/johnscotts.se\/palace\/wp-json\/wp\/v2\/pages\/30","targetHints":{"allow":["GET"]}}],"collection":[{"href":"https:\/\/johnscotts.se\/palace\/wp-json\/wp\/v2\/pages"}],"about":[{"href":"https:\/\/johnscotts.se\/palace\/wp-json\/wp\/v2\/types\/page"}],"author":[{"embeddable":true,"href":"https:\/\/johnscotts.se\/palace\/wp-json\/wp\/v2\/users\/1"}],"replies":[{"embeddable":true,"href":"https:\/\/johnscotts.se\/palace\/wp-json\/wp\/v2\/comments?post=30"}],"version-history":[{"count":18,"href":"https:\/\/johnscotts.se\/palace\/wp-json\/wp\/v2\/pages\/30\/revisions"}],"predecessor-version":[{"id":2751,"href":"https:\/\/johnscotts.se\/palace\/wp-json\/wp\/v2\/pages\/30\/revisions\/2751"}],"wp:attachment":[{"href":"https:\/\/johnscotts.se\/palace\/wp-json\/wp\/v2\/media?parent=30"}],"curies":[{"name":"wp","href":"https:\/\/api.w.org\/{rel}","templated":true}]}}