{"id":682,"date":"2023-01-19T12:06:50","date_gmt":"2023-01-19T11:06:50","guid":{"rendered":"http:\/\/johnscotts.se\/palace\/?page_id=682"},"modified":"2024-02-13T14:14:07","modified_gmt":"2024-02-13T13:14:07","slug":"privat-fest-john-scotts","status":"publish","type":"page","link":"https:\/\/johnscotts.se\/palace\/privat-fest-john-scotts\/","title":{"rendered":"Privat fest"},"content":{"rendered":"<div data-am-content><h3>jubileum, f\u00f6delsedag eller annan h\u00f6gtid?<\/h3>\n<p>Vi erbjuder f\u00f6retag\/f\u00f6reningar\/privata s\u00e4llskap m\u00f6jlighet att en ha en privat tillst\u00e4llning h\u00e4r i Palace-huset. V\u00e4lj en 3-r\u00e4tter festmeny (vi skickar er dem vid f\u00f6rfr\u00e5gan) och beroende p\u00e5 hur m\u00e5nga ni \u00e4r s\u00e5 dukar vi upp i antingen v\u00e5r mysiga publokal, Bakfickan, eller i v\u00e5r st\u00f6rre klubblokal, Kiki.<\/p>\n<p>Bakfickan rymmer ca 40 personer (minimumantal p\u00e5 30 personer f\u00f6r bokning) och i Kiki kan vi duka upp f\u00f6r 80 personer (minst 40 f\u00f6r bokning).<\/p>\n<p>Vill ni h\u00e5lla tal, visa bilder eller spela musik? Vi l\u00e5nar er mikrofon, TV-sk\u00e4rm och hj\u00e4lper er att boka en dj (ni kan ocks\u00e5 spela era egna spotify-listor i v\u00e5rt h\u00f6gtalarsystem). Ni har lokalen i ca 4 timmar och v\u00e5r personal finns p\u00e5 plats f\u00f6r servering av mat och dryck.<\/p>\n<p>L\u00e5ter detta som n\u00e5got f\u00f6r er? Kontakta oss via mail s\u00e5 ber\u00e4ttar vi mer: <a href=\"mailto:bokning@palace.se\">bokning@palace.se<\/a><\/p>\n<p>&nbsp;<\/p>\n<\/div>","protected":false},"excerpt":{"rendered":"<p>jubileum, f\u00f6delsedag eller annan h\u00f6gtid? Vi erbjuder f\u00f6retag\/f\u00f6reningar\/privata s\u00e4llskap m\u00f6jlighet att en ha en privat tillst\u00e4llning h\u00e4r i Palace-huset. V\u00e4lj en 3-r\u00e4tter festmeny (vi skickar er dem vid f\u00f6rfr\u00e5gan) och beroende p\u00e5 hur m\u00e5nga ni \u00e4r s\u00e5 dukar vi upp i antingen v\u00e5r mysiga publokal, Bakfickan, eller i v\u00e5r st\u00f6rre klubblokal, Kiki. Bakfickan rymmer ca [&hellip;]<\/p>\n","protected":false},"author":7,"featured_media":1777,"parent":0,"menu_order":0,"comment_status":"closed","ping_status":"closed","template":"","meta":{"_acf_changed":false,"footnotes":""},"class_list":["post-682","page","type-page","status-publish","has-post-thumbnail","hentry"],"acf":[],"_links":{"self":[{"href":"https:\/\/johnscotts.se\/palace\/wp-json\/wp\/v2\/pages\/682","targetHints":{"allow":["GET"]}}],"collection":[{"href":"https:\/\/johnscotts.se\/palace\/wp-json\/wp\/v2\/pages"}],"about":[{"href":"https:\/\/johnscotts.se\/palace\/wp-json\/wp\/v2\/types\/page"}],"author":[{"embeddable":true,"href":"https:\/\/johnscotts.se\/palace\/wp-json\/wp\/v2\/users\/7"}],"replies":[{"embeddable":true,"href":"https:\/\/johnscotts.se\/palace\/wp-json\/wp\/v2\/comments?post=682"}],"version-history":[{"count":63,"href":"https:\/\/johnscotts.se\/palace\/wp-json\/wp\/v2\/pages\/682\/revisions"}],"predecessor-version":[{"id":2366,"href":"https:\/\/johnscotts.se\/palace\/wp-json\/wp\/v2\/pages\/682\/revisions\/2366"}],"wp:featuredmedia":[{"embeddable":true,"href":"https:\/\/johnscotts.se\/palace\/wp-json\/wp\/v2\/media\/1777"}],"wp:attachment":[{"href":"https:\/\/johnscotts.se\/palace\/wp-json\/wp\/v2\/media?parent=682"}],"curies":[{"name":"wp","href":"https:\/\/api.w.org\/{rel}","templated":true}]}}