{"id":2182,"date":"2022-07-06T10:02:48","date_gmt":"2022-07-06T08:02:48","guid":{"rendered":"https:\/\/johnscotts.se\/partille\/?page_id=2182"},"modified":"2025-09-21T13:14:33","modified_gmt":"2025-09-21T11:14:33","slug":"barnkalas","status":"publish","type":"page","link":"https:\/\/johnscotts.se\/partille\/barnkalas\/","title":{"rendered":"Barnkalas"},"content":{"rendered":"<div data-am-content><p>Mat och 1 timma bowling! V\u00e5rt nya unika datasystem g\u00f6r att vi kan lova det lilla extra p\u00e5 bowlingkalaset. Ett kalas tar ca 2 timmar med bowling, hamburgare med pommes och dryck, glass och Strikey-godisp\u00e5se.<br \/>\nHamburgaren kan ers\u00e4ttas mot pizza. G\u00e4ller i s\u00e5 fall alla deltagare.<br \/>\nMan bokar f\u00f6r det antalet man t\u00e4nker att bjuda och bekr\u00e4ftar sedan antal och eventuell specialkost senast dagen innan. Det antalet tar vi sedan betalt f\u00f6r.<br \/>\nDet kostar 250 kr per barn.<\/p>\n<p><span style=\"font-size: 1rem\">Kalasen f\u00f6rs\u00f6ker vi ha fr\u00e4mst s\u00f6ndagar, men g\u00e5r \u00e4ven att ordna andra dagar.<\/span><\/p>\n<p>H\u00e4r hittar man inbjudningskort: <a href=\"http:\/\/johnscotts.se\/partille\/wp-content\/uploads\/sites\/6\/2017\/07\/Inbjudningskort.pdf\">Inbjudningskort hittar du h\u00e4r<\/a><\/p>\n<\/div>","protected":false},"excerpt":{"rendered":"<p>Mat och 1 timma bowling! V\u00e5rt nya unika datasystem g\u00f6r att vi kan lova det lilla extra p\u00e5 bowlingkalaset. Ett kalas tar ca 2 timmar med bowling, hamburgare med pommes och dryck, glass och Strikey-godisp\u00e5se. Hamburgaren kan ers\u00e4ttas mot pizza. G\u00e4ller i s\u00e5 fall alla deltagare. Man bokar f\u00f6r det antalet man t\u00e4nker att bjuda [&hellip;]<\/p>\n","protected":false},"author":2,"featured_media":0,"parent":0,"menu_order":0,"comment_status":"closed","ping_status":"closed","template":"","meta":{"_acf_changed":false,"footnotes":""},"class_list":["post-2182","page","type-page","status-publish","hentry"],"acf":[],"_links":{"self":[{"href":"https:\/\/johnscotts.se\/partille\/wp-json\/wp\/v2\/pages\/2182","targetHints":{"allow":["GET"]}}],"collection":[{"href":"https:\/\/johnscotts.se\/partille\/wp-json\/wp\/v2\/pages"}],"about":[{"href":"https:\/\/johnscotts.se\/partille\/wp-json\/wp\/v2\/types\/page"}],"author":[{"embeddable":true,"href":"https:\/\/johnscotts.se\/partille\/wp-json\/wp\/v2\/users\/2"}],"replies":[{"embeddable":true,"href":"https:\/\/johnscotts.se\/partille\/wp-json\/wp\/v2\/comments?post=2182"}],"version-history":[{"count":11,"href":"https:\/\/johnscotts.se\/partille\/wp-json\/wp\/v2\/pages\/2182\/revisions"}],"predecessor-version":[{"id":3062,"href":"https:\/\/johnscotts.se\/partille\/wp-json\/wp\/v2\/pages\/2182\/revisions\/3062"}],"wp:attachment":[{"href":"https:\/\/johnscotts.se\/partille\/wp-json\/wp\/v2\/media?parent=2182"}],"curies":[{"name":"wp","href":"https:\/\/api.w.org\/{rel}","templated":true}]}}