{"id":2408,"date":"2023-07-31T16:22:10","date_gmt":"2023-07-31T14:22:10","guid":{"rendered":"https:\/\/johnscotts.se\/partille\/?page_id=2408"},"modified":"2025-11-14T09:24:52","modified_gmt":"2025-11-14T08:24:52","slug":"shuffleboard","status":"publish","type":"page","link":"https:\/\/johnscotts.se\/partille\/shuffleboard\/","title":{"rendered":"Shuffleboard"},"content":{"rendered":"<div data-am-content><h4>BOKA Shuffleboard eller dart P\u00c5 031-44 23 34, MAIL ELLER BOKA DIREKT VIA N\u00c4TET:<\/h4>\n<p><a href=\"https:\/\/s1-goda_grunder_ab.widget.truebooking.se\/?identifier=78de866e-d69d-45da-bd66-51ef22e754c4\" target=\"_blank\" rel=\"noopener\">Boka h\u00e4r<\/a><\/p>\n<p>&nbsp;<\/p>\n<\/div>","protected":false},"excerpt":{"rendered":"<p>BOKA Shuffleboard eller dart P\u00c5 031-44 23 34, MAIL ELLER BOKA DIREKT VIA N\u00c4TET: Boka h\u00e4r &nbsp;<\/p>\n","protected":false},"author":6,"featured_media":0,"parent":0,"menu_order":0,"comment_status":"closed","ping_status":"closed","template":"","meta":{"_acf_changed":false,"footnotes":""},"class_list":["post-2408","page","type-page","status-publish","hentry"],"acf":[],"_links":{"self":[{"href":"https:\/\/johnscotts.se\/partille\/wp-json\/wp\/v2\/pages\/2408","targetHints":{"allow":["GET"]}}],"collection":[{"href":"https:\/\/johnscotts.se\/partille\/wp-json\/wp\/v2\/pages"}],"about":[{"href":"https:\/\/johnscotts.se\/partille\/wp-json\/wp\/v2\/types\/page"}],"author":[{"embeddable":true,"href":"https:\/\/johnscotts.se\/partille\/wp-json\/wp\/v2\/users\/6"}],"replies":[{"embeddable":true,"href":"https:\/\/johnscotts.se\/partille\/wp-json\/wp\/v2\/comments?post=2408"}],"version-history":[{"count":6,"href":"https:\/\/johnscotts.se\/partille\/wp-json\/wp\/v2\/pages\/2408\/revisions"}],"predecessor-version":[{"id":3106,"href":"https:\/\/johnscotts.se\/partille\/wp-json\/wp\/v2\/pages\/2408\/revisions\/3106"}],"wp:attachment":[{"href":"https:\/\/johnscotts.se\/partille\/wp-json\/wp\/v2\/media?parent=2408"}],"curies":[{"name":"wp","href":"https:\/\/api.w.org\/{rel}","templated":true}]}}