{"id":43,"date":"2017-06-30T15:48:23","date_gmt":"2017-06-30T13:48:23","guid":{"rendered":"http:\/\/johnscotts.se\/partille\/?page_id=43"},"modified":"2025-09-22T13:12:51","modified_gmt":"2025-09-22T11:12:51","slug":"bowling","status":"publish","type":"page","link":"https:\/\/johnscotts.se\/partille\/bowling\/","title":{"rendered":"Bowling"},"content":{"rendered":"<div data-am-content><p>&nbsp;<\/p>\n<h4>BOKA din bowlingbana p\u00e5 031-44 23 34, mail eller boka direkt via n\u00e4tet i samband med bordsbokning:<\/h4>\n<p><a href=\"https:\/\/s1-goda_grunder_ab.widget.truebooking.se\/?identifier=78de866e-d69d-45da-bd66-51ef22e754c4\" target=\"_blank\" rel=\"noopener\">Boka h\u00e4r<\/a><\/p>\n<p>&nbsp;<\/p>\n<p>Scoring online:<\/p>\n<p><a href=\"http:\/\/onlinescore.qubicaamf.com\/?idcenter=9663\" target=\"_blank\" rel=\"noopener\"><img loading=\"lazy\" decoding=\"async\" class=\"alignnone size-medium wp-image-169\" src=\"http:\/\/johnscotts.se\/partille\/wp-content\/uploads\/sites\/6\/2017\/07\/images6AIU7QOQ-300x65.jpg\" alt=\"\" width=\"300\" height=\"65\" srcset=\"https:\/\/johnscotts.se\/partille\/wp-content\/uploads\/sites\/6\/2017\/07\/images6AIU7QOQ-300x65.jpg 300w, https:\/\/johnscotts.se\/partille\/wp-content\/uploads\/sites\/6\/2017\/07\/images6AIU7QOQ.jpg 481w\" sizes=\"auto, (max-width: 300px) 100vw, 300px\" \/><\/a><b><\/b><i><\/i><u><\/u><\/p>\n<p>Scrolla h\u00f6ger med telefon eller padda f\u00f6r att se priser.<\/p>\n<table style=\"height: 227px\" border=\"0\" width=\"436\">\n<tbody>\n<tr>\n<td colspan=\"2\">Alla vardagar innan klockan 16.00<\/td>\n<td><\/td>\n<td><\/td>\n<td>290 kr<\/td>\n<\/tr>\n<tr>\n<td><\/td>\n<td><\/td>\n<td><\/td>\n<td><\/td>\n<td><\/td>\n<\/tr>\n<tr>\n<td>Vardagar efter klockan 16.00<\/td>\n<td><\/td>\n<td><\/td>\n<td><\/td>\n<td>350 kr<\/td>\n<\/tr>\n<tr>\n<td>Fredag<\/td>\n<td>16.00 &#8211; 23.00<\/td>\n<td><\/td>\n<td><\/td>\n<td>440 kr<\/td>\n<\/tr>\n<tr>\n<td>L\u00f6rdag<\/td>\n<td>12,00 &#8211; 16,00<\/td>\n<td><\/td>\n<td><\/td>\n<td>350 kr<\/td>\n<\/tr>\n<tr>\n<td>L\u00f6rdag<\/td>\n<td>16.00 &#8211; 23.00<\/td>\n<td><\/td>\n<td><\/td>\n<td>440 kr<\/td>\n<\/tr>\n<tr>\n<td>S\u00f6ndag<\/td>\n<td>12.00 &#8211; 20.00<\/td>\n<td><\/td>\n<td><\/td>\n<td>350 kr<\/td>\n<\/tr>\n<\/tbody>\n<\/table>\n<p>Hyra av skor samt klot tillkommer med 20 kr\/person<\/p>\n<p>Vid bokning av fler \u00e4n 4 bowlingbanor kan vi \u00e4ven \u00f6ppna tidigare alla dagar.<\/p>\n<p>&nbsp;<\/p>\n<p>Fredag\u00a0och l\u00f6rdag efter 18:00 \u00e4r det 18-\u00e5rsgr\u00e4ns eller i m\u00e5lsmans s\u00e4llskap.\u00a0Alla dagar efter 18:00 v\u00e5rdad kl\u00e4dsel.<\/p>\n<h3>Kort information innan du kommer<\/h3>\n<p>En bowlingtimma = 57min<\/p>\n<p>Arrangemangs- och matpaketsbokning m\u00e5ste f\u00f6rbokas, detta g\u00f6rs vardagar 10.00\u201316.00 \u00d6vrig tid endast banbokning.<\/p>\n<p>Betalning:\u00a0 kontokort eller swish vid fakturering tillkommer 75 kr . OBS! M\u00e5ste meddelas vid bokning.<\/p>\n<p>Vi tar Friskv\u00e5rdscheckar<\/p>\n<p>Ankomst: Senast 10 minuter f\u00f6re bokad tid.<\/p>\n<p>Avbokningar: Skall ske senast tre dagar innan f\u00f6r att undvika debitering.<\/p>\n<h3>Bowla p\u00e5 skoltid<\/h3>\n<p>Vi v\u00e4lkomnar alla skolklasser under dagtid.<br \/>\nP\u00e5 vardagar innan kl. 17.00 \u00e4r priset 220 kr\/bana och timme inklusive skohyra. Vi tar emot rekvisitioner vid uppvisande av legitimation och med giltig Mkod f\u00f6r fakturering.<\/p>\n<h3>PRESENTKORT<\/h3>\n<p>Presentkort hos oss har en giltighetstid p\u00e5 ett \u00e5r fr\u00e5n ink\u00f6psdatum.<\/p>\n<\/div>","protected":false},"excerpt":{"rendered":"<p>&nbsp; BOKA din bowlingbana p\u00e5 031-44 23 34, mail eller boka direkt via n\u00e4tet i samband med bordsbokning: Boka h\u00e4r &nbsp; Scoring online: Scrolla h\u00f6ger med telefon eller padda f\u00f6r att se priser. Alla vardagar innan klockan 16.00 290 kr Vardagar efter klockan 16.00 350 kr Fredag 16.00 &#8211; 23.00 440 kr L\u00f6rdag 12,00 &#8211; [&hellip;]<\/p>\n","protected":false},"author":6,"featured_media":0,"parent":0,"menu_order":0,"comment_status":"closed","ping_status":"closed","template":"","meta":{"_acf_changed":false,"footnotes":""},"class_list":["post-43","page","type-page","status-publish","hentry"],"acf":[],"_links":{"self":[{"href":"https:\/\/johnscotts.se\/partille\/wp-json\/wp\/v2\/pages\/43","targetHints":{"allow":["GET"]}}],"collection":[{"href":"https:\/\/johnscotts.se\/partille\/wp-json\/wp\/v2\/pages"}],"about":[{"href":"https:\/\/johnscotts.se\/partille\/wp-json\/wp\/v2\/types\/page"}],"author":[{"embeddable":true,"href":"https:\/\/johnscotts.se\/partille\/wp-json\/wp\/v2\/users\/6"}],"replies":[{"embeddable":true,"href":"https:\/\/johnscotts.se\/partille\/wp-json\/wp\/v2\/comments?post=43"}],"version-history":[{"count":51,"href":"https:\/\/johnscotts.se\/partille\/wp-json\/wp\/v2\/pages\/43\/revisions"}],"predecessor-version":[{"id":3064,"href":"https:\/\/johnscotts.se\/partille\/wp-json\/wp\/v2\/pages\/43\/revisions\/3064"}],"wp:attachment":[{"href":"https:\/\/johnscotts.se\/partille\/wp-json\/wp\/v2\/media?parent=43"}],"curies":[{"name":"wp","href":"https:\/\/api.w.org\/{rel}","templated":true}]}}