{"id":90,"date":"2017-07-03T12:40:09","date_gmt":"2017-07-03T10:40:09","guid":{"rendered":"http:\/\/johnscotts.se\/partille\/?page_id=90"},"modified":"2026-04-15T09:03:09","modified_gmt":"2026-04-15T07:03:09","slug":"boka-konferens","status":"publish","type":"page","link":"https:\/\/johnscotts.se\/partille\/boka-konferens\/","title":{"rendered":"Boka konferens"},"content":{"rendered":"<div data-am-content><p>Partille Arena har m\u00f6tesrum dit vi levererar mat, dryck och fika.<br \/>\nH\u00f6r av er f\u00f6r hj\u00e4lp att boka in er f\u00f6rt\u00e4ring hos oss, lokalen m\u00e5ste dock bokas genom Partille Kommun, l\u00e4nken finns h\u00e4r: <a href=\"http:\/\/www.partillearena.se\/om-arenan\/konferens\/\" target=\"_blank\" rel=\"noopener\">http:\/\/www.partillearena.se\/om-arenan\/konferens\/<\/a>.<\/p>\n<h2>Konferenspaket<\/h2>\n<h3>Heldagspaket<\/h3>\n<p>Tid: 08:00\u201317:00<br \/>\nMorgonfika: Kaffe\/te, fralla, stilla-\/bubbelvatten<br \/>\nLunch: Lunch i John Scott\u2019s restaurang med reserverade bord<br \/>\nEftermiddagsfika: Dagens bakverk med kaffe\/te och stilla-\/bubbelvatten<br \/>\nPris: 335 kr per person<\/p>\n<h3>Halvdagspaket<\/h3>\n<p>Tid: 08:00\u201313:30 eller 11:30\u201317:00<\/p>\n<p>V\u00e4lj tv\u00e5 alternativ<br \/>\nMorgonfika: Kaffe\/te, fralla stilla-\/ samt bubbelvatten<br \/>\nLunch: Lunch i John Scott\u2019s restaurang med reserverade bord<br \/>\nEftermiddagsfika: Dagens bakverk med kaffe\/te och vatten<br \/>\nPris: 285 kr per person<\/p>\n<h3>Endast fika<\/h3>\n<p>Morgonfika: Kaffe\/te, fralla och stilla-\/ samt bubbelvatten<br \/>\nPris: 170 kr per person<br \/>\nEftermiddagsfika: Dagens bakverk med kaffe\/te och stilla-\/ samt bubbelvatten<br \/>\nPris: 125 kr per person<\/p>\n<h3>Endast kaffe med stilla-\/bubbelvatten<\/h3>\n<p>Pris: 55 kr per person<\/p>\n<p>Boka konferens genom att maila till <a href=\"mailto:partille@johnscotts.se\">partille@johnscotts.se<\/a>.<\/p>\n<p>*Vid avbokning senare \u00e4n 48 timmar innan er bokning kommer ni att debiteras 50% av kostnaden.<br \/>\nDefinitivt antal f\u00f6r er bokning kan man \u00e4ndra fram till och med 24 timmar innan.<\/p>\n<p>Alla priser inkl moms<\/p>\n<p>Helgtill\u00e4gg 50kr<\/p>\n<\/div>","protected":false},"excerpt":{"rendered":"<p>Partille Arena har m\u00f6tesrum dit vi levererar mat, dryck och fika. H\u00f6r av er f\u00f6r hj\u00e4lp att boka in er f\u00f6rt\u00e4ring hos oss, lokalen m\u00e5ste dock bokas genom Partille Kommun, l\u00e4nken finns h\u00e4r: http:\/\/www.partillearena.se\/om-arenan\/konferens\/. Konferenspaket Heldagspaket Tid: 08:00\u201317:00 Morgonfika: Kaffe\/te, fralla, stilla-\/bubbelvatten Lunch: Lunch i John Scott\u2019s restaurang med reserverade bord Eftermiddagsfika: Dagens bakverk med [&hellip;]<\/p>\n","protected":false},"author":2,"featured_media":0,"parent":0,"menu_order":0,"comment_status":"closed","ping_status":"closed","template":"","meta":{"_acf_changed":false,"footnotes":""},"class_list":["post-90","page","type-page","status-publish","hentry"],"acf":[],"_links":{"self":[{"href":"https:\/\/johnscotts.se\/partille\/wp-json\/wp\/v2\/pages\/90","targetHints":{"allow":["GET"]}}],"collection":[{"href":"https:\/\/johnscotts.se\/partille\/wp-json\/wp\/v2\/pages"}],"about":[{"href":"https:\/\/johnscotts.se\/partille\/wp-json\/wp\/v2\/types\/page"}],"author":[{"embeddable":true,"href":"https:\/\/johnscotts.se\/partille\/wp-json\/wp\/v2\/users\/2"}],"replies":[{"embeddable":true,"href":"https:\/\/johnscotts.se\/partille\/wp-json\/wp\/v2\/comments?post=90"}],"version-history":[{"count":18,"href":"https:\/\/johnscotts.se\/partille\/wp-json\/wp\/v2\/pages\/90\/revisions"}],"predecessor-version":[{"id":3200,"href":"https:\/\/johnscotts.se\/partille\/wp-json\/wp\/v2\/pages\/90\/revisions\/3200"}],"wp:attachment":[{"href":"https:\/\/johnscotts.se\/partille\/wp-json\/wp\/v2\/media?parent=90"}],"curies":[{"name":"wp","href":"https:\/\/api.w.org\/{rel}","templated":true}]}}