{"id":95,"date":"2017-07-03T12:44:25","date_gmt":"2017-07-03T10:44:25","guid":{"rendered":"http:\/\/johnscotts.se\/partille\/?page_id=95"},"modified":"2025-09-22T13:12:36","modified_gmt":"2025-09-22T11:12:36","slug":"boka-bord","status":"publish","type":"page","link":"https:\/\/johnscotts.se\/partille\/boka-bord\/","title":{"rendered":"Boka bord"},"content":{"rendered":"<div data-am-content><p>Ring och boka bord, bowling och\/eller shuffleboard p\u00e5 031-442334. Ange namn, telefon, datum och tid samt hur m\u00e5nga ni blir.<\/p>\n<p>NYHET! Nu kan man \u00e4ven boka bord online genom att klicka nedan.<br \/>\nSka ni p\u00e5 event i arenan? Ring\/maila oss f\u00f6r bokning 031-442334 partille@johnscotts.se<\/p>\n<p>Bordsbokningar avbokas 15 min efter bokad tid om ni inte kontaktar oss per telefon och meddelar oss att ni blivit sena.<\/p>\n<h3><a href=\"https:\/\/s1-goda_grunder_ab.widget.truebooking.se\/?identifier=78de866e-d69d-45da-bd66-51ef22e754c4\" target=\"_blank\" rel=\"noopener\">BOKA BORD<\/a><\/h3>\n<h3>PRESENTKORT<\/h3>\n<p>Presentkort hos oss har en giltighetstid p\u00e5 ett \u00e5r fr\u00e5n ink\u00f6psdatum.<\/p>\n<\/div>","protected":false},"excerpt":{"rendered":"<p>Ring och boka bord, bowling och\/eller shuffleboard p\u00e5 031-442334. Ange namn, telefon, datum och tid samt hur m\u00e5nga ni blir. NYHET! Nu kan man \u00e4ven boka bord online genom att klicka nedan. Ska ni p\u00e5 event i arenan? Ring\/maila oss f\u00f6r bokning 031-442334 partille@johnscotts.se Bordsbokningar avbokas 15 min efter bokad tid om ni inte kontaktar [&hellip;]<\/p>\n","protected":false},"author":2,"featured_media":0,"parent":0,"menu_order":0,"comment_status":"closed","ping_status":"closed","template":"","meta":{"_acf_changed":false,"footnotes":""},"class_list":["post-95","page","type-page","status-publish","hentry"],"acf":[],"_links":{"self":[{"href":"https:\/\/johnscotts.se\/partille\/wp-json\/wp\/v2\/pages\/95","targetHints":{"allow":["GET"]}}],"collection":[{"href":"https:\/\/johnscotts.se\/partille\/wp-json\/wp\/v2\/pages"}],"about":[{"href":"https:\/\/johnscotts.se\/partille\/wp-json\/wp\/v2\/types\/page"}],"author":[{"embeddable":true,"href":"https:\/\/johnscotts.se\/partille\/wp-json\/wp\/v2\/users\/2"}],"replies":[{"embeddable":true,"href":"https:\/\/johnscotts.se\/partille\/wp-json\/wp\/v2\/comments?post=95"}],"version-history":[{"count":15,"href":"https:\/\/johnscotts.se\/partille\/wp-json\/wp\/v2\/pages\/95\/revisions"}],"predecessor-version":[{"id":3063,"href":"https:\/\/johnscotts.se\/partille\/wp-json\/wp\/v2\/pages\/95\/revisions\/3063"}],"wp:attachment":[{"href":"https:\/\/johnscotts.se\/partille\/wp-json\/wp\/v2\/media?parent=95"}],"curies":[{"name":"wp","href":"https:\/\/api.w.org\/{rel}","templated":true}]}}