{"id":242,"date":"2024-02-29T10:25:28","date_gmt":"2024-02-29T08:25:28","guid":{"rendered":"https:\/\/johnscotts.se\/ratina\/?page_id=242"},"modified":"2024-09-09T17:07:00","modified_gmt":"2024-09-09T14:07:00","slug":"give-us-feedback","status":"publish","type":"page","link":"https:\/\/johnscotts.se\/ratina\/give-us-feedback\/","title":{"rendered":"Give Us Feedback"},"content":{"rendered":"<div data-am-content><p>&nbsp;<\/p>\n<p>Kuinka onnistuimme palvelemaan sinua t\u00e4n\u00e4\u00e4n? Anna meille <a href=\"https:\/\/go.taplause.com\/kq4anjo8Ai\/net\" target=\"_blank\" rel=\"noopener\"><strong>palautetta.<\/strong><\/a><\/p>\n<\/div>","protected":false},"excerpt":{"rendered":"<p>&nbsp; Kuinka onnistuimme palvelemaan sinua t\u00e4n\u00e4\u00e4n? Anna meille palautetta.<\/p>\n","protected":false},"author":23,"featured_media":0,"parent":0,"menu_order":0,"comment_status":"closed","ping_status":"closed","template":"","meta":{"_acf_changed":false,"footnotes":""},"class_list":["post-242","page","type-page","status-publish","hentry"],"acf":[],"_links":{"self":[{"href":"https:\/\/johnscotts.se\/ratina\/wp-json\/wp\/v2\/pages\/242","targetHints":{"allow":["GET"]}}],"collection":[{"href":"https:\/\/johnscotts.se\/ratina\/wp-json\/wp\/v2\/pages"}],"about":[{"href":"https:\/\/johnscotts.se\/ratina\/wp-json\/wp\/v2\/types\/page"}],"author":[{"embeddable":true,"href":"https:\/\/johnscotts.se\/ratina\/wp-json\/wp\/v2\/users\/23"}],"replies":[{"embeddable":true,"href":"https:\/\/johnscotts.se\/ratina\/wp-json\/wp\/v2\/comments?post=242"}],"version-history":[{"count":1,"href":"https:\/\/johnscotts.se\/ratina\/wp-json\/wp\/v2\/pages\/242\/revisions"}],"predecessor-version":[{"id":243,"href":"https:\/\/johnscotts.se\/ratina\/wp-json\/wp\/v2\/pages\/242\/revisions\/243"}],"wp:attachment":[{"href":"https:\/\/johnscotts.se\/ratina\/wp-json\/wp\/v2\/media?parent=242"}],"curies":[{"name":"wp","href":"https:\/\/api.w.org\/{rel}","templated":true}]}}