{"id":32,"date":"2023-11-28T19:31:19","date_gmt":"2023-11-28T17:31:19","guid":{"rendered":"https:\/\/johnscotts.se\/ratina\/?page_id=32"},"modified":"2023-11-28T19:31:19","modified_gmt":"2023-11-28T17:31:19","slug":"book-a-table","status":"publish","type":"page","link":"https:\/\/johnscotts.se\/ratina\/book-a-table\/","title":{"rendered":"Book A Table"},"content":{"rendered":"<div data-am-content><p>You have the opportunity to book a table before you come to John Scott&#8217;s Ratina.<br \/>\nA good thing to remember is that we operate according to the British pub concept and all food and drinks are ordered from the bar.<\/p>\n<p><strong><a href=\"https:\/\/www.quandoo.fi\/en\/checkout-widget\/widget?merchantId=99859&amp;primaryColor=000000&amp;theme=light&amp;aid=146&amp;utm_source=quandoo-partner&amp;utm_medium=widget-link\" target=\"_blank\" rel=\"noopener\">BOOK A TABLE HERE<\/a><\/strong><\/p>\n<p>Sinulla on mahdollisuus varata p\u00f6yt\u00e4 ennen kuin tulet John Scott&#8217;s Ratinaan.<br \/>\nHyv\u00e4 asia on muistaa, ett\u00e4 toimimme brittil\u00e4isen pubikonseptin mukaan ja kaikki ruoat ja juomat tilataan baarista.<\/p>\n<p><strong><a href=\"https:\/\/www.quandoo.fi\/fi\/checkout-widget\/widget?merchantId=99859&amp;primaryColor=000000&amp;theme=light&amp;aid=146&amp;utm_source=quandoo-partner&amp;utm_medium=widget-link\" target=\"_blank\" rel=\"noopener\">VARAA P\u00d6YT\u00c4 T\u00c4ST\u00c4<\/a><\/strong><\/p>\n<p>contact \/ ota yhteytt\u00e4 ratina@johnscotts.fi<\/p>\n<\/div>","protected":false},"excerpt":{"rendered":"<p>You have the opportunity to book a table before you come to John Scott&#8217;s Ratina. A good thing to remember is that we operate according to the British pub concept and all food and drinks are ordered from the bar. BOOK A TABLE HERE Sinulla on mahdollisuus varata p\u00f6yt\u00e4 ennen kuin tulet John Scott&#8217;s Ratinaan. [&hellip;]<\/p>\n","protected":false},"author":23,"featured_media":0,"parent":0,"menu_order":0,"comment_status":"closed","ping_status":"closed","template":"","meta":{"_acf_changed":false,"footnotes":""},"class_list":["post-32","page","type-page","status-publish","hentry"],"acf":[],"_links":{"self":[{"href":"https:\/\/johnscotts.se\/ratina\/wp-json\/wp\/v2\/pages\/32","targetHints":{"allow":["GET"]}}],"collection":[{"href":"https:\/\/johnscotts.se\/ratina\/wp-json\/wp\/v2\/pages"}],"about":[{"href":"https:\/\/johnscotts.se\/ratina\/wp-json\/wp\/v2\/types\/page"}],"author":[{"embeddable":true,"href":"https:\/\/johnscotts.se\/ratina\/wp-json\/wp\/v2\/users\/23"}],"replies":[{"embeddable":true,"href":"https:\/\/johnscotts.se\/ratina\/wp-json\/wp\/v2\/comments?post=32"}],"version-history":[{"count":3,"href":"https:\/\/johnscotts.se\/ratina\/wp-json\/wp\/v2\/pages\/32\/revisions"}],"predecessor-version":[{"id":60,"href":"https:\/\/johnscotts.se\/ratina\/wp-json\/wp\/v2\/pages\/32\/revisions\/60"}],"wp:attachment":[{"href":"https:\/\/johnscotts.se\/ratina\/wp-json\/wp\/v2\/media?parent=32"}],"curies":[{"name":"wp","href":"https:\/\/api.w.org\/{rel}","templated":true}]}}