{"id":34,"date":"2023-11-28T15:38:05","date_gmt":"2023-11-28T13:38:05","guid":{"rendered":"https:\/\/johnscotts.se\/ratina\/?page_id=34"},"modified":"2026-02-05T15:00:40","modified_gmt":"2026-02-05T13:00:40","slug":"after-work","status":"publish","type":"page","link":"https:\/\/johnscotts.se\/ratina\/after-work\/","title":{"rendered":"After Work Happy Hours \u2013 John Scott\u2019s Ratina"},"content":{"rendered":"<div data-am-content><p data-start=\"580\" data-end=\"888\"><strong data-start=\"580\" data-end=\"667\">After Work Ratinassa on paras tapa rentoutua ty\u00f6p\u00e4iv\u00e4n j\u00e4lkeen Tampereen syd\u00e4mess\u00e4!<\/strong><br data-start=\"667\" data-end=\"670\" \/>John Scott\u2019s Ratina tarjoaa viihtyis\u00e4n ymp\u00e4rist\u00f6n ja erinomaiset <strong data-start=\"735\" data-end=\"762\">happy hours -tarjoukset<\/strong> heti t\u00f6iden j\u00e4lkeen. Tule nauttimaan hyv\u00e4st\u00e4 seurasta, juomatarjouksista ja pubi-herkuista yst\u00e4vien tai ty\u00f6kavereiden kanssa.<\/p>\n<p data-start=\"890\" data-end=\"1151\">Ratinan After Work -tarjoukset on suunniteltu juuri niille, jotka haluavat yhdist\u00e4\u00e4 rennon tunnelman, edulliset juomat ja herkullisen ruoan \u2013 kaikki t\u00e4m\u00e4 kaupungin vilkkaalla Ratinan alueella. Tutustu tarjouksiimme ja tee illasta loistava aloitus illanviettoon!<\/p>\n<p>Monday &#8211; Friday 2-6 pm we invite you to our After Work Happy Hours. During these hours we offer you a really good deal:<\/p>\n<p>Draught Kopparberg Cider \/ Keisari Beer 40 cl &#8211; 5\u20ac<br \/>\nGlass of wine 16 cl (Red, white, sparkling 12cl) &#8211; 6\u20ac<\/p>\n<p>John Scott&#8217;s Burger &#8211; 13,90\u20ac<\/p>\n<p>Sofiero 0% 33cl &#8211; 2\u20ac<br \/>\nAlcohol Free Ciders 33cl &#8211; 2\u20ac<\/p>\n<\/div>","protected":false},"excerpt":{"rendered":"<p>After Work Ratinassa on paras tapa rentoutua ty\u00f6p\u00e4iv\u00e4n j\u00e4lkeen Tampereen syd\u00e4mess\u00e4!John Scott\u2019s Ratina tarjoaa viihtyis\u00e4n ymp\u00e4rist\u00f6n ja erinomaiset happy hours -tarjoukset heti t\u00f6iden j\u00e4lkeen. Tule nauttimaan hyv\u00e4st\u00e4 seurasta, juomatarjouksista ja pubi-herkuista yst\u00e4vien tai ty\u00f6kavereiden kanssa. Ratinan After Work -tarjoukset on suunniteltu juuri niille, jotka haluavat yhdist\u00e4\u00e4 rennon tunnelman, edulliset juomat ja herkullisen ruoan \u2013 kaikki [&hellip;]<\/p>\n","protected":false},"author":23,"featured_media":0,"parent":0,"menu_order":0,"comment_status":"closed","ping_status":"closed","template":"","meta":{"_acf_changed":false,"footnotes":""},"class_list":["post-34","page","type-page","status-publish","hentry"],"acf":[],"_links":{"self":[{"href":"https:\/\/johnscotts.se\/ratina\/wp-json\/wp\/v2\/pages\/34","targetHints":{"allow":["GET"]}}],"collection":[{"href":"https:\/\/johnscotts.se\/ratina\/wp-json\/wp\/v2\/pages"}],"about":[{"href":"https:\/\/johnscotts.se\/ratina\/wp-json\/wp\/v2\/types\/page"}],"author":[{"embeddable":true,"href":"https:\/\/johnscotts.se\/ratina\/wp-json\/wp\/v2\/users\/23"}],"replies":[{"embeddable":true,"href":"https:\/\/johnscotts.se\/ratina\/wp-json\/wp\/v2\/comments?post=34"}],"version-history":[{"count":5,"href":"https:\/\/johnscotts.se\/ratina\/wp-json\/wp\/v2\/pages\/34\/revisions"}],"predecessor-version":[{"id":1220,"href":"https:\/\/johnscotts.se\/ratina\/wp-json\/wp\/v2\/pages\/34\/revisions\/1220"}],"wp:attachment":[{"href":"https:\/\/johnscotts.se\/ratina\/wp-json\/wp\/v2\/media?parent=34"}],"curies":[{"name":"wp","href":"https:\/\/api.w.org\/{rel}","templated":true}]}}