{"id":42,"date":"2023-11-28T16:11:32","date_gmt":"2023-11-28T14:11:32","guid":{"rendered":"https:\/\/johnscotts.se\/ratina\/?page_id=42"},"modified":"2026-03-12T10:53:26","modified_gmt":"2026-03-12T08:53:26","slug":"john-scotts-ratina","status":"publish","type":"page","link":"https:\/\/johnscotts.se\/ratina\/john-scotts-ratina\/","title":{"rendered":"John Scott\u2019s Ratina \u2013 Brittipubi Tampereen keskustassa"},"content":{"rendered":"<div data-am-content><section class=\"seo-content\">John Scott\u2019s Ratina on tunnelmallinen <strong>brittipubi Tampereella<\/strong>, joka yhdist\u00e4\u00e4<br \/>\nhyv\u00e4n ruoan, laadukkaat juomat ja rennon pubitunnelman.<br \/>\nRatina-kauppakeskuksessa sijaitseva pubi on t\u00e4ydellinen paikka<br \/>\ntavata yst\u00e4vi\u00e4, viett\u00e4\u00e4 after work -iltaa tai seurata<br \/>\nsuosikkiotteluita isolta screenilt\u00e4.<\/p>\n<p>John Scott\u2019s tarjoaa Tampereella el\u00e4myksen, jossa<br \/>\n<strong>pubikulttuuri, urheilu, tapahtumat ja hyv\u00e4 seura<\/strong><br \/>\nkohtaavat. Olitpa tulossa lounaalle, iltaoluelle tai viett\u00e4m\u00e4\u00e4n<br \/>\nrentoa viikonloppuiltaa, l\u00f6yd\u00e4t meilt\u00e4 viihtyis\u00e4n paikan<br \/>\nTampereen syd\u00e4mess\u00e4.<br \/>\nTutustu my\u00f6s <a href=\"https:\/\/johnscotts.se\/ratina\/our-menu\/\">menuumme<\/a> ja l\u00f6yd\u00e4<br \/>\nsuosikkiannoksesi pubiklassikoista.<\/p>\n<h2>Pubiruokaa ja juomia Tampereella<\/h2>\n<p>John Scott\u2019s Ratina tarjoaa monipuolisen valikoiman<br \/>\n<strong>pubiruokaa Tampereella<\/strong>. Listalta l\u00f6yd\u00e4t klassisia<br \/>\npubisuosikkeja kuten burgerit, fish &amp; chipsin sek\u00e4<br \/>\npieni\u00e4 naposteltavia ja jaettavia annoksia.<br \/>\nRuoka ja juoma tilataan brittil\u00e4isen pubikonseptin mukaisesti<br \/>\nsuoraan baarista, mik\u00e4 tekee tunnelmasta rennon ja mutkattoman.<br \/>\nKatso koko <a href=\"https:\/\/johnscotts.se\/ratina\/our-menu\/\">menu<\/a> ja juomavalikoima.<\/p>\n<h2>Live sport Tampere \u2013 seuraa ottelut pubissa<\/h2>\n<p>John Scott\u2019s Ratina on suosittu paikka seurata<br \/>\n<strong>live sportia Tampereella<\/strong>.<br \/>\nN\u00e4yt\u00e4mme jalkapalloa, j\u00e4\u00e4kiekkoa sek\u00e4 muita<br \/>\nsuosittuja urheilutapahtumia suurilta n\u00e4yt\u00f6ilt\u00e4.<br \/>\nTule kannustamaan suosikkijoukkuettasi yhdess\u00e4<br \/>\nmuiden urheilufanien kanssa ja nauti samalla<br \/>\nhyv\u00e4st\u00e4 pubitunnelmasta.<br \/>\nTutustu kaikkiin <a href=\"https:\/\/johnscotts.se\/ratina\/live-sport\/\">live sport -tapahtumiin<\/a>.<\/p>\n<h2>Bar games ja viihde pubissa<\/h2>\n<p>Rennon illanvieton t\u00e4ydent\u00e4v\u00e4t pubin<br \/>\n<strong>bar games -pelit<\/strong> kuten biljardi, darts<br \/>\nja shuffleboard. Pelit tekev\u00e4t John Scott\u2019sista<br \/>\nloistavan paikan viett\u00e4\u00e4 aikaa yst\u00e4vien,<br \/>\nty\u00f6kavereiden tai suuremman porukan kanssa.<br \/>\nLue lis\u00e4\u00e4 pubin <a href=\"https:\/\/johnscotts.se\/ratina\/bar-games\/\">bar games -peleist\u00e4<\/a>.<\/p>\n<h2>Tapahtumat ja live-musiikki Tampereella<\/h2>\n<p>John Scott\u2019s Ratina j\u00e4rjest\u00e4\u00e4 s\u00e4\u00e4nn\u00f6llisesti<br \/>\n<strong>tapahtumia, live-musiikkia ja pubi-iltoja<\/strong>.<br \/>\nTule nauttimaan rennosta tunnelmasta,<br \/>\nhyv\u00e4st\u00e4 seurasta ja monipuolisesta<br \/>\nviihteest\u00e4 Tampereen keskustassa.<br \/>\nKatso tulevat <a href=\"https:\/\/johnscotts.se\/ratina\/event\/john-scotts-ratina-live\/\">tapahtumat<\/a><br \/>\nja suunnittele seuraava pubi-ilta.<\/p>\n<h2>John Scott\u2019s Ratina \u2013 pubi Ratinassa<\/h2>\n<p>John Scott\u2019s Ratina sijaitsee osoitteessa<br \/>\n<strong>Vuolteenkatu 1, Tampere<\/strong>,<br \/>\nkauppakeskus Ratinassa.<br \/>\nKeskeinen sijainti tekee pubista t\u00e4ydellisen<br \/>\npaikan ennen tai j\u00e4lkeen tapahtumien,<br \/>\nshoppailun tai illanvieton kaupungilla.<\/p>\n<\/section>\n<\/div>","protected":false},"excerpt":{"rendered":"<p>John Scott\u2019s Ratina on tunnelmallinen brittipubi Tampereella, joka yhdist\u00e4\u00e4 hyv\u00e4n ruoan, laadukkaat juomat ja rennon pubitunnelman. Ratina-kauppakeskuksessa sijaitseva pubi on t\u00e4ydellinen paikka tavata yst\u00e4vi\u00e4, viett\u00e4\u00e4 after work -iltaa tai seurata suosikkiotteluita isolta screenilt\u00e4. John Scott\u2019s tarjoaa Tampereella el\u00e4myksen, jossa pubikulttuuri, urheilu, tapahtumat ja hyv\u00e4 seura kohtaavat. Olitpa tulossa lounaalle, iltaoluelle tai viett\u00e4m\u00e4\u00e4n rentoa viikonloppuiltaa, l\u00f6yd\u00e4t [&hellip;]<\/p>\n","protected":false},"author":23,"featured_media":0,"parent":0,"menu_order":0,"comment_status":"closed","ping_status":"closed","template":"","meta":{"_acf_changed":false,"footnotes":""},"class_list":["post-42","page","type-page","status-publish","hentry"],"acf":[],"_links":{"self":[{"href":"https:\/\/johnscotts.se\/ratina\/wp-json\/wp\/v2\/pages\/42","targetHints":{"allow":["GET"]}}],"collection":[{"href":"https:\/\/johnscotts.se\/ratina\/wp-json\/wp\/v2\/pages"}],"about":[{"href":"https:\/\/johnscotts.se\/ratina\/wp-json\/wp\/v2\/types\/page"}],"author":[{"embeddable":true,"href":"https:\/\/johnscotts.se\/ratina\/wp-json\/wp\/v2\/users\/23"}],"replies":[{"embeddable":true,"href":"https:\/\/johnscotts.se\/ratina\/wp-json\/wp\/v2\/comments?post=42"}],"version-history":[{"count":5,"href":"https:\/\/johnscotts.se\/ratina\/wp-json\/wp\/v2\/pages\/42\/revisions"}],"predecessor-version":[{"id":1275,"href":"https:\/\/johnscotts.se\/ratina\/wp-json\/wp\/v2\/pages\/42\/revisions\/1275"}],"wp:attachment":[{"href":"https:\/\/johnscotts.se\/ratina\/wp-json\/wp\/v2\/media?parent=42"}],"curies":[{"name":"wp","href":"https:\/\/api.w.org\/{rel}","templated":true}]}}