{"id":50,"date":"2023-11-28T16:25:40","date_gmt":"2023-11-28T14:25:40","guid":{"rendered":"https:\/\/johnscotts.se\/ratina\/?page_id=50"},"modified":"2026-04-17T15:18:45","modified_gmt":"2026-04-17T12:18:45","slug":"john-scotts-lunch","status":"publish","type":"page","link":"https:\/\/johnscotts.se\/ratina\/john-scotts-lunch\/","title":{"rendered":"John Scott&#8217;s Lunch"},"content":{"rendered":"<div data-am-content><p data-start=\"470\" data-end=\"796\"><strong data-start=\"470\" data-end=\"501\">John Scott\u2019s Ratinan lounas<\/strong> tarjoaa herkullista pubiruokaa ja monipuolisia lounasvaihtoehtoja <strong data-start=\"568\" data-end=\"591\">Tampereen Ratinassa<\/strong> aivan kaupungin syd\u00e4mess\u00e4. Rentoon lounastunnelmaan yhdistyv\u00e4t maukkaat annokset, viihtyis\u00e4 ymp\u00e4rist\u00f6 ja yst\u00e4v\u00e4llinen palvelu \u2013 t\u00e4ydellinen tauko ty\u00f6p\u00e4iv\u00e4n keskelle tai rento lounas hetki yst\u00e4vien kanssa.<\/p>\n<p data-start=\"798\" data-end=\"1017\">Valikoimamme sis\u00e4lt\u00e4\u00e4 klassikoita ja vaihtuvia lounasannoksia, jotka sopivat niin kevyemp\u00e4\u00e4n kuin ruokaisampaankin n\u00e4lk\u00e4\u00e4n. Tutustu lounasvaihtoehtoihin ja tule nauttimaan hyv\u00e4\u00e4 ruokaa John Scott\u2019s Ratinaan Tampereella.<\/p>\n<p><strong>Viikko 17<\/strong><\/p>\n<h3>13,50 \u20ac<\/h3>\n<h4>MAANANTAI 20.4.2026<\/h4>\n<p>P\u00e4iv\u00e4n keitto: Kermainen lohikeitto (L, G)<br \/>\nLihapullat pippurikastikkeessa (L, G)<br \/>\nKaalik\u00e4\u00e4ryleet (L, G), puolukkahillo (M, G)<br \/>\nVegaaninen meksikonpata (Ve, G)<br \/>\nPerunamuusi (L, G)<br \/>\nRiisi (Ve, G)<\/p>\n<p>&nbsp;<\/p>\n<h4>TIISTAI 21.4.2026<\/h4>\n<p>P\u00e4iv\u00e4n keitto: Kermainen mustajuurikeitto (L, G)<br \/>\nRiistak\u00e4ristys (M, G) puolukkahillo (M, G)<br \/>\nBroileria sienikastikkeella (L, G)<br \/>\nVegaaninen bolognese (Ve, G)<br \/>\nPerunamuusi (L, G)<br \/>\nRiisi (Ve, G)<\/p>\n<p>&nbsp;<\/p>\n<h4>keskiviikko 22.4.2026<\/h4>\n<p>P\u00e4iv\u00e4n keitto: Mausteinen jauhelihakeitto (M, G)<br \/>\nTempuraturska (L) Sitruuna-aioli (L, G)<br \/>\nUunimakkara (L, G)<br \/>\nTofu red curry (Ve, G)<br \/>\nKermaperunat (L, G)<br \/>\nRiisi (Ve, G)<\/p>\n<p>&nbsp;<\/p>\n<p>&nbsp;<\/p>\n<h4>TORSTAI 23.4.2026<\/h4>\n<p>P\u00e4iv\u00e4n keitto: Hernekeitto (M, G), pannukakkua (L)<br \/>\nPaistetut porsaanfilepihvit ja kermakastike (L, G)<br \/>\nBroileria vihre\u00e4ll\u00e4 currylla (M, G)<br \/>\nVegaaninen sataykastike (Ve, sis. p\u00e4hkin\u00e4\u00e4)<br \/>\nLohkoperunat (L, G)<br \/>\nRiisi (Ve, G)<\/p>\n<p>&nbsp;<\/p>\n<p>&nbsp;<\/p>\n<h4>PERJANTAI 24.4.2026<\/h4>\n<p>P\u00e4iv\u00e4n keitto: Kanakeitto (L, G)<br \/>\nCordon Bleu<br \/>\nSitruuna-aioli (L, G)<br \/>\nLihamureke pippurikastikkeella (L)<br \/>\nVegaaninen rendang (Ve, G)<br \/>\nPerunamuusi (L, G)<br \/>\nRiisi (Ve, G)<\/p>\n<p>&nbsp;<\/p>\n<h4><strong>Viikon leike 14,90 \u20ac:<\/strong><\/h4>\n<p>Floridanleike ranskalaisilla perunoilla (L)<\/p>\n<p>&nbsp;<\/p>\n<p><strong>John Scott&#8217;s Burgeri (L, G pyydett\u00e4ess\u00e4) 13,90\u20ac<\/strong><\/p>\n<p><strong>Fish &amp; Chips (L) 14,90\u20ac<br \/>\n<\/strong><br \/>\n<strong>Keittolounas 11,90\u20ac<\/strong><br \/>\nSis\u00e4lt\u00e4\u00e4 keiton, salaattip\u00f6yd\u00e4n, tuoretta leip\u00e4\u00e4, kahvin tai teen sek\u00e4 veden<\/p>\n<\/div>","protected":false},"excerpt":{"rendered":"<p>John Scott\u2019s Ratinan lounas tarjoaa herkullista pubiruokaa ja monipuolisia lounasvaihtoehtoja Tampereen Ratinassa aivan kaupungin syd\u00e4mess\u00e4. Rentoon lounastunnelmaan yhdistyv\u00e4t maukkaat annokset, viihtyis\u00e4 ymp\u00e4rist\u00f6 ja yst\u00e4v\u00e4llinen palvelu \u2013 t\u00e4ydellinen tauko ty\u00f6p\u00e4iv\u00e4n keskelle tai rento lounas hetki yst\u00e4vien kanssa. Valikoimamme sis\u00e4lt\u00e4\u00e4 klassikoita ja vaihtuvia lounasannoksia, jotka sopivat niin kevyemp\u00e4\u00e4n kuin ruokaisampaankin n\u00e4lk\u00e4\u00e4n. Tutustu lounasvaihtoehtoihin ja tule nauttimaan hyv\u00e4\u00e4 [&hellip;]<\/p>\n","protected":false},"author":23,"featured_media":0,"parent":0,"menu_order":0,"comment_status":"closed","ping_status":"closed","template":"","meta":{"_acf_changed":false,"footnotes":""},"class_list":["post-50","page","type-page","status-publish","hentry"],"acf":[],"_links":{"self":[{"href":"https:\/\/johnscotts.se\/ratina\/wp-json\/wp\/v2\/pages\/50","targetHints":{"allow":["GET"]}}],"collection":[{"href":"https:\/\/johnscotts.se\/ratina\/wp-json\/wp\/v2\/pages"}],"about":[{"href":"https:\/\/johnscotts.se\/ratina\/wp-json\/wp\/v2\/types\/page"}],"author":[{"embeddable":true,"href":"https:\/\/johnscotts.se\/ratina\/wp-json\/wp\/v2\/users\/23"}],"replies":[{"embeddable":true,"href":"https:\/\/johnscotts.se\/ratina\/wp-json\/wp\/v2\/comments?post=50"}],"version-history":[{"count":196,"href":"https:\/\/johnscotts.se\/ratina\/wp-json\/wp\/v2\/pages\/50\/revisions"}],"predecessor-version":[{"id":1329,"href":"https:\/\/johnscotts.se\/ratina\/wp-json\/wp\/v2\/pages\/50\/revisions\/1329"}],"wp:attachment":[{"href":"https:\/\/johnscotts.se\/ratina\/wp-json\/wp\/v2\/media?parent=50"}],"curies":[{"name":"wp","href":"https:\/\/api.w.org\/{rel}","templated":true}]}}