{"id":668,"date":"2025-01-21T13:25:42","date_gmt":"2025-01-21T11:25:42","guid":{"rendered":"https:\/\/johnscotts.se\/ratina\/?page_id=668"},"modified":"2026-03-12T10:40:11","modified_gmt":"2026-03-12T08:40:11","slug":"bar-games","status":"publish","type":"page","link":"https:\/\/johnscotts.se\/ratina\/bar-games\/","title":{"rendered":"Biljardi, Darts &amp; Shuffleboard Tampere | Bar Games \u2013 John Scott\u2019s Ratina"},"content":{"rendered":"<div data-am-content><section class=\"seo-content\">Etsitk\u00f6 paikkaa, jossa voit pelata <strong>biljardia Tampereella<\/strong>,<br \/>\nhaastaa yst\u00e4v\u00e4si <strong>dartsissa<\/strong> tai kokeilla suosittua<br \/>\n<strong>shuffleboardia<\/strong>? John Scott\u2019s Ratina tarjoaa viihtyis\u00e4n<br \/>\npaikan rentoon illanviettoon Tampereen keskustassa. Meill\u00e4 bar games<br \/>\nyhdistyv\u00e4t pubitunnelmaan, hyv\u00e4\u00e4n seuraan sek\u00e4 laadukkaaseen ruoka- ja<br \/>\njuomatarjontaan.<\/p>\n<h2>Biljardi Tampereella pubitunnelmassa<\/h2>\n<p>John Scott\u2019s Ratina on loistava valinta, kun etsit paikkaa pelata<br \/>\n<strong>biljardia Tampereella<\/strong>. Biljardi sopii niin rennoksi<br \/>\najanvietteeksi kuin kisailuun yst\u00e4vien, ty\u00f6kavereiden tai suuremman<br \/>\nporukan kesken. Pubimilj\u00f6\u00f6 tekee pelaamisesta mutkatonta ja viihtyis\u00e4\u00e4,<br \/>\nolitpa liikkeell\u00e4 after workin j\u00e4lkeen tai viikonlopun illanvietossa.<\/p>\n<h2>Darts Tampere \u2013 haastetta ja hauskanpitoa<\/h2>\n<p>Jos etsit paikkaa pelata <strong>dartsia Tampereella<\/strong>, John Scott\u2019s<br \/>\nRatina tarjoaa t\u00e4ydellisen ymp\u00e4rist\u00f6n rentoon kisailuun. Darts on<br \/>\nklassinen pubipeli, joka sopii mainiosti niin aloittelijoille kuin<br \/>\nkokeneemmillekin pelaajille. Kokoa porukka kasaan ja ota mittaa toisistanne<br \/>\nhyv\u00e4ss\u00e4 tunnelmassa.<\/p>\n<h2>Shuffleboard Tampere \u2013 suosittu peli porukalle<\/h2>\n<p><strong>Shuffleboard Tampereella<\/strong> on erinomainen valinta, kun haluat<br \/>\nkokeilla jotain hieman erilaista. T\u00e4m\u00e4 suosittu pubipeli yhdist\u00e4\u00e4 tarkkuuden,<br \/>\ntaktiikan ja hauskan yhdess\u00e4olon. Shuffleboard sopii erityisesti ryhmille,<br \/>\njotka haluavat viett\u00e4\u00e4 aikaa rennosti pelaten ja nauttien pubin tunnelmasta.<\/p>\n<h2>Enemm\u00e4n kuin pelkk\u00e4 pubi<\/h2>\n<p>John Scott\u2019s Ratina ei ole vain paikka peleille, vaan my\u00f6s kohtaamispaikka,<br \/>\njossa yhdistyv\u00e4t hyv\u00e4 tunnelma, laadukkaat juomat ja maukas ruoka. Bar games<br \/>\ntekev\u00e4t illasta el\u00e4myksellisen, olipa kyseess\u00e4 rento arki-ilta, viikonlopun<br \/>\nulosl\u00e4ht\u00f6 tai yhteinen hetki yst\u00e4vien kanssa Tampereella.<\/p>\n<p>Tule kokemaan <strong>biljardi, darts ja shuffleboard Tampereella<\/strong><br \/>\nJohn Scott\u2019s Ratinaan ja viet\u00e4 iltaa pubissa, jossa tekeminen, tunnelma ja<br \/>\nseurustelu kohtaavat.<\/p>\n<\/section>\n<h4>We are much more than just good food and drinks. We have two pool tables, one darts board and this spring we will have also new Shuffleboard.<\/h4>\n<h4>Pool &#8211; 15 \u20ac per hour (Monday to Friday 2-6 pm 5 \u20ac per hour)<\/h4>\n<h4>Darts &#8211;\u00a0 Free<\/h4>\n<h4>Shuffleboard &#8211; 15 \u20ac per hour (Monday to Friday 2-6 pm 5 \u20ac per hour)<\/h4>\n<\/div>","protected":false},"excerpt":{"rendered":"<p>Etsitk\u00f6 paikkaa, jossa voit pelata biljardia Tampereella, haastaa yst\u00e4v\u00e4si dartsissa tai kokeilla suosittua shuffleboardia? John Scott\u2019s Ratina tarjoaa viihtyis\u00e4n paikan rentoon illanviettoon Tampereen keskustassa. Meill\u00e4 bar games yhdistyv\u00e4t pubitunnelmaan, hyv\u00e4\u00e4n seuraan sek\u00e4 laadukkaaseen ruoka- ja juomatarjontaan. Biljardi Tampereella pubitunnelmassa John Scott\u2019s Ratina on loistava valinta, kun etsit paikkaa pelata biljardia Tampereella. Biljardi sopii niin rennoksi [&hellip;]<\/p>\n","protected":false},"author":23,"featured_media":0,"parent":0,"menu_order":0,"comment_status":"closed","ping_status":"closed","template":"","meta":{"_acf_changed":false,"footnotes":""},"class_list":["post-668","page","type-page","status-publish","hentry"],"acf":[],"_links":{"self":[{"href":"https:\/\/johnscotts.se\/ratina\/wp-json\/wp\/v2\/pages\/668","targetHints":{"allow":["GET"]}}],"collection":[{"href":"https:\/\/johnscotts.se\/ratina\/wp-json\/wp\/v2\/pages"}],"about":[{"href":"https:\/\/johnscotts.se\/ratina\/wp-json\/wp\/v2\/types\/page"}],"author":[{"embeddable":true,"href":"https:\/\/johnscotts.se\/ratina\/wp-json\/wp\/v2\/users\/23"}],"replies":[{"embeddable":true,"href":"https:\/\/johnscotts.se\/ratina\/wp-json\/wp\/v2\/comments?post=668"}],"version-history":[{"count":5,"href":"https:\/\/johnscotts.se\/ratina\/wp-json\/wp\/v2\/pages\/668\/revisions"}],"predecessor-version":[{"id":1274,"href":"https:\/\/johnscotts.se\/ratina\/wp-json\/wp\/v2\/pages\/668\/revisions\/1274"}],"wp:attachment":[{"href":"https:\/\/johnscotts.se\/ratina\/wp-json\/wp\/v2\/media?parent=668"}],"curies":[{"name":"wp","href":"https:\/\/api.w.org\/{rel}","templated":true}]}}