{"id":14,"date":"2024-06-19T12:33:05","date_gmt":"2024-06-19T10:33:05","guid":{"rendered":"https:\/\/johnscotts.se\/arkivgatan\/?page_id=14"},"modified":"2024-11-04T12:13:57","modified_gmt":"2024-11-04T11:13:57","slug":"boka-bord","status":"publish","type":"page","link":"https:\/\/johnscotts.se\/twins\/boka-bord\/","title":{"rendered":"Boka bord"},"content":{"rendered":"<div data-am-content><p>&nbsp;<\/p>\n<h2>V\u00e4lkomna TILL JOHN SCOTTS ARKIVGATAN<\/h2>\n<p class=\"preamble\">Ni har alltid m\u00f6jlighet att boka bord innan ni kommer till oss p\u00e5 John Scott\u2019s Arkivgatan.<\/p>\n<p>Boka kan ni g\u00f6ra genom att maila till <a href=\"mailto:arkivgatan@johnscotts.se\">arkivgatan@johnscotts.se<\/a><\/p>\n<p>Uppge namn, telefonnummer, antal personer, datum och tid.<\/p>\n<p>Vi ses!<\/p>\n<p>&nbsp;<\/p>\n<h2><\/h2>\n<\/div>","protected":false},"excerpt":{"rendered":"<p>&nbsp; V\u00e4lkomna TILL JOHN SCOTTS ARKIVGATAN Ni har alltid m\u00f6jlighet att boka bord innan ni kommer till oss p\u00e5 John Scott\u2019s Arkivgatan. Boka kan ni g\u00f6ra genom att maila till arkivgatan@johnscotts.se Uppge namn, telefonnummer, antal personer, datum och tid. Vi ses! &nbsp;<\/p>\n","protected":false},"author":25,"featured_media":0,"parent":0,"menu_order":0,"comment_status":"closed","ping_status":"closed","template":"","meta":{"_acf_changed":false,"footnotes":""},"class_list":["post-14","page","type-page","status-publish","hentry"],"acf":[],"_links":{"self":[{"href":"https:\/\/johnscotts.se\/twins\/wp-json\/wp\/v2\/pages\/14","targetHints":{"allow":["GET"]}}],"collection":[{"href":"https:\/\/johnscotts.se\/twins\/wp-json\/wp\/v2\/pages"}],"about":[{"href":"https:\/\/johnscotts.se\/twins\/wp-json\/wp\/v2\/types\/page"}],"author":[{"embeddable":true,"href":"https:\/\/johnscotts.se\/twins\/wp-json\/wp\/v2\/users\/25"}],"replies":[{"embeddable":true,"href":"https:\/\/johnscotts.se\/twins\/wp-json\/wp\/v2\/comments?post=14"}],"version-history":[{"count":9,"href":"https:\/\/johnscotts.se\/twins\/wp-json\/wp\/v2\/pages\/14\/revisions"}],"predecessor-version":[{"id":83,"href":"https:\/\/johnscotts.se\/twins\/wp-json\/wp\/v2\/pages\/14\/revisions\/83"}],"wp:attachment":[{"href":"https:\/\/johnscotts.se\/twins\/wp-json\/wp\/v2\/media?parent=14"}],"curies":[{"name":"wp","href":"https:\/\/api.w.org\/{rel}","templated":true}]}}