{"id":181,"date":"2025-09-05T10:58:55","date_gmt":"2025-09-05T08:58:55","guid":{"rendered":"https:\/\/johnscotts.se\/twins\/?page_id=181"},"modified":"2025-09-19T12:25:02","modified_gmt":"2025-09-19T10:25:02","slug":"after-work","status":"publish","type":"page","link":"https:\/\/johnscotts.se\/twins\/after-work\/","title":{"rendered":"After work"},"content":{"rendered":"<div data-am-content><h4><strong>Kom till oss p\u00e5 Twins och varva ner efter jobbet. Ta chansen att umg\u00e5s med g\u00f6tt f\u00f6lk, drick en b\u00e4rs och k\u00e4ka mat.<\/strong><\/h4>\n<h4><strong>M\u00e5ndag till fredag fr\u00e5n \u00f6ppning fram tills klockan sl\u00e5r 18.00.<\/strong><\/h4>\n<h4><strong>V\u00e4lkomna.<\/strong><\/h4>\n<p><img loading=\"lazy\" decoding=\"async\" class=\"alignnone  wp-image-238\" src=\"http:\/\/johnscotts.se\/twins\/wp-content\/uploads\/sites\/22\/2025\/09\/Twins-AW-212x300.jpg\" alt=\"\" width=\"718\" height=\"1016\" \/><\/p>\n<p>&nbsp;<\/p>\n<\/div>","protected":false},"excerpt":{"rendered":"<p>Kom till oss p\u00e5 Twins och varva ner efter jobbet. Ta chansen att umg\u00e5s med g\u00f6tt f\u00f6lk, drick en b\u00e4rs och k\u00e4ka mat. M\u00e5ndag till fredag fr\u00e5n \u00f6ppning fram tills klockan sl\u00e5r 18.00. V\u00e4lkomna. &nbsp;<\/p>\n","protected":false},"author":26,"featured_media":0,"parent":0,"menu_order":0,"comment_status":"closed","ping_status":"closed","template":"","meta":{"_acf_changed":false,"footnotes":""},"class_list":["post-181","page","type-page","status-publish","hentry"],"acf":[],"_links":{"self":[{"href":"https:\/\/johnscotts.se\/twins\/wp-json\/wp\/v2\/pages\/181","targetHints":{"allow":["GET"]}}],"collection":[{"href":"https:\/\/johnscotts.se\/twins\/wp-json\/wp\/v2\/pages"}],"about":[{"href":"https:\/\/johnscotts.se\/twins\/wp-json\/wp\/v2\/types\/page"}],"author":[{"embeddable":true,"href":"https:\/\/johnscotts.se\/twins\/wp-json\/wp\/v2\/users\/26"}],"replies":[{"embeddable":true,"href":"https:\/\/johnscotts.se\/twins\/wp-json\/wp\/v2\/comments?post=181"}],"version-history":[{"count":17,"href":"https:\/\/johnscotts.se\/twins\/wp-json\/wp\/v2\/pages\/181\/revisions"}],"predecessor-version":[{"id":239,"href":"https:\/\/johnscotts.se\/twins\/wp-json\/wp\/v2\/pages\/181\/revisions\/239"}],"wp:attachment":[{"href":"https:\/\/johnscotts.se\/twins\/wp-json\/wp\/v2\/media?parent=181"}],"curies":[{"name":"wp","href":"https:\/\/api.w.org\/{rel}","templated":true}]}}