{"id":198,"date":"2025-09-05T11:21:36","date_gmt":"2025-09-05T09:21:36","guid":{"rendered":"https:\/\/johnscotts.se\/twins\/?page_id=198"},"modified":"2026-04-02T12:28:42","modified_gmt":"2026-04-02T10:28:42","slug":"quizskoj","status":"publish","type":"page","link":"https:\/\/johnscotts.se\/twins\/quizskoj\/","title":{"rendered":"Partyquiz p\u00e5 fredagar"},"content":{"rendered":"<div data-am-content><h4>Varje FREDAG klockan 19.00 kommer Tommy-pojken hit och st\u00e4ller fr\u00e5gorna som ni f\u00f6rhoppningsvis kan svara p\u00e5. Och svarar ni alla r\u00e4tt och vinner f\u00e5r ni s\u00e5 klart finfina priser.<\/h4>\n<p><img loading=\"lazy\" decoding=\"async\" class=\"alignnone wp-image-219\" src=\"http:\/\/johnscotts.se\/twins\/wp-content\/uploads\/sites\/22\/2025\/09\/tommypojken-225x300.jpg\" alt=\"\" width=\"200\" height=\"267\" srcset=\"https:\/\/johnscotts.se\/twins\/wp-content\/uploads\/sites\/22\/2025\/09\/tommypojken-225x300.jpg 225w, https:\/\/johnscotts.se\/twins\/wp-content\/uploads\/sites\/22\/2025\/09\/tommypojken-53x70.jpg 53w, https:\/\/johnscotts.se\/twins\/wp-content\/uploads\/sites\/22\/2025\/09\/tommypojken-568x757.jpg 568w, https:\/\/johnscotts.se\/twins\/wp-content\/uploads\/sites\/22\/2025\/09\/tommypojken.jpg 765w\" sizes=\"auto, (max-width: 200px) 100vw, 200px\" \/><\/p>\n<p>We call him Tommy-Pojken.<\/p>\n<h4>MEN, som om detta inte \u00e4r nog: f\u00f6re och efter tommy-pojekns quiz kan du utmana dina polare p\u00e5 mini-pingis, s\u00e4llskapsspel eller varf\u00f6r inte beer pong? Vi har fixat det mesta du beh\u00f6ver f\u00f6r ett trevligt &#8221;i-B\u00f6rjan-av-veckan-h\u00e4ng&#8221;.<\/h4>\n<h4>S\u00e5 kom och umg\u00e5s, spela s\u00e4llskapsspel och mys med oss p\u00e5 varje fredag.<\/h4>\n<h4>Twins \u00f6ppnar klockan 15.00 och quizstart \u00e4r klockan 19.00.<\/h4>\n<p>Boka g\u00e4rna bord s\u00e5 du f\u00e5r plats p\u00e5 quizen. Mejla oss p\u00e5 <a href=\"mailto:arkivgatan@johnscotts.se\">arkivgatan@johnscotts.se<\/a> s\u00e5 l\u00f6ser vi plats.<\/p>\n<p>&nbsp;<\/p>\n<h4><\/h4>\n<\/div>","protected":false},"excerpt":{"rendered":"<p>Varje FREDAG klockan 19.00 kommer Tommy-pojken hit och st\u00e4ller fr\u00e5gorna som ni f\u00f6rhoppningsvis kan svara p\u00e5. Och svarar ni alla r\u00e4tt och vinner f\u00e5r ni s\u00e5 klart finfina priser. We call him Tommy-Pojken. MEN, som om detta inte \u00e4r nog: f\u00f6re och efter tommy-pojekns quiz kan du utmana dina polare p\u00e5 mini-pingis, s\u00e4llskapsspel eller varf\u00f6r [&hellip;]<\/p>\n","protected":false},"author":26,"featured_media":0,"parent":0,"menu_order":0,"comment_status":"closed","ping_status":"closed","template":"","meta":{"_acf_changed":false,"footnotes":""},"class_list":["post-198","page","type-page","status-publish","hentry"],"acf":[],"_links":{"self":[{"href":"https:\/\/johnscotts.se\/twins\/wp-json\/wp\/v2\/pages\/198","targetHints":{"allow":["GET"]}}],"collection":[{"href":"https:\/\/johnscotts.se\/twins\/wp-json\/wp\/v2\/pages"}],"about":[{"href":"https:\/\/johnscotts.se\/twins\/wp-json\/wp\/v2\/types\/page"}],"author":[{"embeddable":true,"href":"https:\/\/johnscotts.se\/twins\/wp-json\/wp\/v2\/users\/26"}],"replies":[{"embeddable":true,"href":"https:\/\/johnscotts.se\/twins\/wp-json\/wp\/v2\/comments?post=198"}],"version-history":[{"count":20,"href":"https:\/\/johnscotts.se\/twins\/wp-json\/wp\/v2\/pages\/198\/revisions"}],"predecessor-version":[{"id":356,"href":"https:\/\/johnscotts.se\/twins\/wp-json\/wp\/v2\/pages\/198\/revisions\/356"}],"wp:attachment":[{"href":"https:\/\/johnscotts.se\/twins\/wp-json\/wp\/v2\/media?parent=198"}],"curies":[{"name":"wp","href":"https:\/\/api.w.org\/{rel}","templated":true}]}}