{"id":267,"date":"2026-01-09T11:52:42","date_gmt":"2026-01-09T10:52:42","guid":{"rendered":"https:\/\/johnscotts.se\/twins\/?page_id=267"},"modified":"2026-01-09T15:46:17","modified_gmt":"2026-01-09T14:46:17","slug":"handbolls-em-os-pa-twins","status":"publish","type":"page","link":"https:\/\/johnscotts.se\/twins\/handbolls-em-os-pa-twins\/","title":{"rendered":"Handbolls-EM &amp; OS p\u00e5 Twins"},"content":{"rendered":"<div data-am-content><h4>N\u00e4r vintern \u00e4r som tr\u00e5kigast satsar vi \u00e4nnu mer p\u00e5 sport. Under de kommande m\u00e5naderna visa vi Sveriges fr\u00e4msta idrottares v\u00e4g mot, f\u00f6rhoppningsvis, massor av medaljer. F\u00f6rst ut \u00e4r handbolls-EM f\u00f6r herrarna vars f\u00f6rsta match \u00e4r den 17 januari.<\/h4>\n<h4>H\u00e5ll utkik p\u00e5 v\u00e5r webbsida f\u00f6r matchtider.<\/h4>\n<h4>Och s\u00e5 klart: vinter-OS fr\u00e5n Milano Cortina kan du se hos oss. Vi f\u00f6ljer de svenska idrottarna och de st\u00f6rsta idrotterna. \u00c5terigen &#8211; h\u00e5ll utkik p\u00e5 webben f\u00f6r att se om n\u00e5got kan passa dig.<\/h4>\n<h4>de olympiska vinterspelen drar ig\u00e5ng den 4 februari och p\u00e5g\u00e5r till och med den 22 februari.<\/h4>\n<h4>V\u00e4lkomna till oss. Vi \u00e4lskar sport och Sofiero.<\/h4>\n<\/div>","protected":false},"excerpt":{"rendered":"<p>N\u00e4r vintern \u00e4r som tr\u00e5kigast satsar vi \u00e4nnu mer p\u00e5 sport. Under de kommande m\u00e5naderna visa vi Sveriges fr\u00e4msta idrottares v\u00e4g mot, f\u00f6rhoppningsvis, massor av medaljer. F\u00f6rst ut \u00e4r handbolls-EM f\u00f6r herrarna vars f\u00f6rsta match \u00e4r den 17 januari. H\u00e5ll utkik p\u00e5 v\u00e5r webbsida f\u00f6r matchtider. Och s\u00e5 klart: vinter-OS fr\u00e5n Milano Cortina kan du [&hellip;]<\/p>\n","protected":false},"author":26,"featured_media":0,"parent":0,"menu_order":0,"comment_status":"closed","ping_status":"closed","template":"","meta":{"_acf_changed":false,"footnotes":""},"class_list":["post-267","page","type-page","status-publish","hentry"],"acf":[],"_links":{"self":[{"href":"https:\/\/johnscotts.se\/twins\/wp-json\/wp\/v2\/pages\/267","targetHints":{"allow":["GET"]}}],"collection":[{"href":"https:\/\/johnscotts.se\/twins\/wp-json\/wp\/v2\/pages"}],"about":[{"href":"https:\/\/johnscotts.se\/twins\/wp-json\/wp\/v2\/types\/page"}],"author":[{"embeddable":true,"href":"https:\/\/johnscotts.se\/twins\/wp-json\/wp\/v2\/users\/26"}],"replies":[{"embeddable":true,"href":"https:\/\/johnscotts.se\/twins\/wp-json\/wp\/v2\/comments?post=267"}],"version-history":[{"count":5,"href":"https:\/\/johnscotts.se\/twins\/wp-json\/wp\/v2\/pages\/267\/revisions"}],"predecessor-version":[{"id":282,"href":"https:\/\/johnscotts.se\/twins\/wp-json\/wp\/v2\/pages\/267\/revisions\/282"}],"wp:attachment":[{"href":"https:\/\/johnscotts.se\/twins\/wp-json\/wp\/v2\/media?parent=267"}],"curies":[{"name":"wp","href":"https:\/\/api.w.org\/{rel}","templated":true}]}}