{"id":357,"date":"2026-04-02T12:41:35","date_gmt":"2026-04-02T10:41:35","guid":{"rendered":"https:\/\/johnscotts.se\/twins\/?page_id=357"},"modified":"2026-04-07T11:52:53","modified_gmt":"2026-04-07T09:52:53","slug":"se-ifks-allsvenskapremiar","status":"publish","type":"page","link":"https:\/\/johnscotts.se\/twins\/se-ifks-allsvenskapremiar\/","title":{"rendered":"Allsvenskan 2026"},"content":{"rendered":"<div data-am-content><h4>ifk-laget p\u00e5 bilden vann allsvenskan 1958 och nu \u00e4r fr\u00e5gan vem som tar hem pokalen 2026? vill du veta hur det g\u00e5r? jamen, f\u00f6lj d\u00e5 allsvenskan hos oss p\u00e5 twins.<\/h4>\n<h4>vi kommer att visa s\u00e5 m\u00e5nga matcher som m\u00f6jligt och sj\u00e4lvklart med fokus p\u00e5 v\u00e5ra lag fr\u00e5n Gbg. H\u00e5ll utkik i v\u00e5rt sportkalendarium samt p\u00e5 v\u00e5ra sociala medier s\u00e5 f\u00e5r du koll p\u00e5 exakt vilka matcher vi visar och n\u00e4r vi visar dem.<\/h4>\n<h4>V\u00e4lkomna!<\/h4>\n<p>Vill du vara smartast av alla s\u00e5 bokar du bord. Mejla oss p\u00e5 <a href=\"mailto:arkivgatan@johnscotts.se\">arkivgatan@johnscotts.se<\/a> s\u00e5 l\u00f6ser vi n\u00e5got bra.<\/p>\n<\/div>","protected":false},"excerpt":{"rendered":"<p>ifk-laget p\u00e5 bilden vann allsvenskan 1958 och nu \u00e4r fr\u00e5gan vem som tar hem pokalen 2026? vill du veta hur det g\u00e5r? jamen, f\u00f6lj d\u00e5 allsvenskan hos oss p\u00e5 twins. vi kommer att visa s\u00e5 m\u00e5nga matcher som m\u00f6jligt och sj\u00e4lvklart med fokus p\u00e5 v\u00e5ra lag fr\u00e5n Gbg. H\u00e5ll utkik i v\u00e5rt sportkalendarium samt p\u00e5 [&hellip;]<\/p>\n","protected":false},"author":26,"featured_media":0,"parent":0,"menu_order":0,"comment_status":"closed","ping_status":"closed","template":"","meta":{"_acf_changed":false,"footnotes":""},"class_list":["post-357","page","type-page","status-publish","hentry"],"acf":[],"_links":{"self":[{"href":"https:\/\/johnscotts.se\/twins\/wp-json\/wp\/v2\/pages\/357","targetHints":{"allow":["GET"]}}],"collection":[{"href":"https:\/\/johnscotts.se\/twins\/wp-json\/wp\/v2\/pages"}],"about":[{"href":"https:\/\/johnscotts.se\/twins\/wp-json\/wp\/v2\/types\/page"}],"author":[{"embeddable":true,"href":"https:\/\/johnscotts.se\/twins\/wp-json\/wp\/v2\/users\/26"}],"replies":[{"embeddable":true,"href":"https:\/\/johnscotts.se\/twins\/wp-json\/wp\/v2\/comments?post=357"}],"version-history":[{"count":6,"href":"https:\/\/johnscotts.se\/twins\/wp-json\/wp\/v2\/pages\/357\/revisions"}],"predecessor-version":[{"id":373,"href":"https:\/\/johnscotts.se\/twins\/wp-json\/wp\/v2\/pages\/357\/revisions\/373"}],"wp:attachment":[{"href":"https:\/\/johnscotts.se\/twins\/wp-json\/wp\/v2\/media?parent=357"}],"curies":[{"name":"wp","href":"https:\/\/api.w.org\/{rel}","templated":true}]}}